{"id":1197,"date":"2024-03-20T10:37:20","date_gmt":"2024-03-20T09:37:20","guid":{"rendered":"https:\/\/www.servaigua.com\/?page_id=1197"},"modified":"2025-05-16T09:47:36","modified_gmt":"2025-05-16T07:47:36","slug":"politica-proteccion-datos","status":"publish","type":"page","link":"https:\/\/www.servaigua.com\/es\/politica-proteccion-datos\/","title":{"rendered":"Pol\u00edtica protecci\u00f3n datos datos de clientes y usuarios del servicio"},"content":{"rendered":"<div class=\"wpb-content-wrapper\"><p>[vc_row css_animation=\u00bb\u00bb row_type=\u00bbrow\u00bb use_row_as_full_screen_section=\u00bbno\u00bb type=\u00bbfull_width\u00bb angled_section=\u00bbno\u00bb text_align=\u00bbleft\u00bb background_image_as_pattern=\u00bbwithout_pattern\u00bb css=\u00bb.vc_custom_1747302038375{margin-bottom: 60px !important;}\u00bb z_index=\u00bb\u00bb][vc_column][vc_column_text css=\u00bb\u00bb]<\/p>\n<h2 style=\"margin-bottom: 30px;\">Pol\u00edtica de Protecci\u00f3n de Datos de Clientes y Usuarios del Servicio de Alquiler de Gesti\u00f3n de Contadores de Serveis de l\u2019Aigua S.A.<\/h2>\n<p>Esta Pol\u00edtica de Privacidad tiene por objeto dar a conocer el modo en que obtenemos, tratamos y protegemos los datos personales de nuestros clientes del servicio de alquiler y gesti\u00f3n de contadores, y de aquellas personas que se ponen en contacto con la compa\u00f1\u00eda en relaci\u00f3n con los mismos, y en este sentido, la presente Pol\u00edtica resulta aplicable, a:<\/p>\n<ol style=\"padding-left: 30px; color: #000; font-size: 16px; font-family='open sans'!important;font-weight: 500; padding-top: 20px; padding-bottom: 30px;\">\n<li>Personas que mantienen un contrato de mantenimiento o arrendamiento de equipos de medida con SERVAIGUA para la prestaci\u00f3n de alg\u00fan servicio. Cliente del servicio de contadores.<\/li>\n<li>Personas que contactan con SERVAIGUA para realizar gestiones precontractuales (solicitar un alta o solicitar una portabilidad).<\/li>\n<li>Personas que contactan con SERVAIGUA para informar incidencias del servicio, realizar consultas, formular quejas o reclamaciones de cualquier tipo sin mantener una relaci\u00f3n contractual con esta entidad (por ejemplo, hacer una consulta sobre condiciones generales del servicio, etc.).<\/li>\n<li>Finalmente, tambi\u00e9n hace referencia a aquellas personas, terceros distintos del cliente, cuyos datos figuran en un contrato por haber sido informados por el propio cliente o por el propio interesado, como, por ejemplo, autorizados por el titular para realizar gestiones en el contrato, como contacto para notificaciones, o aquellos cuyas se\u00f1as de cobro est\u00e1n indicadas en el contrato para el pago de recibo.<\/li>\n<\/ol>\n<p>La web tiene su propia <span style=\"text-decoration: underline!important;\"><a href=\"https:\/\/www.servaigua.com\/politica-de-privacidad\/\">Pol\u00edtica de Privacidad de la Web<\/a><\/span> que puede consultar en el siguiente enlace.<\/p>\n<h3 style=\"margin-top: 30px;\">1. \u00bfQui\u00e9n es el responsable de los datos que facilita?<\/h3>\n<p>El responsable del tratamiento de los datos personales es <strong>Serveis de l\u2019Aigua S.A.<\/strong> (en adelante resumidamente \u201c<strong>Servaigua<\/strong>\u201d) con domicilio en c\/ Nord 78 de Terrassa (Barcelona) y CIF n\u00famero A58091794.<\/p>\n<h3 style=\"margin-top: 30px;\">2. \u00bfQu\u00e9 tipo de datos recoge SERVAIGUA?<\/h3>\n<p>Seg\u00fan la gesti\u00f3n que realice, SERVAIGUA tratar\u00e1 las siguientes categor\u00edas de datos de car\u00e1cter personal:<\/p>\n<ol style=\"padding-left: 30px; color: #000; font-size: 16px; font-family='open sans'!important;font-weight: 500; padding-top: 20px; padding-bottom: 30px;\">\n<li><strong>Datos identificativos y de contacto:<\/strong>\n<ul>\n<li>Datos identificativos y de contacto: Nombre, apellidos, DNI, tel\u00e9fono fijo o m\u00f3vil, correo electr\u00f3nico, direcci\u00f3n, documentos acreditativos de la identidad, documentos acreditativos de apoderamiento, protocolos notariales, cargo, empresa y datos de contacto profesional. Algunos datos acreditativos solo ser\u00e1n precisos para llevar a cabo gestiones espec\u00edficas.<\/li>\n<li>Informaci\u00f3n sobre el punto de suministro para el que se gestiona o se pretende gestionar un contrato de mantenimiento o arrendamiento de equipos de medida: Direcci\u00f3n del punto de suministro.<\/li>\n<\/ul>\n<\/li>\n<li><strong>Datos econ\u00f3micos y de facturaci\u00f3n:<\/strong> se\u00f1as bancarias facilitados por el cliente o por persona autorizada, n\u00ba de factura, importe de facturas y deuda.<\/li>\n<li><strong>Distintos datos facilitados voluntariamente por Ud.<\/strong> al ponerse en contacto con nosotros por cualquier motivo (efectuar una reclamaci\u00f3n, realizar consultas, solicitar la aplicaci\u00f3n de ayudas o bonificaciones sociales cuando proceda en supuestos de vulnerabilidad, comunicaci\u00f3n de circunstancias familiares, u otras circunstancias que nos exponga voluntariamente).<\/li>\n<li><strong>Datos de terceras personas<\/strong> que el cliente o el mismo tercero facilitan voluntariamente a SERVAIGUA y que quedar\u00e1n integrados en el expediente de contrato. Datos de contacto de un tercero para notificaciones, datos de terceros que son autorizados por el cliente para realizar gestiones diversas en su nombre en realizaci\u00f3n con su contrato, documentaci\u00f3n p\u00fablica.En el caso de que los datos personales aportados pertenecieran a un tercero, quien los facilita garantiza que ha informado a dicho tercero de esta Pol\u00edtica de Privacidad y ha obtenido su autorizaci\u00f3n para facilitar sus datos a SERVAIGUA con las finalidades se\u00f1aladas. Igualmente garantiza que los datos aportados son exactos y actualizados, siendo responsable de cualquier da\u00f1o o perjuicio, directo o indirecto, que pudiera ocasionarse como consecuencia del incumplimiento de tal obligaci\u00f3n.Los datos a los que hemos hecho referencia hasta el momento pueden pertenecer al titular del suministro, al consumidor o a terceros autorizados.<\/li>\n<li><strong>Datos de acceso y de conexi\u00f3n a la Oficina Virtual:<\/strong> credenciales, direcci\u00f3n IP, tipo e ID del dispositivo, tipo e idioma del navegador, dominio a trav\u00e9s del cual se accede al Sitio Web, informaci\u00f3n de exploraci\u00f3n, actividad en el Sitio Web, y cookies. Puede consultar m\u00e1s informaci\u00f3n sobre cookies en nuestra <span style=\"text-decoration: underline;\"><a href=\"https:\/\/www.servaigua.com\/politica-de-cookies-eu\/\">Pol\u00edtica de Cookies<\/a><\/span>.<br \/>\nCuando le solicitemos datos personales por medio de formularios web para tramitar su solicitud, marcaremos con un asterisco los datos estrictamente necesarios para llevar a cabo las gestiones. Si no nos facilita esos datos, no podr\u00e1 continuar la tramitaci\u00f3n de la gesti\u00f3n que vaya a realizar.SERVAIGUA podr\u00e1 recoger estos datos directamente del interesado o a trav\u00e9s de un tercero autorizado (empresa suministradora del servicio municipal de abastecimiento domiciliario de agua, etc.)<\/li>\n<\/ol>\n<p>SERVAIGUA podr\u00e1 recoger estos datos directamente del interesado o a trav\u00e9s de un tercero autorizado (empresa suministradora del servicio municipal de abastecimiento domiciliario de agua, etc.).<\/p>\n<h3 style=\"margin-top: 30px;\">3. \u00bfQu\u00e9 medidas de seguridad se han implantado para proteger los datos personales?<\/h3>\n<p>SERVAIGUA tratar\u00e1 los datos personales de manera absolutamente confidencial. Asimismo, ha implantado medidas t\u00e9cnicas y organizativas adecuadas para garantizar la seguridad de los mismos y evitar su destrucci\u00f3n, p\u00e9rdida, acceso il\u00edcito o alteraci\u00f3n il\u00edcita. A la hora de determinar estas medidas, se han tenido en cuenta criterios como el alcance, el contexto y los fines del tratamiento, el estado de la t\u00e9cnica y los riesgos existentes.<\/p>\n<h3 style=\"margin-top: 30px;\">4. Tr\u00e1mites realizados por un tercero o en nombre de una empresa y por Administradores de Fincas<\/h3>\n<p>Como norma general, todos los tr\u00e1mites y gestiones que conlleven un tratamiento de datos personales se realizar\u00e1n por una persona en su propio nombre y en este caso facilitar\u00e1 \u00fanicamente datos personales de los que es titular. No obstante, se admitir\u00e1 que el Usuario facilite datos de un tercero siempre que (i) haya obtenido los datos de forma l\u00edcita; (ii) haya informado al afectado, cuando proceda, del tr\u00e1mite o consulta que va a realizar, y (iii) cuente con un inter\u00e9s leg\u00edtimo para llevar a cabo la gesti\u00f3n que inicia. En este sentido, se podr\u00e1n efectuar gestiones en nombre de terceros en el caso de:<\/p>\n<ul style=\"padding-left: 30px; color: #000; font-size: 16px; font-family='open sans'!important;font-weight: 500; padding-top: 20px; padding-bottom: 30px;\">\n<li>Persona con autorizaci\u00f3n expresa del titular.<\/li>\n<li>Representantes o personas de contacto de personas jur\u00eddicas que act\u00faen en nombre de estas.<\/li>\n<li>Administradores de Fincas debidamente colegiados, actuando en nombre de comunidades de propietarios y otros clientes.<\/li>\n<\/ul>\n<p>Los datos personales de los representantes, personas de contacto y Administradores de Fincas se tratar\u00e1n, en base al inter\u00e9s leg\u00edtimo (de acuerdo con lo dispuesto en el art\u00edculo 19 de la Ley Org\u00e1nica 3\/2018), con la \u00fanica finalidad de gestionar la petici\u00f3n efectuada en nombre de un tercero.<\/p>\n<h3 style=\"margin-top: 30px;\">5. \u00bfPara qu\u00e9 utilizamos sus datos personales y cu\u00e1l es la base de legitimaci\u00f3n?<\/h3>\n<p>Trataremos las categor\u00edas de datos indicadas en el apartado 2 de esta Pol\u00edtica, para las finalidades y con base legitimadora que se indica a continuaci\u00f3n:<\/p>\n<ul style=\"padding-left: 30px; color: #000; font-size: 16px; font-family='open sans'!important;font-weight: 500; padding-top: 20px; padding-bottom: 30px;\">\n<li>Utilizaremos sus datos identificativos y de contacto, sus datos econ\u00f3micos y de facturaci\u00f3n, y datos t\u00e9cnicos del servicio contratado, as\u00ed como distintos datos facilitados voluntariamente por Ud. al ponerse en contacto con nosotros y los datos de terceras personas que usted o el mismo tercero hayan facilitado y que est\u00e1n integrados en el expediente de contrato, as\u00ed como los datos de acceso y de conexi\u00f3n a la Oficina Virtual, para gestionar el servicio de mantenimiento o arrendamiento de equipos de medida: atenci\u00f3n de las distintas solicitudes en relaci\u00f3n con los servicios prestados (alta, baja, cambio de titularidad, cumplimentaci\u00f3n y firma de documentaci\u00f3n), incidencias, emisi\u00f3n de facturas, cobro de facturas, rectificaci\u00f3n de facturas, servicio de atenci\u00f3n al cliente, incluida la grabaci\u00f3n de las llamadas telef\u00f3nicas, tramitaci\u00f3n de gestiones administrativas, incluidas las necesarias para mantener la exactitud de los datos, las relacionadas con el impago del servicio, y las necesarias para el mantenimiento del servicio. La base legitimadora de este tratamiento es la ejecuci\u00f3n de un contrato en el que el interesado es parte o para la aplicaci\u00f3n a petici\u00f3n de este de medidas precontractuales.<\/li>\n<li>Utilizaremos sus datos identificativos y de contacto , sus datos econ\u00f3micos y de facturaci\u00f3n, o y datos t\u00e9cnicos del servicio contratado, as\u00ed como distintos datos facilitados voluntariamente por Ud. al ponerse en contacto con nosotros, as\u00ed como los datos de terceras personas que usted o el mismo tercero hayan facilitado y que est\u00e1n integrados en el expediente de contrato para atender las solicitudes que voluntariamente nos efect\u00fae como cliente (reclamaciones, consultas de dudas, aplicaci\u00f3n de ayudas o bonificaciones sociales cuando proceda en supuestos de vulnerabilidad, u otros). La base legitimadora es la ejecuci\u00f3n del contrato, cuando las solicitudes est\u00e9n vinculadas a servicios contratados.<\/li>\n<li>Utilizaremos sus datos identificativos y de contacto para ofrecerle o remitirle, incluso por medios electr\u00f3nicos, comunicaciones promocionales sobre los productos y servicios que comercializa y eventos que organiza SERVAIGUA y\/o el Grupo empresarial al que pertenece, siempre que nos otorgue su consentimiento. La base legitimadora es el consentimiento otorgado por el cliente. Ud. podr\u00e1 revocar su consentimiento en cualquier momento.<\/li>\n<\/ul>\n<h3 style=\"margin-top: 30px;\">6. \u00bfQui\u00e9nes pueden acceder a sus datos personales?<\/h3>\n<p>SERVAIGUA cuenta con prestadores de servicios (empresas del grupo empresarial al que pertenece SERVAIGUA y proveedores externos) para la realizaci\u00f3n de algunas tareas propias del contrato (proveedores de servicios tecnol\u00f3gicos, soporte en la atenci\u00f3n al cliente, asesor\u00eda jur\u00eddica, impresi\u00f3n ensobrado y remisi\u00f3n de facturas, almacenamiento y destrucci\u00f3n de archivos f\u00edsicos, entre otros) que en su caso deber\u00e1n acceder a sus datos para poder realizar los servicios concertados. Estos prestadores tendr\u00e1n la condici\u00f3n de Encargados del tratamiento de acuerdo con la LO 3\/2018, de Protecci\u00f3n de Datos Personales y garant\u00eda de los derechos digitales, y \u00fanicamente tratar\u00e1n los datos personales conforme a las instrucciones de SERVAIGUA. Estos Encargados en ning\u00fan caso utilizar\u00e1n los datos personales del Usuario para fines propios o diferentes a los detallados en esta Pol\u00edtica.<\/p>\n<p>Algunos de nuestros proveedores est\u00e1n ubicados en pa\u00edses situados fuera del Espacio Econ\u00f3mico Europeo (EEE) o, estando ubicadas en EEE, comparten la informaci\u00f3n con otras entidades ubicadas fuera de dicho territorio. SERVAIGUA garantiza que:<\/p>\n<ul style=\"padding-left: 30px; color: #000; font-size: 16px; font-family='open sans'!important;font-weight: 500; padding-top: 20px; padding-bottom: 30px;\">\n<li>Las transferencias se realizan a pa\u00edses respecto de los que la Comisi\u00f3n Europea ha declarado que proporcionan un nivel de protecci\u00f3n equiparable al europeo.<\/li>\n<li>En ausencia de dicha declaraci\u00f3n de adecuaci\u00f3n se han firmado las Cl\u00e1usulas Contractuales Tipo aprobadas por la Comisi\u00f3n. Puede consultar esta informaci\u00f3n en la p\u00e1gina de la AEPD: <a href=\"https:\/\/www.aepd.es\/es\/derechos-y-deberes\/cumple-tus-deberes\/medidas-de-cumplimiento\/transferencias-internacionales\" target=\"_blank\" rel=\"noopener\">https:\/\/www.aepd.es\/es\/derechos-y-deberes\/cumple-tus-deberes\/medidas-de-cumplimiento\/transferencias-internacionales<\/a><\/li>\n<\/ul>\n<p>Para m\u00e1s informaci\u00f3n sobre esta materia, contacte con el Delegado de Protecci\u00f3n de datos de SERVAIGUA por alguno de los medios indicados en esta Pol\u00edtica.<\/p>\n<h3 style=\"margin-top: 30px; padding-left: -30px;\">7. \u00bfA qui\u00e9n comunicamos sus datos?<\/h3>\n<p>SERVAIGUA puede venir obligada a comunicar datos de usuarios, se trate o no de clientes, a las Administraciones titulares de servicios o de conceptos tributarios asociados a los servicios que se prestan, o cuando la comunicaci\u00f3n resulte necesaria para atender a un requerimiento de las Fuerzas y Cuerpos de Seguridad del Estado o de otra Administraci\u00f3n, as\u00ed como cuando sea necesario para gestionar judicialmente alguna cuesti\u00f3n relacionada con el servicio.<\/p>\n<p>SERVAIGUA tambi\u00e9n puede estar obligada, por disposici\u00f3n legal, a comunicar los datos personales de los clientes del servicio a TERRASSA CICLE DE L\u2019AIGUA EPEL (TAIGUA), para la adecuada gesti\u00f3n de su contrato de suministro en base a lo estipulado en el Reglamento del Servicio.<\/p>\n<p>A empresas del Grupo empresarial al que pertenece la sociedad, en base al inter\u00e9s leg\u00edtimo, para fines puramente administrativos.<br \/>\nEn otros supuestos, si fuera preciso comunicar sus datos a terceros, solicitar\u00edamos previamente su consentimiento expreso y le informar\u00edamos de la finalidad del tratamiento, de los datos objeto de comunicaci\u00f3n, as\u00ed como de la identidad de los destinatarios de sus datos personales.<\/p>\n<h3 style=\"margin-top: 30px;\">8. \u00bfPor cu\u00e1nto tiempo conservamos sus datos?<\/h3>\n<p>Sus datos personales ser\u00e1n conservados por el tiempo necesario para cumplir con las finalidades descritas. Posteriormente, se conservar\u00e1n bloqueados para responder de eventuales responsabilidades legales. Transcurrido este periodo sus datos ser\u00e1n eliminados de forma definitiva.<\/p>\n<h3 style=\"margin-top: 30px;\">9. \u00bfCu\u00e1les son sus derechos en materia de protecci\u00f3n de datos y c\u00f3mo puede ejercitarlos?<\/h3>\n<p>La Ley le reconoce los siguientes derechos en materia de protecci\u00f3n de datos:<\/p>\n<p>&nbsp;<\/p>\n<table style=\"padding-left: 30px; color: #000; font-size: 16px; text-align: left; font-family='open sans'!important;font-weight: 500; padding-top: 20px; padding-bottom: 30px; border: 1px;\">\n<thead>\n<tr>\n<th style=\"text-align: left;\">DERECHO<\/th>\n<th style=\"text-align: left;\">CONTENIDO<\/th>\n<\/tr>\n<\/thead>\n<tbody>\n<tr>\n<td style=\"text-align: left;\">Acceso<\/td>\n<td style=\"text-align: left;\">Podr\u00e1 consultar sus datos personales incluidos en las bases de datos de SERVAIGUA.<\/td>\n<\/tr>\n<tr>\n<td style=\"text-align: left;\">Rectificaci\u00f3n<\/td>\n<td style=\"text-align: left;\">Podr\u00e1 modificar sus datos personales cuando sean inexactos o incompletos.<\/td>\n<\/tr>\n<tr>\n<td style=\"text-align: left;\">Supresi\u00f3n<\/td>\n<td style=\"text-align: left;\">Podr\u00e1 solicitar que eliminemos sus datos personales.<\/td>\n<\/tr>\n<tr>\n<td style=\"text-align: left;\">Oposici\u00f3n<\/td>\n<td style=\"text-align: left;\">Podr\u00e1 oponerse al tratamiento de sus datos personales para las finalidades basadas en el inter\u00e9s p\u00fablico o en el inter\u00e9s leg\u00edtimo.<\/td>\n<\/tr>\n<tr>\n<td style=\"text-align: left;\">Limitaci\u00f3n del tratamiento<\/td>\n<td style=\"text-align: left;\">Podr\u00e1 solicitar la limitaci\u00f3n al tratamiento de sus datos en los siguientes casos:<br \/>\n&#8211; Mientras se comprueba la impugnaci\u00f3n de la exactitud de sus datos.<br \/>\n&#8211; Cuando el tratamiento es il\u00edcito, pero Ud. se opone a la supresi\u00f3n de sus datos.<br \/>\n&#8211; Cuando SERVAIGUA no necesite tratar sus datos, pero Ud. los necesite para el ejercicio o la defensa de reclamaciones.<br \/>\n&#8211; Cuando Ud. se haya opuesto al tratamiento de sus datos para el cumplimiento de una misi\u00f3n en inter\u00e9s p\u00fablico o para la satisfacci\u00f3n de un inter\u00e9s leg\u00edtimo, mientras se verifica si los motivos leg\u00edtimos para el tratamiento prevalecen sobre los suyos.<\/td>\n<\/tr>\n<tr>\n<td style=\"text-align: left;\">Portabilidad<\/td>\n<td style=\"text-align: left;\">Podr\u00e1 recibir, en formato electr\u00f3nico, los datos personales que nos haya facilitado, as\u00ed como a transmitirlos a otro Responsable del Tratamiento.<\/td>\n<\/tr>\n<\/tbody>\n<\/table>\n<p>Recuerde que, adem\u00e1s, para los tratamientos para los que haya otorgado su consentimiento, podr\u00e1 Ud. retirarlo en cualquier momento.<br \/>\nPara ejercer los anteriores derechos, o revocar el consentimiento prestado, bastar\u00e1 con que nos env\u00ede su solicitud por cualquiera de los siguientes medios:<\/p>\n<ul style=\"padding-left: 30px; color: #000; font-size: 16px; font-family='open sans'!important;font-weight: 500; padding-top: 20px; padding-bottom: 30px;\">\n<li>Por correo postal a la direcci\u00f3n: <a href=\"mailto:protecciondatos@aiguesdeterrassa.net\">protecciondatos@aiguesdeterrassa.net<\/a><\/li>\n<li>A trav\u00e9s del contacta de la web: <a href=\"https:\/\/www.servaigua.com\/contacte\/\">https:\/\/www.servaigua.com\/contacte\/<\/a><\/li>\n<\/ul>\n<p>El solicitante deber\u00e1 estar suficientemente identificado en la solicitud. Cuando el responsable del tratamiento tenga dudas razonables en relaci\u00f3n con la identidad de la persona f\u00edsica que cursa la solicitud, podr\u00e1 solicitar que facilite la informaci\u00f3n adicional necesaria para confirmar su identidad. En caso de que se act\u00fae a trav\u00e9s de representaci\u00f3n legal deber\u00e1 aportarse, adem\u00e1s, DNI y documento acreditativo de la representaci\u00f3n del representante.<\/p>\n<p>En todo caso, como afectado o interesado, usted tambi\u00e9n puede presentar las denuncias que considere oportunas ante la Agenda Espa\u00f1ola de Protecci\u00f3n de Datos.<\/p>\n<p>Adicionalmente SERVAIGUA ha nombrado un Delegado de Protecci\u00f3n de Datos con quien puede contactar si tiene cualquier duda o queja en materia de protecci\u00f3n de datos. Su reclamaci\u00f3n se investigar\u00e1 de forma confidencial.<\/p>\n<p>Puede contactar con nuestro Delegado de Protecci\u00f3n de Datos enviando un email a <a href=\"mailto:protecciondatos@aiguesdeterrassa.net\">protecciondatos@aiguesdeterrassa.net<\/a>, o por correo postal en la direcci\u00f3n, c\/ Nord 78 de Terrassa (Barcelona), indicando en el sobre <em>\u201cA la atenci\u00f3n del delegado de protecci\u00f3n de datos de Servaigua\u201d<\/em>.[\/vc_column_text][\/vc_column][\/vc_row]<\/p>\n<\/div>","protected":false},"excerpt":{"rendered":"<p>[vc_row css_animation=\u00bb\u00bb row_type=\u00bbrow\u00bb use_row_as_full_screen_section=\u00bbno\u00bb type=\u00bbfull_width\u00bb angled_section=\u00bbno\u00bb text_align=\u00bbleft\u00bb background_image_as_pattern=\u00bbwithout_pattern\u00bb css=\u00bb.vc_custom_1747302038375{margin-bottom: 60px !important;}\u00bb z_index=\u00bb\u00bb][vc_column][vc_column_text css=\u00bb\u00bb] Pol\u00edtica de Protecci\u00f3n de Datos de Clientes y Usuarios del Servicio de Alquiler de Gesti\u00f3n de Contadores de Serveis de l\u2019Aigua S.A. Esta Pol\u00edtica de Privacidad tiene por objeto dar a conocer<\/p>\n","protected":false},"author":12,"featured_media":0,"parent":0,"menu_order":0,"comment_status":"closed","ping_status":"closed","template":"","meta":{"footnotes":""},"class_list":["post-1197","page","type-page","status-publish","hentry"],"_links":{"self":[{"href":"https:\/\/www.servaigua.com\/es\/wp-json\/wp\/v2\/pages\/1197","targetHints":{"allow":["GET"]}}],"collection":[{"href":"https:\/\/www.servaigua.com\/es\/wp-json\/wp\/v2\/pages"}],"about":[{"href":"https:\/\/www.servaigua.com\/es\/wp-json\/wp\/v2\/types\/page"}],"author":[{"embeddable":true,"href":"https:\/\/www.servaigua.com\/es\/wp-json\/wp\/v2\/users\/12"}],"replies":[{"embeddable":true,"href":"https:\/\/www.servaigua.com\/es\/wp-json\/wp\/v2\/comments?post=1197"}],"version-history":[{"count":12,"href":"https:\/\/www.servaigua.com\/es\/wp-json\/wp\/v2\/pages\/1197\/revisions"}],"predecessor-version":[{"id":1369,"href":"https:\/\/www.servaigua.com\/es\/wp-json\/wp\/v2\/pages\/1197\/revisions\/1369"}],"wp:attachment":[{"href":"https:\/\/www.servaigua.com\/es\/wp-json\/wp\/v2\/media?parent=1197"}],"curies":[{"name":"wp","href":"https:\/\/api.w.org\/{rel}","templated":true}]}}