{"id":1208,"date":"2025-05-15T11:43:10","date_gmt":"2025-05-15T09:43:10","guid":{"rendered":"https:\/\/www.servaigua.com\/?page_id=1208"},"modified":"2025-05-15T11:57:46","modified_gmt":"2025-05-15T09:57:46","slug":"politica-de-privacidad","status":"publish","type":"page","link":"https:\/\/www.servaigua.com\/es\/politica-de-privacidad\/","title":{"rendered":"Pol\u00edtica de privacidad"},"content":{"rendered":"<div class=\"wpb-content-wrapper\"><p>[vc_row css_animation=\u00bb\u00bb row_type=\u00bbrow\u00bb use_row_as_full_screen_section=\u00bbno\u00bb type=\u00bbfull_width\u00bb angled_section=\u00bbno\u00bb text_align=\u00bbleft\u00bb background_image_as_pattern=\u00bbwithout_pattern\u00bb][vc_column][vc_column_text]<\/p>\n<h3 style=\"padding-top: 0px;\">1. \u00bfCu\u00e1l es la finalidad de esta Pol\u00edtica de Protecci\u00f3n de Datos Personales?<\/h3>\n<p>Esta Pol\u00edtica tiene por objeto dar a conocer la manera en que obtenemos, tratamos y protegemos los datos personales que facilitas o recogemos a trav\u00e9s del sitio web de Servaigua (de aqu\u00ed en adelante, el \u00abSitio web\u00bb o \u00abla Web\u00bb) y la Oficina Virtual, mediante formularios y\/o cookies para que puedas decidir libre y voluntariamente si deseas que los tratemos.<\/p>\n<p>En el Sitio web se pueden encontrar diversos enlaces a plataformas y p\u00e1ginas gestionadas por terceras entidades, desde las cuales se ofrecen servicios comunes para las empresas del grupo al que pertenece Servaigua. Estas p\u00e1ginas disponen de su propia Pol\u00edtica de Privacidad en la que se detalla la entidad responsable del tratamiento de los datos y las finalidades del mismo.<\/p>\n<h3 style=\"padding-top: 20px;\">2. \u00bfQui\u00e9n es el Responsable del tratamiento de los datos recogidos a trav\u00e9s de este Sitio web?<\/h3>\n<p>El responsable del tratamiento es Serveis de l&#8217;Aigua S.A. (de aqu\u00ed en adelante, en forma resumida \u00abServaigua\u00bb) con CIF A58091794 y domicilio en el calle Nord, 78 de Terrassa.<\/p>\n<p>\u00bfQu\u00e9 tipo de datos recoge Servaigua a trav\u00e9s de este Sitio web, para qu\u00e9 se utilizan y cu\u00e1l es la base de legitimaci\u00f3n?<br \/>\nVisitar el Sitio web de Servaigua y navegar por sus diferentes secciones no requiere que se facilite ning\u00fan dato de car\u00e1cter personal. No obstante, recogeremos determinada informaci\u00f3n relacionada con la navegaci\u00f3n que realices (que no siempre nos permitir\u00e1 identificar al Usuario) a trav\u00e9s de cookies instaladas en tu equipo. Por favor, consulta m\u00e1s detalles en nuestra Pol\u00edtica de Cookies.<\/p>\n<p>El Usuario del Sitio web puede realizar diferentes gestiones para las cuales ser\u00e1 necesario tratar sus datos personales:<\/p>\n<p><strong>(i)<\/strong> Gestiones para las cuales no ser\u00e1 necesario que seas cliente ni est\u00e9s registrado en nuestro sistema, por ejemplo: solicitar cita previa, formular quejas, informar de fraude o aver\u00edas en la v\u00eda p\u00fablica o en alg\u00fan inmueble, presentar reclamaciones, realizar consultas.<\/p>\n<p>Seg\u00fan la gesti\u00f3n a realizar y para poder atenderla correctamente, se podr\u00e1n solicitar datos identificativos (nombre, apellidos y DNI en algunos casos), datos de contacto (direcci\u00f3n postal, tel\u00e9fono, correo electr\u00f3nico seg\u00fan la petici\u00f3n), y otros datos relacionados con la petici\u00f3n que se efect\u00fae, por ejemplo: direcci\u00f3n del fraude o aver\u00eda detectada&#8230;<\/p>\n<ul>\n<li><span style=\"color: #000000;\">Tus datos se tratar\u00e1n con la finalidad de gestionar la solicitud contenida en el formulario al que accedes y completas.<\/span><\/li>\n<li><span style=\"color: #000000;\">La base de legitimaci\u00f3n ser\u00e1 el consentimiento prestado por el Usuario al facilitar los datos, poniendo en contacto de forma voluntaria con Servaigua. Dicho consentimiento es revocable en todo caso, sin efectos retroactivos (es decir, no afectar\u00e1 a las peticiones o solicitudes ya tramitadas).<\/span><\/li>\n<\/ul>\n<p><strong>(ii)<\/strong> Gestiones en el sitio web que tengan como finalidad el alta como cliente\/abonado del servicio, por ejemplo: solicitud de inicio, solicitud de alta, cambio de nombre o subrogaci\u00f3n en un contrato preexistente.<\/p>\n<p>Seg\u00fan la gesti\u00f3n a realizar y para poder atenderla correctamente, se solicitar\u00e1n datos identificativos (nombre, apellidos y DNI), datos de contacto (direcci\u00f3n postal, tel\u00e9fono, correo electr\u00f3nico seg\u00fan la petici\u00f3n), datos relacionados con el inmueble para el cual se solicita el suministro o cambio de titularidad (escrituras de propiedad, referencia catastral, contrato de alquiler&#8230;) datos de representaci\u00f3n (poder, en caso de actuar en representaci\u00f3n de otra persona o entidad jur\u00eddica), y datos econ\u00f3micos (datos bancarios para la domiciliaci\u00f3n de recibos&#8230;).<\/p>\n<ul>\n<li><span style=\"color: #000000;\">Tus datos se tratar\u00e1n con la finalidad de gestionar el alta como cliente del servicio.<\/span><\/li>\n<li><span style=\"color: #000000;\">La base de legitimaci\u00f3n ser\u00e1 la adopci\u00f3n de medidas precontractuales. El usuario que se relaciona con Servaigua para ser cliente del servicio puede encontrar m\u00e1s informaci\u00f3n sobre el tratamiento de sus datos en la Pol\u00edtica de Protecci\u00f3n de Datos de Clientes y Usuarios del Servicio.<\/span><\/li>\n<\/ul>\n<p><strong>(iii)<\/strong> Gestiones en el sitio web que requieran que el Usuario sea cliente o abonado del servicio o persona autorizada por el titular del contrato, por ejemplo: completar la autolectura, pago en l\u00ednea de facturas&#8230;<\/p>\n<p>Los datos introducidos se tratar\u00e1n con la finalidad de realizar la gesti\u00f3n seleccionada en el marco de su expediente contractual para generar los recibos del servicio prestado.<\/p>\n<p>Si vas a gestionar el pago en l\u00ednea de facturas, ser\u00e1s conducido a p\u00e1ginas gestionadas por terceros (banca en l\u00ednea) que colaboran con Servaigua. Estas p\u00e1ginas disponen de su propia Pol\u00edtica de Privacidad en la que se detalla la entidad responsable del tratamiento de los datos y las finalidades del mismo.<\/p>\n<p>Servaigua trata tus datos en base a la ejecuci\u00f3n del contrato.<\/p>\n<p><strong>(iv)<\/strong> Gestiones que requieren necesariamente el registro en la Oficina Virtual o \u00c1rea de Clientes del sitio web: a trav\u00e9s de la Oficina Virtual, el cliente puede acceder a sus datos en el expediente contractual y, adem\u00e1s, modificar datos (datos de contacto, datos bancarios (siempre que sea el titular de la cuenta), introducir datos de lectura del periodo, activar la factura electr\u00f3nica, solicitar duplicados de facturas, activar el plan 12 gotas, entre otros).<\/p>\n<p>Para registrarse en la Oficina Virtual es necesario que el Usuario sea cliente o abonado del servicio y acepte las Condiciones de uso que se muestran al inicio del proceso de registro.<\/p>\n<p>El tratamiento de datos en el espacio de la Oficina Virtual es necesario para gestionar la relaci\u00f3n contractual suscrita entre el cliente de Servaigua. Los clientes de Servaigua disponen de informaci\u00f3n adicional sobre el tratamiento de sus datos personales en la <a href=\"https:\/\/www.aguashuelva.com\/proteccion-de-datos\" target=\"_blank\" rel=\"noopener\">Pol\u00edtica de Protecci\u00f3n de Datos de Clientes y Usuarios del Servicio<\/a>.<\/p>\n<h3 style=\"padding-top: 20px;\">4. Tr\u00e1mites realizados por un tercero o en nombre de una empresa y para Administradores de Finques<\/h3>\n<p>Como norma general, el Usuario del Sitio web, a trav\u00e9s de los formularios disponibles en el mismo, facilitar\u00e1 \u00fanicamente datos personales de los cuales es titular. No obstante, se admitir\u00e1n datos de un tercero siempre que (i) se hayan obtenido de forma l\u00edcita; (ii) se disponga de autorizaci\u00f3n y se haya informado al afectado, cuando proceda, del tr\u00e1mite o consulta que se realizar\u00e1.<\/p>\n<p>Los tr\u00e1mites y consultas realizados a trav\u00e9s del Sitio web deber\u00e1n efectuarse por el Usuario en nombre propio. Como excepci\u00f3n a lo anterior, se podr\u00e1n realizar gestiones en nombre de terceros en el caso de:<\/p>\n<ul>\n<li><span style=\"color: #000000;\">Persona con autorizaci\u00f3n expresa del titular.<\/span><\/li>\n<li><span style=\"color: #000000;\">Representantes o personas de contacto de personas jur\u00eddicas que act\u00faen en nombre de estas.<\/span><\/li>\n<li><span style=\"color: #000000;\">Administradores de Finques debidamente colegiados, actuando en nombre de comunidades de propietarios y otros clientes.<\/span><\/li>\n<\/ul>\n<p>Los datos personales de los representantes, personas de contacto y Administradores de Finques se tratar\u00e1n, en base al inter\u00e9s leg\u00edtimo (de acuerdo con lo dispuesto en el art\u00edculo 19 de la Ley Org\u00e1nica 3\/2018 de Protecci\u00f3n de Datos y garant\u00eda de derechos digitales), con la \u00fanica finalidad de gestionar la solicitud efectuada en nombre de un tercero.<\/p>\n<p>En el caso de que los datos personales aportados pertenezcan a un tercero, quien los facilite garantiza que ha informado a dicho tercero de esta Pol\u00edtica de Privacidad y ha obtenido su autorizaci\u00f3n para facilitar sus datos a Servaigua con las finalidades se\u00f1aladas. Igualmente, garantiza que los datos aportados son exactos y actualizados, siendo responsable de cualquier da\u00f1o o perjuicio, directo o indirecto, que pudiera ocasionarse como consecuencia del incumplimiento de esta obligaci\u00f3n.<\/p>\n<h3 style=\"padding-top: 20px;\">5. \u00bfQui\u00e9n puede acceder a los datos personales facilitados a Servaigua a trav\u00e9s de este sitio web?<\/h3>\n<p>Servaigua utiliza prestadores de servicios para la realizaci\u00f3n de tareas propias del contrato que, en su caso, tendr\u00e1n que acceder a los datos de los usuarios para poder gestionar la solicitud que efect\u00faes. Estos prestadores tendr\u00e1n la condici\u00f3n de Encargados del tratamiento, y \u00fanicamente tratar\u00e1n los datos personales conforme a las instrucciones de Servaigua. En ning\u00fan caso utilizar\u00e1n los datos personales del Usuario para fines propios o diferentes a los detallados en esta Pol\u00edtica.<\/p>\n<p>Para la eficiencia del servicio, algunos de nuestros proveedores est\u00e1n ubicados en pa\u00edses situados fuera del Espacio Econ\u00f3mico Europeo (EEE) o, estando ubicados en el EEE, comparten la informaci\u00f3n con otras entidades situadas fuera de dicho territorio. Servaigua garantiza que:<\/p>\n<ul>\n<li><span style=\"color: #000000;\">Las transferencias se realizan a pa\u00edses respecto de los cuales la Comisi\u00f3n Europea ha declarado que proporcionan un nivel de protecci\u00f3n equiparable al europeo.<\/span><\/li>\n<li><span style=\"color: #000000;\">En ausencia de dicha declaraci\u00f3n de adecuaci\u00f3n (actualmente, solo se realizan transferencias a EE UU, entre otros), se han firmado las Cl\u00e1usulas Contractuales Tipo aprobadas por la Comisi\u00f3n.<\/span><\/li>\n<\/ul>\n<p>Puedes consultar esta informaci\u00f3n en la p\u00e1gina de la AEPD: <a href=\"https:\/\/www.aepd.es\/es\/derechos-y-deberes\/cumple-tus-deberes\/medidas-de-cumplimiento\/transferencias-internacionales\" target=\"_blank\" rel=\"noopener\">https:\/\/www.aepd.es\/es\/derechos-y-deberes\/cumple-tus-deberes\/medidas-de-cumplimiento\/transferencias-internacionales<\/a><\/p>\n<p>Para m\u00e1s informaci\u00f3n, contacta con el Delegado de Protecci\u00f3n de datos de Servaigua.<\/p>\n<h3 style=\"padding-top: 20px;\">6. \u00bfA qui\u00e9n comunicamos tus datos?<\/h3>\n<p>Servaigua, en base al inter\u00e9s leg\u00edtimo, puede transmitir tus datos personales dentro del grupo al que pertenece para fines administrativos (considerando el Art\u00edculo 48 del RGPD).<\/p>\n<p>Fuera de lo anterior, Servaigua no comunica los datos personales recogidos a trav\u00e9s de este sitio web a terceros, salvo que t\u00fa lo consientas expresamente o para dar cumplimiento a una obligaci\u00f3n legal.<\/p>\n<p>Cuando sea necesario tu consentimiento para comunicar tus datos personales a terceros, en los formularios de recogida de datos se te informar\u00e1 de la finalidad del tratamiento, de los datos objeto de comunicaci\u00f3n, as\u00ed como de la identidad o sectores de actividad de los posibles cesionarios de tus datos.<\/p>\n<p>Servaigua podr\u00eda estar obligada a comunicar, en algunos casos, datos de usuarios \u2014sean o no clientes\u2014 a las Administraciones competentes, titulares de servicios o de conceptos tributarios asociados a los servicios que presta, cuando as\u00ed se requiera, o cuando la comunicaci\u00f3n resulte necesaria para atender la solicitud o consulta, o para gestionar judicialmente una situaci\u00f3n de fraude.<\/p>\n<p>En particular, Servaigua est\u00e1 obligada a comunicar los datos personales de sus clientes a determinadas Administraciones, tal como se detalla en la Pol\u00edtica de Protecci\u00f3n de Datos de Clientes y Usuarios del Servicio.<\/p>\n<h3 style=\"padding-top: 20px;\">7. \u00bfDurante cu\u00e1nto tiempo conservamos tus datos?<\/h3>\n<p>Los datos de clientes se conservar\u00e1n mientras se mantenga la relaci\u00f3n contractual para poder gestionarla adecuadamente. Una vez finalizada dicha relaci\u00f3n (transcurridos los plazos operativos de cobro de recibos pendientes y resueltos los conflictos relacionados con el servicio) se conservar\u00e1n los datos debidamente bloqueados durante un per\u00edodo adicional en el que puedan derivarse responsabilidades de los servicios prestados o de los tratamientos realizados.<\/p>\n<p>Los datos de no clientes facilitados por otras gestiones (consultas, comunicaciones de fraude, etc.) se conservar\u00e1n durante el tiempo necesario para gestionar tu solicitud, m\u00e1s un per\u00edodo adicional para atender posibles responsabilidades legales derivadas de la misma.<\/p>\n<p>En el caso de que hayas autorizado el env\u00edo de comunicaciones comerciales, mantendremos tus datos hasta el momento en que nos indiques que deseas dejar de recibir nuestras ofertas, incluso si se ha finalizado la relaci\u00f3n contractual contigo.<\/p>\n<h3 style=\"padding-top: 20px;\">8. \u00bfCu\u00e1les son tus derechos en materia de protecci\u00f3n de datos y c\u00f3mo puedes ejercerlos?<\/h3>\n<p>La Ley te reconoce los siguientes derechos en materia de protecci\u00f3n de datos:<\/p>\n<p>&nbsp;<\/p>\n<table>\n<tbody style=\"padding-top: 30px !important; padding-bottom: 30px !important;\">\n<tr>\n<td style=\"text-align: left;\"><span style=\"color: #000000;\"><b>Derecho<\/b><\/span><\/td>\n<td style=\"text-align: left;\"><span style=\"color: #000000;\"><b>Contenido<\/b><\/span><\/td>\n<\/tr>\n<tr>\n<td style=\"text-align: left;\"><span style=\"color: #000000;\"><b>Acceso<\/b><\/span><\/td>\n<td style=\"text-align: left;\"><span style=\"color: #000000;\">Consultar tus datos personales incluidos en las bases de datos de Servaigua.<\/span><\/td>\n<\/tr>\n<tr>\n<td style=\"text-align: left;\"><span style=\"color: #000000;\"><b>Rectificaci\u00f3n<\/b><\/span><\/td>\n<td style=\"text-align: left;\"><span style=\"color: #000000;\">Modificar tus datos personales cuando sean inexactos o incompletos.<\/span><\/td>\n<\/tr>\n<tr>\n<td style=\"text-align: left;\"><span style=\"color: #000000;\"><b>Supresi\u00f3n<\/b><\/span><\/td>\n<td style=\"text-align: left;\"><span style=\"color: #000000;\">Solicitar que eliminemos tus datos personales.<\/span><\/td>\n<\/tr>\n<tr>\n<td style=\"text-align: left;\"><span style=\"color: #000000;\"><b>Oposici\u00f3n<\/b><\/span><\/td>\n<td style=\"text-align: left;\"><span style=\"color: #000000;\">Oponerte al tratamiento de tus datos personales para las finalidades basadas en el inter\u00e9s p\u00fablico o en el inter\u00e9s leg\u00edtimo.<\/span><\/td>\n<\/tr>\n<tr>\n<td style=\"text-align: left;\"><span style=\"color: #000000;\"><b>Limitaci\u00f3n del tratamiento<\/b><\/span><\/td>\n<td style=\"text-align: left;\"><span style=\"color: #000000;\">Solicitar la limitaci\u00f3n al tratamiento de tus datos en los siguientes casos:<\/span><br \/>\n<span style=\"color: #000000;\">&#8211; Mientras se comprueba la impugnaci\u00f3n de la exactitud de tus datos.<\/span><br \/>\n<span style=\"color: #000000;\">&#8211; Cuando el tratamiento es il\u00edcito, pero t\u00fa te opones a la supresi\u00f3n de tus datos.<\/span><br \/>\n<span style=\"color: #000000;\">&#8211; Cuando Servaigua no necesite tratar tus datos, pero t\u00fa los necesites para el ejercicio o la defensa de reclamaciones.<\/span><br \/>\n<span style=\"color: #000000;\">&#8211; Cuando t\u00fa te hayas opuesto al tratamiento de tus datos para el cumplimiento de una misi\u00f3n en inter\u00e9s p\u00fablico o para la satisfacci\u00f3n de un inter\u00e9s leg\u00edtimo, mientras se verifica si los motivos leg\u00edtimos para el tratamiento prevalecen sobre los tuyos.<\/span><\/td>\n<\/tr>\n<tr>\n<td style=\"text-align: left;\"><span style=\"color: #000000;\"><b>Portabilidad<\/b><\/span><\/td>\n<td style=\"text-align: left;\"><span style=\"color: #000000;\">Recibir, en formato electr\u00f3nico, los datos personales que nos hayas facilitado, as\u00ed como transmitirlos a otro Responsable del Tratamiento.<\/span><\/td>\n<\/tr>\n<\/tbody>\n<\/table>\n<p>&nbsp;<\/p>\n<p><strong>Para ejercer los anteriores derechos, o revocar el consentimiento prestado para alguna de las finalidades indicadas<\/strong>, solo tienes que enviar tu solicitud por cualquiera de los siguientes medios, indicando en el asunto \u00abProtecci\u00f3n de datos\u00bb:<\/p>\n<p>Por correo postal a la direcci\u00f3n: protecciondatos@aiguesdeterrassa.net<br \/>\nA trav\u00e9s del formulario de contacto de la web: https:\/\/www.servaigua.com\/contacte\/<\/p>\n<p>Tambi\u00e9n puedes registrar tu solicitud en las oficinas del servicio.<\/p>\n<p>El solicitante debe estar suficientemente identificado en la solicitud. Cuando el responsable del tratamiento tenga dudas razonables en relaci\u00f3n con la identidad del solicitante, podr\u00e1 requerirte que facilites la informaci\u00f3n adicional necesaria para confirmar tu identidad. En caso de actuar a trav\u00e9s de representaci\u00f3n legal, se deber\u00e1 presentar, adem\u00e1s, DNI y documento acreditativo de la representaci\u00f3n del representante.<\/p>\n<p>El ejercicio de derechos es gratuito; sin embargo, Servaigua se reserva el derecho de cobrar una tasa cuando las solicitudes sean manifiestamente infundadas o excesivas, especialmente por su car\u00e1cter repetitivo. En ese caso, Servaigua podr\u00e1 optar por no responder directamente a la solicitud recibida.<\/p>\n<p>En todo caso, como afectado o interesado, puedes presentar las denuncias que consideres oportunas ante la Autoridad Catalana de Protecci\u00f3n de Datos.<\/p>\n<h3 style=\"padding-top: 20px;\">9. Redes sociales<\/h3>\n<p>Como norma general, los perfiles corporativos de Servaigua en redes sociales (Twitter, Facebook, etc.) tienen un car\u00e1cter meramente informativo. Si nos facilitas datos a trav\u00e9s de mensajes privados en redes sociales con motivo de una consulta o petici\u00f3n realizada por este medio, los datos personales facilitados se utilizar\u00e1n exclusivamente para atender la petici\u00f3n efectuada, en los t\u00e9rminos expuestos en esta Pol\u00edtica. Te recordamos que no debes incluir datos personales tuyos o de terceros (como correos electr\u00f3nicos, nombre, tel\u00e9fono o n\u00famero de contrato) a trav\u00e9s de mensajes p\u00fablicos en ninguna red social. Si no est\u00e1s seguro de si tu mensaje puede ser le\u00eddo por terceros, te aconsejamos que nos contactes por otro canal.<\/p>\n<h3 style=\"padding-top: 20px;\">10. WhatsApp Business (en caso de que esta opci\u00f3n est\u00e9 disponible en este sitio web)<\/h3>\n<p>Servaigua dispone de un servicio de mensajer\u00eda instant\u00e1nea a trav\u00e9s de WhatsApp Business. Sus finalidades est\u00e1n referenciadas en el apartado 3 de esta pol\u00edtica. El uso de WhatsApp por parte de los Usuarios est\u00e1 sujeto a las <a href=\"https:\/\/www.whatsapp.com\/legal\/business-terms\/?lang=es\" target=\"_blank\" rel=\"noopener\">Condiciones del servicio de WhatsApp Business<\/a>.<br \/>\n[\/vc_column_text][vc_empty_space height=\u00bb64&#8243;][\/vc_column][\/vc_row]<\/p>\n<\/div>","protected":false},"excerpt":{"rendered":"<p>[vc_row css_animation=\u00bb\u00bb row_type=\u00bbrow\u00bb use_row_as_full_screen_section=\u00bbno\u00bb type=\u00bbfull_width\u00bb angled_section=\u00bbno\u00bb text_align=\u00bbleft\u00bb background_image_as_pattern=\u00bbwithout_pattern\u00bb][vc_column][vc_column_text] 1. \u00bfCu\u00e1l es la finalidad de esta Pol\u00edtica de Protecci\u00f3n de Datos Personales? Esta Pol\u00edtica tiene por objeto dar a conocer la manera en que obtenemos, tratamos y protegemos los datos personales que facilitas o recogemos a<\/p>\n","protected":false},"author":12,"featured_media":0,"parent":0,"menu_order":0,"comment_status":"closed","ping_status":"closed","template":"","meta":{"footnotes":""},"class_list":["post-1208","page","type-page","status-publish","hentry"],"_links":{"self":[{"href":"https:\/\/www.servaigua.com\/es\/wp-json\/wp\/v2\/pages\/1208","targetHints":{"allow":["GET"]}}],"collection":[{"href":"https:\/\/www.servaigua.com\/es\/wp-json\/wp\/v2\/pages"}],"about":[{"href":"https:\/\/www.servaigua.com\/es\/wp-json\/wp\/v2\/types\/page"}],"author":[{"embeddable":true,"href":"https:\/\/www.servaigua.com\/es\/wp-json\/wp\/v2\/users\/12"}],"replies":[{"embeddable":true,"href":"https:\/\/www.servaigua.com\/es\/wp-json\/wp\/v2\/comments?post=1208"}],"version-history":[{"count":3,"href":"https:\/\/www.servaigua.com\/es\/wp-json\/wp\/v2\/pages\/1208\/revisions"}],"predecessor-version":[{"id":1368,"href":"https:\/\/www.servaigua.com\/es\/wp-json\/wp\/v2\/pages\/1208\/revisions\/1368"}],"wp:attachment":[{"href":"https:\/\/www.servaigua.com\/es\/wp-json\/wp\/v2\/media?parent=1208"}],"curies":[{"name":"wp","href":"https:\/\/api.w.org\/{rel}","templated":true}]}}