{"id":196,"date":"2019-11-12T15:24:37","date_gmt":"2019-11-12T14:24:37","guid":{"rendered":"https:\/\/www.servaigua.com\/?page_id=196"},"modified":"2026-02-23T09:45:27","modified_gmt":"2026-02-23T08:45:27","slug":"quienes-somos","status":"publish","type":"page","link":"https:\/\/www.servaigua.com\/es\/quienes-somos\/","title":{"rendered":"Qui\u00e9nes somos"},"content":{"rendered":"<div class=\"wpb-content-wrapper\"><p>[vc_row css_animation=\u00bb\u00bb row_type=\u00bbrow\u00bb use_row_as_full_screen_section=\u00bbno\u00bb type=\u00bbfull_width\u00bb angled_section=\u00bbno\u00bb text_align=\u00bbleft\u00bb background_image_as_pattern=\u00bbwithout_pattern\u00bb z_index=\u00bb\u00bb background_color=\u00bb#f3f3f7&#8243; css=\u00bb.vc_custom_1573485361408{background-image: url(https:\/\/www.servaigua.com\/wp-content\/uploads\/2019\/11\/agua.jpg?id=92) !important;}\u00bb][vc_column][vc_empty_space height=\u00bbspace_100&#8243; el_class=\u00bbspace_100&#8243;][vc_row_inner row_type=\u00bbrow\u00bb type=\u00bbgrid\u00bb text_align=\u00bbleft\u00bb css_animation=\u00bb\u00bb][vc_column_inner][vc_column_text]<\/p>\n<h1 class=\"title_titular\" style=\"text-align: center;\">Qui\u00e9nes somos<\/h1>\n<p>[\/vc_column_text][\/vc_column_inner][\/vc_row_inner][vc_empty_space height=\u00bbspace_100&#8243; el_class=\u00bbspace_100&#8243;][\/vc_column][\/vc_row][vc_row css_animation=\u00bb\u00bb row_type=\u00bbrow\u00bb use_row_as_full_screen_section=\u00bbno\u00bb type=\u00bbgrid\u00bb angled_section=\u00bbno\u00bb text_align=\u00bbleft\u00bb background_image_as_pattern=\u00bbwithout_pattern\u00bb z_index=\u00bb\u00bb][vc_column][vc_empty_space height=\u00bbspace_100&#8243; el_class=\u00bbspace_100&#8243;][\/vc_column][\/vc_row][vc_row css_animation=\u00bb\u00bb row_type=\u00bbrow\u00bb use_row_as_full_screen_section=\u00bbno\u00bb type=\u00bbgrid\u00bb angled_section=\u00bbno\u00bb text_align=\u00bbleft\u00bb background_image_as_pattern=\u00bbwithout_pattern\u00bb z_index=\u00bb\u00bb][vc_column][qode_elements_holder number_of_columns=\u00bbtwo_columns\u00bb columns_proportion=\u00bb33_66&#8243;][qode_elements_holder_item advanced_animations=\u00bbno\u00bb custom_class=\u00bbholder_izquierda\u00bb][vc_column_text]<\/p>\n<h2 class=\"h1\">Qui\u00e9nes somos<\/h2>\n<p>[\/vc_column_text][vc_raw_html]JTNDZGl2JTIwY2xhc3MlM0QlMjJzZXBhcmFkb3JfNTUlMjIlM0UlM0MlMkZkaXYlM0U=[\/vc_raw_html][vc_empty_space height=\u00bbspace_30&#8243; el_class=\u00bbspace_30&#8243;][vc_column_text]<\/p>\n<p class=\"big\" style=\"text-align: left;\">Serveis de l\u2019Aigua SA es una empresa especializada en servicios relacionados con la prevenci\u00f3n de incendios, el agua y la obra civil del Grupo Aig\u00fces de Terrassa y de Aig\u00fces de Barcelona.<\/p>\n<p>[\/vc_column_text][\/qode_elements_holder_item][qode_elements_holder_item advanced_animations=\u00bbno\u00bb][vc_single_image image=\u00bb145&#8243; img_size=\u00bbfull\u00bb alignment=\u00bbcenter\u00bb qode_css_animation=\u00bb\u00bb][\/qode_elements_holder_item][\/qode_elements_holder][\/vc_column][\/vc_row][vc_row css_animation=\u00bb\u00bb row_type=\u00bbrow\u00bb use_row_as_full_screen_section=\u00bbno\u00bb type=\u00bbgrid\u00bb angled_section=\u00bbno\u00bb text_align=\u00bbleft\u00bb background_image_as_pattern=\u00bbwithout_pattern\u00bb z_index=\u00bb\u00bb][vc_column][vc_empty_space height=\u00bbspace_100&#8243; el_class=\u00bbspace_100&#8243;][\/vc_column][\/vc_row][vc_row css_animation=\u00bb\u00bb row_type=\u00bbrow\u00bb use_row_as_full_screen_section=\u00bbno\u00bb type=\u00bbgrid\u00bb angled_section=\u00bbno\u00bb text_align=\u00bbleft\u00bb background_image_as_pattern=\u00bbwithout_pattern\u00bb z_index=\u00bb\u00bb css=\u00bb.vc_custom_1573658175340{background-color: #f3f3f7 !important;}\u00bb][vc_column][vc_empty_space height=\u00bbspace_100&#8243; el_class=\u00bbspace_100&#8243;][\/vc_column][\/vc_row][vc_row css_animation=\u00bb\u00bb row_type=\u00bbrow\u00bb use_row_as_full_screen_section=\u00bbno\u00bb type=\u00bbgrid\u00bb angled_section=\u00bbno\u00bb text_align=\u00bbleft\u00bb background_image_as_pattern=\u00bbwithout_pattern\u00bb z_index=\u00bb\u00bb css=\u00bb.vc_custom_1573658184462{background-color: #f3f3f7 !important;}\u00bb][vc_column][qode_elements_holder number_of_columns=\u00bbtwo_columns\u00bb columns_proportion=\u00bb33_66&#8243;][qode_elements_holder_item advanced_animations=\u00bbno\u00bb][vc_single_image image=\u00bb16&#8243; img_size=\u00bb\u00bb alignment=\u00bbcenter\u00bb qode_css_animation=\u00bb\u00bb el_class=\u00bblogo_quienes\u00bb][\/qode_elements_holder_item][qode_elements_holder_item advanced_animations=\u00bbno\u00bb custom_class=\u00bbholder_derecha\u00bb][vc_column_text]<\/p>\n<p style=\"text-align: left;\">Fundada en 1987, iniciamos nuestra actividad especializ\u00e1ndonos en instalaciones interiores de fontaner\u00eda, reformas de redes de suministro de agua, instalaciones de tratamiento del agua y sistemas contra incendios, cubriendo la conducci\u00f3n, el mantenimiento y las revisiones.<\/p>\n<p>[\/vc_column_text][\/qode_elements_holder_item][\/qode_elements_holder][\/vc_column][\/vc_row][vc_row css_animation=\u00bb\u00bb row_type=\u00bbrow\u00bb use_row_as_full_screen_section=\u00bbno\u00bb type=\u00bbgrid\u00bb angled_section=\u00bbno\u00bb text_align=\u00bbleft\u00bb background_image_as_pattern=\u00bbwithout_pattern\u00bb z_index=\u00bb\u00bb css=\u00bb.vc_custom_1573658205616{background-color: #f3f3f7 !important;}\u00bb][vc_column][vc_empty_space height=\u00bbspace_100&#8243; el_class=\u00bbspace_100&#8243;][\/vc_column][\/vc_row][vc_row css_animation=\u00bb\u00bb row_type=\u00bbrow\u00bb use_row_as_full_screen_section=\u00bbno\u00bb type=\u00bbfull_width\u00bb angled_section=\u00bbno\u00bb text_align=\u00bbleft\u00bb background_image_as_pattern=\u00bbwithout_pattern\u00bb z_index=\u00bb\u00bb][vc_column][vc_empty_space height=\u00bbspace_100&#8243; el_class=\u00bbspace_100&#8243;][vc_column_text]<\/p>\n<h2 class=\"h1\" style=\"text-align: center;\">Nuestros Valores<\/h2>\n<p>[\/vc_column_text][vc_raw_html]JTNDZGl2JTIwY2xhc3MlM0QlMjJzZXBhcmFkb3JfNTVfY2VudGVyJTIyJTNFJTNDJTJGZGl2JTNF[\/vc_raw_html][vc_empty_space height=\u00bbspace_50&#8243; el_class=\u00bbspace_50&#8243;][\/vc_column][\/vc_row][vc_row css_animation=\u00bb\u00bb row_type=\u00bbrow\u00bb use_row_as_full_screen_section=\u00bbno\u00bb type=\u00bbgrid\u00bb angled_section=\u00bbno\u00bb text_align=\u00bbleft\u00bb background_image_as_pattern=\u00bbwithout_pattern\u00bb z_index=\u00bb\u00bb][vc_column width=\u00bb1\/3&#8243;][vc_single_image image=\u00bb15&#8243; img_size=\u00bb\u00bb alignment=\u00bbcenter\u00bb qode_css_animation=\u00bb\u00bb el_class=\u00bbicono_home_1&#8243;][vc_empty_space height=\u00bbspace_20&#8243; el_class=\u00bbspace_20&#8243;][vc_column_text]<\/p>\n<h2 class=\"small_titular\" style=\"text-align: center;\">Innovaci\u00f3n<\/h2>\n<p>[\/vc_column_text][vc_column_text]<\/p>\n<p class=\"small_blue\" style=\"text-align: center;\">A la vanguardia<br \/>\nde la tecnolog\u00eda<\/p>\n<p>[\/vc_column_text][vc_empty_space height=\u00bbspace_50&#8243; el_class=\u00bbspace_50&#8243;][\/vc_column][vc_column width=\u00bb1\/3&#8243;][vc_single_image image=\u00bb14&#8243; img_size=\u00bb\u00bb alignment=\u00bbcenter\u00bb qode_css_animation=\u00bb\u00bb el_class=\u00bbicono_home_1&#8243;][vc_empty_space height=\u00bbspace_20&#8243; el_class=\u00bbspace_20&#8243;][vc_column_text]<\/p>\n<h2 class=\"small_titular\" style=\"text-align: center;\">Servicio integral<\/h2>\n<p>[\/vc_column_text][vc_column_text]<\/p>\n<p class=\"small_blue\" style=\"text-align: center;\">Cobertura de todas<br \/>\nlas fases del proyecto<\/p>\n<p>[\/vc_column_text][vc_empty_space height=\u00bbspace_50&#8243; el_class=\u00bbspace_50&#8243;][\/vc_column][vc_column width=\u00bb1\/3&#8243;][vc_single_image image=\u00bb13&#8243; img_size=\u00bb\u00bb alignment=\u00bbcenter\u00bb qode_css_animation=\u00bb\u00bb el_class=\u00bbicono_home_1&#8243;][vc_empty_space height=\u00bbspace_20&#8243; el_class=\u00bbspace_20&#8243;][vc_column_text]<\/p>\n<h2 class=\"small_titular\" style=\"text-align: center;\">Conocimiento y experiencia<\/h2>\n<p>[\/vc_column_text][vc_column_text]<\/p>\n<p class=\"small_blue\" style=\"text-align: center;\">Equipo altamente cualificado<br \/>\ny experimentado<\/p>\n<p>[\/vc_column_text][vc_empty_space height=\u00bbspace_50&#8243; el_class=\u00bbspace_50&#8243;][\/vc_column][\/vc_row][vc_row css_animation=\u00bb\u00bb row_type=\u00bbrow\u00bb use_row_as_full_screen_section=\u00bbno\u00bb type=\u00bbgrid\u00bb angled_section=\u00bbno\u00bb text_align=\u00bbleft\u00bb background_image_as_pattern=\u00bbwithout_pattern\u00bb z_index=\u00bb\u00bb][vc_column][vc_empty_space height=\u00bbspace_50&#8243; el_class=\u00bbspace_50&#8243;][\/vc_column][\/vc_row][vc_row css_animation=\u00bb\u00bb row_type=\u00bbrow\u00bb use_row_as_full_screen_section=\u00bbno\u00bb type=\u00bbfull_width\u00bb angled_section=\u00bbno\u00bb text_align=\u00bbleft\u00bb background_image_as_pattern=\u00bbwithout_pattern\u00bb z_index=\u00bb\u00bb background_color=\u00bb#222d80&#8243; css=\u00bb.vc_custom_1573473334560{background-color: #7ad2f4 !important;}\u00bb][vc_column][vc_empty_space height=\u00bbspace_80&#8243; el_class=\u00bbspace_80&#8243;][vc_column_text]<\/p>\n<p class=\"big\" style=\"text-align: center; font-size: 26px; line-height: 44px;\"><em>\u00abNuestro equipo de ingenieros y personal propio cualificado<br \/>\nencontrar\u00e1 la soluci\u00f3n m\u00e1s adecuada a las<br \/>\nnecesidades de cada proyecto.\u00bb<\/em><\/p>\n<p>[\/vc_column_text][vc_empty_space height=\u00bbspace_50&#8243; el_class=\u00bbspace_50&#8243;][vc_column_text]<\/p>\n<p style=\"text-align: center;\"><a class=\"boton_3\" href=\"\/contacto\/\">Contacta con nosotros<\/a><\/p>\n<p>[\/vc_column_text][vc_empty_space height=\u00bbspace_50&#8243; el_class=\u00bbspace_50&#8243;][\/vc_column][\/vc_row][vc_row css_animation=\u00bb\u00bb row_type=\u00bbrow\u00bb use_row_as_full_screen_section=\u00bbno\u00bb type=\u00bbfull_width\u00bb angled_section=\u00bbno\u00bb text_align=\u00bbleft\u00bb background_image_as_pattern=\u00bbwithout_pattern\u00bb][vc_column][vc_single_image image=\u00bb79&#8243; img_size=\u00bbfull\u00bb alignment=\u00bbcenter\u00bb qode_css_animation=\u00bb\u00bb][\/vc_column][\/vc_row]<\/p>\n<\/div>","protected":false},"excerpt":{"rendered":"<p>[vc_row css_animation=\u00bb\u00bb row_type=\u00bbrow\u00bb use_row_as_full_screen_section=\u00bbno\u00bb type=\u00bbfull_width\u00bb angled_section=\u00bbno\u00bb text_align=\u00bbleft\u00bb background_image_as_pattern=\u00bbwithout_pattern\u00bb z_index=\u00bb\u00bb background_color=\u00bb#f3f3f7&#8243; css=\u00bb.vc_custom_1573485361408{background-image: url(https:\/\/www.servaigua.com\/wp-content\/uploads\/2019\/11\/agua.jpg?id=92) !important;}\u00bb][vc_column][vc_empty_space height=\u00bbspace_100&#8243; el_class=\u00bbspace_100&#8243;][vc_row_inner row_type=\u00bbrow\u00bb type=\u00bbgrid\u00bb text_align=\u00bbleft\u00bb css_animation=\u00bb\u00bb][vc_column_inner][vc_column_text] Qui\u00e9nes somos [\/vc_column_text][\/vc_column_inner][\/vc_row_inner][vc_empty_space height=\u00bbspace_100&#8243; el_class=\u00bbspace_100&#8243;][\/vc_column][\/vc_row][vc_row css_animation=\u00bb\u00bb row_type=\u00bbrow\u00bb use_row_as_full_screen_section=\u00bbno\u00bb type=\u00bbgrid\u00bb angled_section=\u00bbno\u00bb text_align=\u00bbleft\u00bb background_image_as_pattern=\u00bbwithout_pattern\u00bb z_index=\u00bb\u00bb][vc_column][vc_empty_space height=\u00bbspace_100&#8243; el_class=\u00bbspace_100&#8243;][\/vc_column][\/vc_row][vc_row css_animation=\u00bb\u00bb row_type=\u00bbrow\u00bb use_row_as_full_screen_section=\u00bbno\u00bb type=\u00bbgrid\u00bb angled_section=\u00bbno\u00bb text_align=\u00bbleft\u00bb background_image_as_pattern=\u00bbwithout_pattern\u00bb z_index=\u00bb\u00bb][vc_column][qode_elements_holder number_of_columns=\u00bbtwo_columns\u00bb columns_proportion=\u00bb33_66&#8243;][qode_elements_holder_item advanced_animations=\u00bbno\u00bb<\/p>\n","protected":false},"author":1,"featured_media":0,"parent":0,"menu_order":0,"comment_status":"closed","ping_status":"closed","template":"full_width.php","meta":{"footnotes":""},"class_list":["post-196","page","type-page","status-publish","hentry"],"_links":{"self":[{"href":"https:\/\/www.servaigua.com\/es\/wp-json\/wp\/v2\/pages\/196","targetHints":{"allow":["GET"]}}],"collection":[{"href":"https:\/\/www.servaigua.com\/es\/wp-json\/wp\/v2\/pages"}],"about":[{"href":"https:\/\/www.servaigua.com\/es\/wp-json\/wp\/v2\/types\/page"}],"author":[{"embeddable":true,"href":"https:\/\/www.servaigua.com\/es\/wp-json\/wp\/v2\/users\/1"}],"replies":[{"embeddable":true,"href":"https:\/\/www.servaigua.com\/es\/wp-json\/wp\/v2\/comments?post=196"}],"version-history":[{"count":15,"href":"https:\/\/www.servaigua.com\/es\/wp-json\/wp\/v2\/pages\/196\/revisions"}],"predecessor-version":[{"id":1427,"href":"https:\/\/www.servaigua.com\/es\/wp-json\/wp\/v2\/pages\/196\/revisions\/1427"}],"wp:attachment":[{"href":"https:\/\/www.servaigua.com\/es\/wp-json\/wp\/v2\/media?parent=196"}],"curies":[{"name":"wp","href":"https:\/\/api.w.org\/{rel}","templated":true}]}}