{"id":204,"date":"2019-11-12T16:01:30","date_gmt":"2019-11-12T15:01:30","guid":{"rendered":"https:\/\/www.servaigua.com\/?page_id=204"},"modified":"2020-01-07T09:22:23","modified_gmt":"2020-01-07T08:22:23","slug":"obra-civil","status":"publish","type":"page","link":"https:\/\/www.servaigua.com\/es\/obra-civil\/","title":{"rendered":"Obra civil"},"content":{"rendered":"<div class=\"wpb-content-wrapper\"><p>[vc_row css_animation=\u00bb\u00bb row_type=\u00bbrow\u00bb use_row_as_full_screen_section=\u00bbno\u00bb type=\u00bbfull_width\u00bb angled_section=\u00bbno\u00bb text_align=\u00bbleft\u00bb background_image_as_pattern=\u00bbwithout_pattern\u00bb z_index=\u00bb\u00bb background_color=\u00bb#f3f3f7&#8243; css=\u00bb.vc_custom_1578385340324{background-image: url(https:\/\/www.servaigua.com\/wp-content\/uploads\/2019\/11\/agua.jpg?id=92) !important;}\u00bb el_class=\u00bbdisplay_none\u00bb][vc_column][vc_empty_space height=\u00bbspace_100&#8243; el_class=\u00bbspace_100&#8243;][vc_row_inner row_type=\u00bbrow\u00bb type=\u00bbgrid\u00bb text_align=\u00bbleft\u00bb css_animation=\u00bb\u00bb][vc_column_inner][vc_column_text]<\/p>\n<h1 class=\"title_titular\" style=\"text-align: center;\">Servicios<\/h1>\n<p>[\/vc_column_text][\/vc_column_inner][\/vc_row_inner][vc_empty_space height=\u00bbspace_100&#8243; el_class=\u00bbspace_100&#8243;][\/vc_column][\/vc_row][vc_row css_animation=\u00bb\u00bb row_type=\u00bbrow\u00bb use_row_as_full_screen_section=\u00bbno\u00bb type=\u00bbgrid\u00bb angled_section=\u00bbno\u00bb text_align=\u00bbleft\u00bb background_image_as_pattern=\u00bbwithout_pattern\u00bb z_index=\u00bb\u00bb el_id=\u00bbobracivil\u00bb][vc_column][vc_empty_space height=\u00bbspace_100&#8243; el_class=\u00bbspace_100&#8243;][\/vc_column][\/vc_row][vc_row css_animation=\u00bb\u00bb row_type=\u00bbrow\u00bb use_row_as_full_screen_section=\u00bbno\u00bb type=\u00bbgrid\u00bb angled_section=\u00bbno\u00bb text_align=\u00bbleft\u00bb background_image_as_pattern=\u00bbwithout_pattern\u00bb z_index=\u00bb\u00bb][vc_column][qode_elements_holder number_of_columns=\u00bbtwo_columns\u00bb][qode_elements_holder_item advanced_animations=\u00bbno\u00bb custom_class=\u00bbholder_izquierda\u00bb][vc_column_text]<\/p>\n<h1 class=\"titular_servicio\">Obra civil<\/h1>\n<p>[\/vc_column_text][vc_raw_html]JTNDZGl2JTIwY2xhc3MlM0QlMjJzZXBhcmFkb3JfNTUlMjIlM0UlM0MlMkZkaXYlM0U=[\/vc_raw_html][vc_column_text]<\/p>\n<p class=\"big\">En Servaigua ofrecemos servicios de proyecci\u00f3n, planificaci\u00f3n, direcci\u00f3n y ejecuci\u00f3n de obras de infraestructuras asociadas a la urbanizaci\u00f3n.<\/p>\n<p class=\"listado_servicios\">Como especialistas en obra hidr\u00e1ulica, nos encargamos de:<br \/>\n<i class=\"fa fa-check-circle\"><\/i> Direcciones de obra<br \/>\n<i class=\"fa fa-check-circle\"><\/i> Infraestructuras y Canalizaci\u00f3n<br \/>\n<i class=\"fa fa-check-circle\"><\/i> Servicios de ingenier\u00eda<br \/>\n<i class=\"fa fa-check-circle\"><\/i> Alquiler de maquinaria<\/p>\n<p>[\/vc_column_text][\/qode_elements_holder_item][qode_elements_holder_item advanced_animations=\u00bbno\u00bb][vc_single_image image=\u00bb147&#8243; img_size=\u00bbfull\u00bb alignment=\u00bbcenter\u00bb qode_css_animation=\u00bb\u00bb][\/qode_elements_holder_item][\/qode_elements_holder][\/vc_column][\/vc_row][vc_row css_animation=\u00bb\u00bb row_type=\u00bbrow\u00bb use_row_as_full_screen_section=\u00bbno\u00bb type=\u00bbfull_width\u00bb angled_section=\u00bbno\u00bb text_align=\u00bbleft\u00bb background_image_as_pattern=\u00bbwithout_pattern\u00bb z_index=\u00bb\u00bb][vc_column][vc_empty_space height=\u00bbspace_100&#8243; el_class=\u00bbspace_100&#8243;][\/vc_column][\/vc_row][vc_row css_animation=\u00bb\u00bb row_type=\u00bbrow\u00bb use_row_as_full_screen_section=\u00bbno\u00bb type=\u00bbfull_width\u00bb angled_section=\u00bbno\u00bb text_align=\u00bbleft\u00bb background_image_as_pattern=\u00bbwithout_pattern\u00bb z_index=\u00bb\u00bb css=\u00bb.vc_custom_1573554595673{background-color: #f3f3f7 !important;}\u00bb][vc_column][vc_empty_space height=\u00bbspace_100&#8243; el_class=\u00bbspace_100&#8243;][\/vc_column][\/vc_row][vc_row css_animation=\u00bb\u00bb row_type=\u00bbrow\u00bb use_row_as_full_screen_section=\u00bbno\u00bb type=\u00bbgrid\u00bb angled_section=\u00bbno\u00bb text_align=\u00bbleft\u00bb background_image_as_pattern=\u00bbwithout_pattern\u00bb z_index=\u00bb\u00bb css=\u00bb.vc_custom_1573554607232{background-color: #f3f3f7 !important;}\u00bb][vc_column][qode_elements_holder number_of_columns=\u00bbtwo_columns\u00bb][qode_elements_holder_item advanced_animations=\u00bbno\u00bb]<div class=\"mpc-carousel__wrapper mpc-waypoint\"><div id=\"mpc_carousel_anything-1969dc29de24b52\" class=\"mpc-carousel-anything mpc-init \"  data-mpcslick='{\"infinite\":true,\"autoplay\":true,\"slidesToShow\":1,\"slidesToScroll\":1,\"centerMode\":false,\"initialSlide\":0,\"autoplaySpeed\":4000}' data-slick-cols=\"1\">[vc_single_image image=\u00bb145&#8243; img_size=\u00bbfull\u00bb alignment=\u00bbcenter\u00bb qode_css_animation=\u00bb\u00bb][vc_single_image image=\u00bb144&#8243; img_size=\u00bbfull\u00bb alignment=\u00bbcenter\u00bb qode_css_animation=\u00bb\u00bb][vc_single_image image=\u00bb146&#8243; img_size=\u00bbfull\u00bb alignment=\u00bbcenter\u00bb qode_css_animation=\u00bb\u00bb][vc_single_image image=\u00bb147&#8243; img_size=\u00bbfull\u00bb alignment=\u00bbcenter\u00bb qode_css_animation=\u00bb\u00bb]<\/div><div class=\"mpc-navigation mpc-init mpc-align--left mpc-navigation--style_4  mpc-nav-preset--mpc_preset_24\" data-mpcslider=\"mpc_carousel_anything-1969dc29de24b52\"><div class=\"mpc-nav__arrow mpcslick-prev\"><div class=\"mpc-nav__icon mpc-transition\"><i class=\" eti eti_arrow_carrot-left\"><div class=\"mpc-nav__background mpc-transition mpc-effect-type--slide mpc-effect-side--right\"><\/div><\/i><\/div><\/div><\/div><div class=\"mpc-navigation mpc-init mpc-align--left mpc-navigation--style_4  mpc-nav-preset--mpc_preset_24\" data-mpcslider=\"mpc_carousel_anything-1969dc29de24b52\"><div class=\"mpc-nav__arrow mpcslick-next\"><div class=\"mpc-nav__icon mpc-transition\"><i class=\" eti eti_arrow_carrot-right\"><div class=\"mpc-nav__background mpc-transition mpc-effect-type--slide mpc-effect-side--right\"><\/div><\/i><\/div><\/div><\/div><\/div>[\/qode_elements_holder_item][qode_elements_holder_item advanced_animations=\u00bbno\u00bb custom_class=\u00bbholder_derecha\u00bb][vc_column_text]<\/p>\n<p class=\" black\">Nuestra compa\u00f1\u00eda est\u00e1 asociada al Gremi de la Construcci\u00f3 del Vall\u00e8s y est\u00e1 acreditada para el sector de la construcci\u00f3n inscrita en el registro de la Generalitat de Catalunya.<\/p>\n<p>[\/vc_column_text][vc_empty_space height=\u00bbspace_30&#8243; el_class=\u00bbspace_30&#8243;][vc_column_text]<\/p>\n<p class=\"black\">El equipo de Servaigua est\u00e1 formado por un equipo con una dilatada experiencia en el sector, lo que permite desarrollar la actividad con la m\u00e1xima garant\u00eda de calidad, rigor y solvencia t\u00e9cnica para sus clientes.<\/p>\n<p>[\/vc_column_text][\/qode_elements_holder_item][\/qode_elements_holder][\/vc_column][\/vc_row][vc_row css_animation=\u00bb\u00bb row_type=\u00bbrow\u00bb use_row_as_full_screen_section=\u00bbno\u00bb type=\u00bbfull_width\u00bb angled_section=\u00bbno\u00bb text_align=\u00bbleft\u00bb background_image_as_pattern=\u00bbwithout_pattern\u00bb z_index=\u00bb\u00bb css=\u00bb.vc_custom_1573554620541{background-color: #f3f3f7 !important;}\u00bb][vc_column][vc_empty_space height=\u00bbspace_100&#8243; el_class=\u00bbspace_100&#8243;][\/vc_column][\/vc_row][vc_row css_animation=\u00bb\u00bb row_type=\u00bbrow\u00bb use_row_as_full_screen_section=\u00bbno\u00bb type=\u00bbfull_width\u00bb angled_section=\u00bbno\u00bb text_align=\u00bbleft\u00bb background_image_as_pattern=\u00bbwithout_pattern\u00bb z_index=\u00bb\u00bb][vc_column][vc_empty_space height=\u00bbspace_100&#8243; el_class=\u00bbspace_100&#8243;][\/vc_column][\/vc_row][vc_row css_animation=\u00bb\u00bb row_type=\u00bbrow\u00bb use_row_as_full_screen_section=\u00bbno\u00bb type=\u00bbgrid\u00bb angled_section=\u00bbno\u00bb text_align=\u00bbleft\u00bb background_image_as_pattern=\u00bbwithout_pattern\u00bb z_index=\u00bb\u00bb][vc_column][qode_elements_holder number_of_columns=\u00bbtwo_columns\u00bb columns_proportion=\u00bb33_66&#8243;][qode_elements_holder_item advanced_animations=\u00bbno\u00bb custom_class=\u00bbholder_izquierda\u00bb][vc_column_text]<\/p>\n<h2 class=\"h1\">Contacta<br \/>\ncon nosotros<\/h2>\n<p>[\/vc_column_text][vc_raw_html]JTNDZGl2JTIwY2xhc3MlM0QlMjJzZXBhcmFkb3JfNTUlMjIlM0UlM0MlMkZkaXYlM0U=[\/vc_raw_html][vc_column_text]<\/p>\n<p class=\"big\" style=\"text-align: left;\"><a href=\"https:\/\/goo.gl\/maps\/YBuSLYXnyr34tz8D8\" target=\"_blank\" rel=\"noopener noreferrer\">C. del Mi\u00f1o, 112 nau 3<br \/>\n08223 Terrassa<\/a><\/p>\n<div class=\"space_20\"><\/div>\n<p style=\"text-align: left;\"><a href=\"tel:937316706\">Tel. 93 731 67 06<\/a><br \/>\nFax 93 731 91 51<\/p>\n<div class=\"space_20\"><\/div>\n<p><a href=\"mailto:servaigua@servaigua.com\">servaigua@servaigua.com<\/a>[\/vc_column_text][\/qode_elements_holder_item][qode_elements_holder_item advanced_animations=\u00bbno\u00bb custom_class=\u00bbholder_derecha border_left_form\u00bb][vc_raw_html]JTVCZm9ybWlkYWJsZSUyMGlkJTNEMiU1RA==[\/vc_raw_html][\/qode_elements_holder_item][\/qode_elements_holder][\/vc_column][\/vc_row][vc_row css_animation=\u00bb\u00bb row_type=\u00bbrow\u00bb use_row_as_full_screen_section=\u00bbno\u00bb type=\u00bbfull_width\u00bb angled_section=\u00bbno\u00bb text_align=\u00bbleft\u00bb background_image_as_pattern=\u00bbwithout_pattern\u00bb z_index=\u00bb\u00bb][vc_column][vc_empty_space height=\u00bbspace_100&#8243; el_class=\u00bbspace_100&#8243;][\/vc_column][\/vc_row][vc_row css_animation=\u00bb\u00bb row_type=\u00bbrow\u00bb use_row_as_full_screen_section=\u00bbno\u00bb type=\u00bbfull_width\u00bb angled_section=\u00bbno\u00bb text_align=\u00bbleft\u00bb background_image_as_pattern=\u00bbwithout_pattern\u00bb][vc_column][vc_single_image image=\u00bb79&#8243; img_size=\u00bbfull\u00bb alignment=\u00bbcenter\u00bb qode_css_animation=\u00bb\u00bb][\/vc_column][\/vc_row]<\/p>\n<\/div>","protected":false},"excerpt":{"rendered":"<p>[vc_row css_animation=\u00bb\u00bb row_type=\u00bbrow\u00bb use_row_as_full_screen_section=\u00bbno\u00bb type=\u00bbfull_width\u00bb angled_section=\u00bbno\u00bb text_align=\u00bbleft\u00bb background_image_as_pattern=\u00bbwithout_pattern\u00bb z_index=\u00bb\u00bb background_color=\u00bb#f3f3f7&#8243; css=\u00bb.vc_custom_1578385340324{background-image: url(https:\/\/www.servaigua.com\/wp-content\/uploads\/2019\/11\/agua.jpg?id=92) !important;}\u00bb el_class=\u00bbdisplay_none\u00bb][vc_column][vc_empty_space height=\u00bbspace_100&#8243; el_class=\u00bbspace_100&#8243;][vc_row_inner row_type=\u00bbrow\u00bb type=\u00bbgrid\u00bb text_align=\u00bbleft\u00bb css_animation=\u00bb\u00bb][vc_column_inner][vc_column_text] Servicios [\/vc_column_text][\/vc_column_inner][\/vc_row_inner][vc_empty_space height=\u00bbspace_100&#8243; el_class=\u00bbspace_100&#8243;][\/vc_column][\/vc_row][vc_row css_animation=\u00bb\u00bb row_type=\u00bbrow\u00bb use_row_as_full_screen_section=\u00bbno\u00bb type=\u00bbgrid\u00bb angled_section=\u00bbno\u00bb text_align=\u00bbleft\u00bb background_image_as_pattern=\u00bbwithout_pattern\u00bb z_index=\u00bb\u00bb el_id=\u00bbobracivil\u00bb][vc_column][vc_empty_space height=\u00bbspace_100&#8243; el_class=\u00bbspace_100&#8243;][\/vc_column][\/vc_row][vc_row css_animation=\u00bb\u00bb row_type=\u00bbrow\u00bb use_row_as_full_screen_section=\u00bbno\u00bb type=\u00bbgrid\u00bb angled_section=\u00bbno\u00bb text_align=\u00bbleft\u00bb background_image_as_pattern=\u00bbwithout_pattern\u00bb z_index=\u00bb\u00bb][vc_column][qode_elements_holder number_of_columns=\u00bbtwo_columns\u00bb][qode_elements_holder_item advanced_animations=\u00bbno\u00bb<\/p>\n","protected":false},"author":1,"featured_media":0,"parent":0,"menu_order":0,"comment_status":"closed","ping_status":"closed","template":"full_width.php","meta":{"footnotes":""},"class_list":["post-204","page","type-page","status-publish","hentry"],"_links":{"self":[{"href":"https:\/\/www.servaigua.com\/es\/wp-json\/wp\/v2\/pages\/204","targetHints":{"allow":["GET"]}}],"collection":[{"href":"https:\/\/www.servaigua.com\/es\/wp-json\/wp\/v2\/pages"}],"about":[{"href":"https:\/\/www.servaigua.com\/es\/wp-json\/wp\/v2\/types\/page"}],"author":[{"embeddable":true,"href":"https:\/\/www.servaigua.com\/es\/wp-json\/wp\/v2\/users\/1"}],"replies":[{"embeddable":true,"href":"https:\/\/www.servaigua.com\/es\/wp-json\/wp\/v2\/comments?post=204"}],"version-history":[{"count":11,"href":"https:\/\/www.servaigua.com\/es\/wp-json\/wp\/v2\/pages\/204\/revisions"}],"predecessor-version":[{"id":769,"href":"https:\/\/www.servaigua.com\/es\/wp-json\/wp\/v2\/pages\/204\/revisions\/769"}],"wp:attachment":[{"href":"https:\/\/www.servaigua.com\/es\/wp-json\/wp\/v2\/media?parent=204"}],"curies":[{"name":"wp","href":"https:\/\/api.w.org\/{rel}","templated":true}]}}