{"id":222,"date":"2019-11-13T16:28:16","date_gmt":"2019-11-13T15:28:16","guid":{"rendered":"https:\/\/www.servaigua.com\/?page_id=222"},"modified":"2019-12-31T11:09:45","modified_gmt":"2019-12-31T10:09:45","slug":"actualidad","status":"publish","type":"page","link":"https:\/\/www.servaigua.com\/es\/actualidad\/","title":{"rendered":"Actualidad"},"content":{"rendered":"<div class=\"wpb-content-wrapper\"><p>[vc_row css_animation=\u00bb\u00bb row_type=\u00bbrow\u00bb use_row_as_full_screen_section=\u00bbno\u00bb type=\u00bbfull_width\u00bb angled_section=\u00bbno\u00bb text_align=\u00bbleft\u00bb background_image_as_pattern=\u00bbwithout_pattern\u00bb z_index=\u00bb\u00bb background_color=\u00bb#f3f3f7&#8243; css=\u00bb.vc_custom_1573485361408{background-image: url(https:\/\/www.servaigua.com\/wp-content\/uploads\/2019\/11\/agua.jpg?id=92) !important;}\u00bb][vc_column][vc_empty_space height=\u00bbspace_100&#8243; el_class=\u00bbspace_100&#8243;][vc_row_inner row_type=\u00bbrow\u00bb type=\u00bbgrid\u00bb text_align=\u00bbleft\u00bb css_animation=\u00bb\u00bb][vc_column_inner][vc_column_text]<\/p>\n<h1 class=\"title_titular\" style=\"text-align: center;\">Actualidad<\/h1>\n<p>[\/vc_column_text][\/vc_column_inner][\/vc_row_inner][vc_empty_space height=\u00bbspace_100&#8243; el_class=\u00bbspace_100&#8243;][\/vc_column][\/vc_row][vc_row css_animation=\u00bb\u00bb row_type=\u00bbrow\u00bb use_row_as_full_screen_section=\u00bbno\u00bb type=\u00bbgrid\u00bb angled_section=\u00bbno\u00bb text_align=\u00bbleft\u00bb background_image_as_pattern=\u00bbwithout_pattern\u00bb z_index=\u00bb\u00bb css=\u00bb.vc_custom_1575300894094{background-color: #f6f6f6 !important;}\u00bb][vc_column][vc_empty_space height=\u00bbspace_100&#8243; el_class=\u00bbspace_100&#8243;]<div id=\"mpc_grid_posts_1969dc28895dd93\" class=\"mpc-grid-posts mpc-init mpc-init mpc-transition mpc-overlay--fade mpc-item--fade mpc-layout--style_2  \"  data-grid-cols=\"3\"><div class=\"mpc-grid-sizer\"><\/div><div onclick=\"\" class=\"mpc-post\"><div class=\"mpc-post__wrapper\"><div class=\"mpc-post__thumbnail\" data-mpc_src=\"https:\/\/www.servaigua.com\/wp-content\/uploads\/2019\/10\/siaqua.jpg\" data-mpc_link=\"https:\/\/www.servaigua.com\/es\/2019\/10\/18\/el-sistema-sifonico-la-revolucion-en-el-drenaje-de-cubiertas\/\"><div class=\"mpc-post__overlay mpc-transition\"><div class=\"mpc-post--vertical-wrap\"><div class=\"mpc-post--vertical\" data-mpc_link=\"https:\/\/www.servaigua.com\/es\/2019\/10\/18\/el-sistema-sifonico-la-revolucion-en-el-drenaje-de-cubiertas\/\"><a href=\"https:\/\/www.servaigua.com\/es\/2019\/10\/18\/el-sistema-sifonico-la-revolucion-en-el-drenaje-de-cubiertas\/\" title=\"Read more about El sistema sif\u00f3nico: la revoluci\u00f3n en el drenaje de cubiertas\" class=\"mpc-icon-anchor\"><i class=\"mpc-post-overlay__icon mpc-type--readmore eti eti_plus\"><\/i><\/a><\/div><\/div><\/div><\/div><div class=\"mpc-post__content mpc-transition\"><h3 class=\"mpc-post__heading mpc-transition mpc-typography--mpc_preset_17 mpc-text-overflow\"><a href=\"https:\/\/www.servaigua.com\/es\/2019\/10\/18\/el-sistema-sifonico-la-revolucion-en-el-drenaje-de-cubiertas\/\" title=\"El sistema sif\u00f3nico: la revoluci\u00f3n en el drenaje de cubiertas\">El sistema sif\u00f3nico: la revoluci\u00f3n en el drenaje de cubiertas<\/a><\/h3><div class=\"mpc-post__description mpc-typography--mpc_preset_1\">[vc_row css_animation=\u00bb\u00bb row_type=\u00bbrow\u00bb use_row_as_full_screen_section=\u00bbno\u00bb type=\u00bbfull_width\u00bb angled_section=\u00bbno\u00bb text_align=\u00bbleft\u00bb background_image_as_pattern=\u00bbwithout_pattern\u00bb][vc_column][vc_column_text]La apuesta por un tipo de construcci\u00f3n con espacios interiores m\u00e1s di\u00e1fanos obliga a idear nuevos sistemas de drenaje para evitar sobrepeso en caso de lluvia Los m\u00e9todos constructivos avanzan a una velocidad vertiginosa y la construcci\u00f3n de<\/div><\/div><\/div><\/div><div onclick=\"\" class=\"mpc-post\"><div class=\"mpc-post__wrapper\"><div class=\"mpc-post__thumbnail\" data-mpc_src=\"https:\/\/www.servaigua.com\/wp-content\/uploads\/2019\/11\/Logo-Servaigua-scaled.jpg\" data-mpc_link=\"https:\/\/www.servaigua.com\/es\/2019\/11\/11\/nueva-imagen-corporativa-y-web\/\"><div class=\"mpc-post__overlay mpc-transition\"><div class=\"mpc-post--vertical-wrap\"><div class=\"mpc-post--vertical\" data-mpc_link=\"https:\/\/www.servaigua.com\/es\/2019\/11\/11\/nueva-imagen-corporativa-y-web\/\"><a href=\"https:\/\/www.servaigua.com\/es\/2019\/11\/11\/nueva-imagen-corporativa-y-web\/\" title=\"Read more about Servaigua renueva su imagen corporativa y la p\u00e1gina web\" class=\"mpc-icon-anchor\"><i class=\"mpc-post-overlay__icon mpc-type--readmore eti eti_plus\"><\/i><\/a><\/div><\/div><\/div><\/div><div class=\"mpc-post__content mpc-transition\"><h3 class=\"mpc-post__heading mpc-transition mpc-typography--mpc_preset_17 mpc-text-overflow\"><a href=\"https:\/\/www.servaigua.com\/es\/2019\/11\/11\/nueva-imagen-corporativa-y-web\/\" title=\"Servaigua renueva su imagen corporativa y la p\u00e1gina web\">Servaigua renueva su imagen corporativa y la p\u00e1gina web<\/a><\/h3><div class=\"mpc-post__description mpc-typography--mpc_preset_1\">Servaigua empieza 2020 estrenando p\u00e1gina web y una nueva imagen corporativa. Nuestra empresa naci\u00f3 en 1987 dentro del Grupo Aig\u00fces de Terrassa con la voluntad de ofrecer un servicio integral en ingenier\u00eda del agua e instalaciones industriales. \u00a0Este a\u00f1o 2020 hemos decidido lanzarnos y dar<\/div><\/div><\/div><\/div><\/div><script type=\"text\/javascript\">var _mpc_grid_posts_1969dc28895dd93_atts = {\"preset\":\"mpc_preset_8\",\"cols\":\"3\",\"gap\":\"40\",\"items_number\":\"8\",\"layout\":\"style_2\",\"thumb_height\":\"250\",\"image_size\":\"full\",\"title_font_preset\":\"mpc_preset_17\",\"title_font_color\":\"#333333\",\"title_font_size\":\"14\",\"title_font_line_height\":\"1.5\",\"title_font_transform\":\"uppercase\",\"title_font_align\":\"center\",\"meta_layout\":\"\",\"meta_font_preset\":\"mpc_preset_1\",\"meta_font_color\":\"#888888\",\"meta_font_size\":\"12\",\"meta_font_line_height\":\"1.5\",\"meta_font_transform\":\"none\",\"meta_font_align\":\"center\",\"meta_link_color\":\"#888888\",\"hover_meta_link_color\":\"#88d482\",\"date_font_preset\":\"mpc_preset_1\",\"date_font_color\":\"#777777\",\"date_font_size\":\"12\",\"date_font_line_height\":\"1.5\",\"date_font_align\":\"left\",\"date_padding_divider\":\"true\",\"description_font_preset\":\"mpc_preset_1\",\"description_font_color\":\"#888888\",\"description_font_size\":\"13\",\"description_font_line_height\":\"1.7\",\"description_font_align\":\"center\",\"description_padding_divider\":\"true\",\"description_padding_css\":\"padding-top:10px;padding-bottom:15px;\",\"background_color\":\"#ffffff\",\"border_divider\":\"true\",\"border_css\":\"border-top:0px;border-right:0px;border-bottom:0px;border-left:0px;border-color:#e5e5e5;border-style:solid;border-radius:0px;\",\"padding_divider\":\"true\",\"padding_css\":\"padding-top:25px;padding-right:25px;padding-bottom:25px;padding-left:25px;\",\"overlay_color\":\"rgba(85,85,85,0.63)\",\"overlay_title_margin_divider\":\"true\",\"overlay_meta_margin_divider\":\"true\",\"overlay_date_padding_divider\":\"true\",\"lightbox_disable\":\"true\",\"lightbox_icon\":\"etl etl-picture\",\"lightbox_icon_color\":\"#888888\",\"lightbox_icon_size\":\"36\",\"hover_lightbox_color\":\"#88d482\",\"readmore_icon\":\"eti eti_plus\",\"readmore_icon_color\":\"#ffffff\",\"readmore_icon_size\":\"36\",\"hover_readmore_color\":\"#ffffff\",\"mpc_button__disable\":\"true\",\"mpc_button__block\":\"true\",\"mpc_button__font_preset\":\"mpc_preset_1\",\"mpc_button__font_color\":\"#888888\",\"mpc_button__font_size\":\"13\",\"mpc_button__font_line_height\":\"1.5\",\"mpc_button__font_transform\":\"uppercase\",\"mpc_button__font_align\":\"center\",\"mpc_button__background_color\":\"#f3f3f3\",\"mpc_button__border_css\":\"border-width:1px;border-color:#f3f3f3;border-style:solid;border-radius:5px;\",\"mpc_button__padding_divider\":\"true\",\"mpc_button__padding_css\":\"padding-top:8px;padding-bottom:8px;\",\"mpc_button__margin_divider\":\"true\",\"mpc_button__margin_css\":\"margin-bottom:6px;\",\"mpc_button__hover_font_color\":\"#ffffff\",\"mpc_button__hover_background_color\":\"#88d482\",\"mpc_button__hover_background_effect\":\"slide-left\",\"mpc_button__hover_border_css\":\"border-color:#e0e0e0;\",\"mpc_button__mpc_tooltip__border_divider\":\"true\",\"mpc_button__mpc_tooltip__padding_divider\":\"true\",\"mpc_pagination__preset\":\"mpc_preset_10\",\"mpc_pagination__mpc_tooltip__border_divider\":\"true\",\"mpc_pagination__mpc_tooltip__border_css\":\"border-color:undefined;border-style:undefined;\",\"mpc_pagination__mpc_tooltip__padding_divider\":\"true\",\"mpc_pagination__mpc_tooltip__padding_unit\":\"\"}, _mpc_grid_posts_1969dc28895dd93_query = {\"post_type\":\"post\",\"taxonomies\":\"\",\"ids\":\"\",\"order\":\"ASC\",\"include_exclude_type\":\"include\",\"orderby\":\"date\",\"items_number\":\"8\",\"target\":\"mpc_grid_posts_1969dc28895dd93\",\"callback\":\"MPC_Grid_Posts\"};<\/script>[vc_empty_space height=\u00bbspace_100&#8243; el_class=\u00bbspace_100&#8243;][\/vc_column][\/vc_row][vc_row css_animation=\u00bb\u00bb row_type=\u00bbrow\u00bb use_row_as_full_screen_section=\u00bbno\u00bb type=\u00bbfull_width\u00bb angled_section=\u00bbno\u00bb text_align=\u00bbleft\u00bb background_image_as_pattern=\u00bbwithout_pattern\u00bb][vc_column][vc_single_image image=\u00bb79&#8243; img_size=\u00bbfull\u00bb alignment=\u00bbcenter\u00bb qode_css_animation=\u00bb\u00bb][\/vc_column][\/vc_row]<\/p>\n<\/div>","protected":false},"excerpt":{"rendered":"<p>[vc_row css_animation=\u00bb\u00bb row_type=\u00bbrow\u00bb use_row_as_full_screen_section=\u00bbno\u00bb type=\u00bbfull_width\u00bb angled_section=\u00bbno\u00bb text_align=\u00bbleft\u00bb background_image_as_pattern=\u00bbwithout_pattern\u00bb z_index=\u00bb\u00bb background_color=\u00bb#f3f3f7&#8243; css=\u00bb.vc_custom_1573485361408{background-image: url(https:\/\/www.servaigua.com\/wp-content\/uploads\/2019\/11\/agua.jpg?id=92) !important;}\u00bb][vc_column][vc_empty_space height=\u00bbspace_100&#8243; el_class=\u00bbspace_100&#8243;][vc_row_inner row_type=\u00bbrow\u00bb type=\u00bbgrid\u00bb text_align=\u00bbleft\u00bb css_animation=\u00bb\u00bb][vc_column_inner][vc_column_text] Actualidad [\/vc_column_text][\/vc_column_inner][\/vc_row_inner][vc_empty_space height=\u00bbspace_100&#8243; el_class=\u00bbspace_100&#8243;][\/vc_column][\/vc_row][vc_row css_animation=\u00bb\u00bb row_type=\u00bbrow\u00bb use_row_as_full_screen_section=\u00bbno\u00bb type=\u00bbgrid\u00bb angled_section=\u00bbno\u00bb text_align=\u00bbleft\u00bb background_image_as_pattern=\u00bbwithout_pattern\u00bb z_index=\u00bb\u00bb css=\u00bb.vc_custom_1575300894094{background-color: #f6f6f6 !important;}\u00bb][vc_column][vc_empty_space height=\u00bbspace_100&#8243; el_class=\u00bbspace_100&#8243;][vc_empty_space height=\u00bbspace_100&#8243; el_class=\u00bbspace_100&#8243;][\/vc_column][\/vc_row][vc_row css_animation=\u00bb\u00bb row_type=\u00bbrow\u00bb use_row_as_full_screen_section=\u00bbno\u00bb type=\u00bbfull_width\u00bb angled_section=\u00bbno\u00bb text_align=\u00bbleft\u00bb background_image_as_pattern=\u00bbwithout_pattern\u00bb][vc_column][vc_single_image<\/p>\n","protected":false},"author":1,"featured_media":0,"parent":0,"menu_order":0,"comment_status":"closed","ping_status":"closed","template":"full_width.php","meta":{"footnotes":""},"class_list":["post-222","page","type-page","status-publish","hentry"],"_links":{"self":[{"href":"https:\/\/www.servaigua.com\/es\/wp-json\/wp\/v2\/pages\/222","targetHints":{"allow":["GET"]}}],"collection":[{"href":"https:\/\/www.servaigua.com\/es\/wp-json\/wp\/v2\/pages"}],"about":[{"href":"https:\/\/www.servaigua.com\/es\/wp-json\/wp\/v2\/types\/page"}],"author":[{"embeddable":true,"href":"https:\/\/www.servaigua.com\/es\/wp-json\/wp\/v2\/users\/1"}],"replies":[{"embeddable":true,"href":"https:\/\/www.servaigua.com\/es\/wp-json\/wp\/v2\/comments?post=222"}],"version-history":[{"count":6,"href":"https:\/\/www.servaigua.com\/es\/wp-json\/wp\/v2\/pages\/222\/revisions"}],"predecessor-version":[{"id":683,"href":"https:\/\/www.servaigua.com\/es\/wp-json\/wp\/v2\/pages\/222\/revisions\/683"}],"wp:attachment":[{"href":"https:\/\/www.servaigua.com\/es\/wp-json\/wp\/v2\/media?parent=222"}],"curies":[{"name":"wp","href":"https:\/\/api.w.org\/{rel}","templated":true}]}}