{"id":264,"date":"2019-11-14T13:26:32","date_gmt":"2019-11-14T12:26:32","guid":{"rendered":"https:\/\/www.servaigua.com\/?page_id=264"},"modified":"2026-01-29T18:34:16","modified_gmt":"2026-01-29T17:34:16","slug":"alquiler-de-contadores","status":"publish","type":"page","link":"https:\/\/www.servaigua.com\/es\/alquiler-de-contadores\/","title":{"rendered":"Alquiler de contadores"},"content":{"rendered":"<div class=\"wpb-content-wrapper\"><p>[vc_row css_animation=\u00bb\u00bb row_type=\u00bbrow\u00bb use_row_as_full_screen_section=\u00bbno\u00bb type=\u00bbfull_width\u00bb angled_section=\u00bbno\u00bb text_align=\u00bbleft\u00bb background_image_as_pattern=\u00bbwithout_pattern\u00bb z_index=\u00bb\u00bb background_color=\u00bb#f3f3f7&#8243; css=\u00bb.vc_custom_1578385424998{background-image: url(https:\/\/www.servaigua.com\/wp-content\/uploads\/2019\/11\/agua.jpg?id=92) !important;}\u00bb el_class=\u00bbdisplay_none\u00bb][vc_column][vc_empty_space height=\u00bbspace_100&#8243; el_class=\u00bbspace_100&#8243;][vc_row_inner row_type=\u00bbrow\u00bb type=\u00bbgrid\u00bb text_align=\u00bbleft\u00bb css_animation=\u00bb\u00bb][vc_column_inner][vc_column_text]<\/p>\n<h1 class=\"title_titular\" style=\"text-align: center;\">Servicios<\/h1>\n<p>[\/vc_column_text][\/vc_column_inner][\/vc_row_inner][vc_empty_space height=\u00bbspace_100&#8243; el_class=\u00bbspace_100&#8243;][\/vc_column][\/vc_row][vc_row css_animation=\u00bb\u00bb row_type=\u00bbrow\u00bb use_row_as_full_screen_section=\u00bbno\u00bb type=\u00bbgrid\u00bb angled_section=\u00bbno\u00bb text_align=\u00bbleft\u00bb background_image_as_pattern=\u00bbwithout_pattern\u00bb z_index=\u00bb\u00bb el_id=\u00bbcontadores\u00bb][vc_column][vc_empty_space height=\u00bbspace_100&#8243; el_class=\u00bbspace_100&#8243;][\/vc_column][\/vc_row][vc_row css_animation=\u00bb\u00bb row_type=\u00bbrow\u00bb use_row_as_full_screen_section=\u00bbno\u00bb type=\u00bbgrid\u00bb angled_section=\u00bbno\u00bb text_align=\u00bbleft\u00bb background_image_as_pattern=\u00bbwithout_pattern\u00bb z_index=\u00bb\u00bb][vc_column][qode_elements_holder number_of_columns=\u00bbtwo_columns\u00bb][qode_elements_holder_item advanced_animations=\u00bbno\u00bb custom_class=\u00bbholder_izquierda\u00bb][vc_column_text]<\/p>\n<h1 class=\"titular_servicio\">Alquiler<br \/>\nde contadores<\/h1>\n<p>[\/vc_column_text][vc_raw_html]JTNDZGl2JTIwY2xhc3MlM0QlMjJzZXBhcmFkb3JfNTUlMjIlM0UlM0MlMkZkaXYlM0U=[\/vc_raw_html][vc_column_text]<\/p>\n<p class=\"big\">Servaigua ofrece el servicio de alquiler de contadores en la ciudad de Terrassa. Nuestro equipo instala y\/o sustituye los contadores de agua en un m\u00e1ximo de dos d\u00edas h\u00e1biles tras la firma del contrato de alquiler y comprueba el correcto funcionamiento de la nueva instalaci\u00f3n.<\/p>\n<p style=\"color: #222d80; font-weight: bold; padding-top: 20px;\">Conoce nuestras <a style=\"color: #222d80; font-weight: bold;\" href=\"https:\/\/www.servaigua.com\/wp-content\/uploads\/2026\/01\/Tarifa-comptadors-lloguer-2026.pdf\" target=\"_blank\" rel=\"noopener noreferrer\"><u>tarifas de alquiler de contadores<\/u><\/a>.<\/p>\n<p>[\/vc_column_text][\/qode_elements_holder_item][qode_elements_holder_item advanced_animations=\u00bbno\u00bb][vc_single_image image=\u00bb491&#8243; img_size=\u00bbfull\u00bb alignment=\u00bbcenter\u00bb qode_css_animation=\u00bb\u00bb][\/qode_elements_holder_item][\/qode_elements_holder][\/vc_column][\/vc_row][vc_row css_animation=\u00bb\u00bb row_type=\u00bbrow\u00bb use_row_as_full_screen_section=\u00bbno\u00bb type=\u00bbfull_width\u00bb angled_section=\u00bbno\u00bb text_align=\u00bbleft\u00bb background_image_as_pattern=\u00bbwithout_pattern\u00bb z_index=\u00bb\u00bb][vc_column][vc_empty_space height=\u00bbspace_100&#8243; el_class=\u00bbspace_100&#8243;][\/vc_column][\/vc_row][vc_row css_animation=\u00bb\u00bb row_type=\u00bbrow\u00bb use_row_as_full_screen_section=\u00bbno\u00bb type=\u00bbfull_width\u00bb angled_section=\u00bbno\u00bb text_align=\u00bbleft\u00bb background_image_as_pattern=\u00bbwithout_pattern\u00bb z_index=\u00bb\u00bb css=\u00bb.vc_custom_1573554595673{background-color: #f3f3f7 !important;}\u00bb][vc_column][vc_empty_space height=\u00bbspace_100&#8243; el_class=\u00bbspace_100&#8243;][\/vc_column][\/vc_row][vc_row css_animation=\u00bb\u00bb row_type=\u00bbrow\u00bb use_row_as_full_screen_section=\u00bbno\u00bb type=\u00bbgrid\u00bb angled_section=\u00bbno\u00bb text_align=\u00bbleft\u00bb background_image_as_pattern=\u00bbwithout_pattern\u00bb z_index=\u00bb\u00bb css=\u00bb.vc_custom_1573554607232{background-color: #f3f3f7 !important;}\u00bb][vc_column][qode_elements_holder number_of_columns=\u00bbtwo_columns\u00bb][qode_elements_holder_item advanced_animations=\u00bbno\u00bb]<div class=\"mpc-carousel__wrapper mpc-waypoint\"><div id=\"mpc_carousel_anything-9469dc2d8d1d83a\" class=\"mpc-carousel-anything mpc-init \"  data-mpcslick='{\"infinite\":true,\"autoplay\":true,\"slidesToShow\":1,\"slidesToScroll\":1,\"centerMode\":false,\"initialSlide\":0,\"autoplaySpeed\":4000}' data-slick-cols=\"1\">[vc_single_image image=\u00bb492&#8243; img_size=\u00bbfull\u00bb alignment=\u00bbcenter\u00bb qode_css_animation=\u00bb\u00bb][vc_single_image image=\u00bb493&#8243; img_size=\u00bbfull\u00bb alignment=\u00bbcenter\u00bb qode_css_animation=\u00bb\u00bb]<\/div><div class=\"mpc-navigation mpc-init mpc-align--left mpc-navigation--style_4  mpc-nav-preset--mpc_preset_24\" data-mpcslider=\"mpc_carousel_anything-9469dc2d8d1d83a\"><div class=\"mpc-nav__arrow mpcslick-prev\"><div class=\"mpc-nav__icon mpc-transition\"><i class=\" eti eti_arrow_carrot-left\"><div class=\"mpc-nav__background mpc-transition mpc-effect-type--slide mpc-effect-side--right\"><\/div><\/i><\/div><\/div><\/div><div class=\"mpc-navigation mpc-init mpc-align--left mpc-navigation--style_4  mpc-nav-preset--mpc_preset_24\" data-mpcslider=\"mpc_carousel_anything-9469dc2d8d1d83a\"><div class=\"mpc-nav__arrow mpcslick-next\"><div class=\"mpc-nav__icon mpc-transition\"><i class=\" eti eti_arrow_carrot-right\"><div class=\"mpc-nav__background mpc-transition mpc-effect-type--slide mpc-effect-side--right\"><\/div><\/i><\/div><\/div><\/div><\/div>[\/qode_elements_holder_item][qode_elements_holder_item advanced_animations=\u00bbno\u00bb custom_class=\u00bbholder_derecha\u00bb][vc_column_text]<\/p>\n<h3>\u00bfQu\u00e9 ventajas tiene alquilar?<\/h3>\n<p>&#8211; Ahorro de la compra del contador al contratar el suministro de agua.<\/p>\n<p>&#8211; El contrato de alquiler cubre el riesgo de robo. Cubre la primera desaparici\u00f3n del contador de forma gratuita.<\/p>\n<p>&#8211; En caso de un mal funcionamiento cambiamos el contador sin ning\u00fan coste para el cliente.<\/p>\n<p style=\"color: #222d80; font-weight: bold;\">Si quieres contratar un contador en alquiler <a style=\"color: #222d80; font-weight: bold;\" href=\"https:\/\/www.minaserveisdaigua.com\/comptadors-terrassa\/\" target=\"_blank\" rel=\"noopener noreferrer\"><u>haz clic aqu\u00ed<\/u><\/a>.<\/p>\n<p>[\/vc_column_text][\/qode_elements_holder_item][\/qode_elements_holder][\/vc_column][\/vc_row][vc_row css_animation=\u00bb\u00bb row_type=\u00bbrow\u00bb use_row_as_full_screen_section=\u00bbno\u00bb type=\u00bbfull_width\u00bb angled_section=\u00bbno\u00bb text_align=\u00bbleft\u00bb background_image_as_pattern=\u00bbwithout_pattern\u00bb z_index=\u00bb\u00bb css=\u00bb.vc_custom_1573554620541{background-color: #f3f3f7 !important;}\u00bb][vc_column][vc_empty_space height=\u00bbspace_100&#8243; el_class=\u00bbspace_100&#8243;][\/vc_column][\/vc_row][vc_row css_animation=\u00bb\u00bb row_type=\u00bbrow\u00bb use_row_as_full_screen_section=\u00bbno\u00bb type=\u00bbfull_width\u00bb angled_section=\u00bbno\u00bb text_align=\u00bbleft\u00bb background_image_as_pattern=\u00bbwithout_pattern\u00bb z_index=\u00bb\u00bb][vc_column][vc_empty_space height=\u00bbspace_100&#8243; el_class=\u00bbspace_100&#8243;][\/vc_column][\/vc_row][vc_row css_animation=\u00bb\u00bb row_type=\u00bbrow\u00bb use_row_as_full_screen_section=\u00bbno\u00bb type=\u00bbgrid\u00bb angled_section=\u00bbno\u00bb text_align=\u00bbleft\u00bb background_image_as_pattern=\u00bbwithout_pattern\u00bb z_index=\u00bb\u00bb][vc_column][vc_column_text]<\/p>\n<h2 class=\"h1\">Ofrecemos contadores para cualquier tipo de uso<\/h2>\n<p>[\/vc_column_text][vc_raw_html]JTNDZGl2JTIwY2xhc3MlM0QlMjJzZXBhcmFkb3JfNTUlMjIlM0UlM0MlMkZkaXYlM0U=[\/vc_raw_html]<div id=\"mpc_accordion-4269dc2d8d1e79c\" class=\"mpc-accordion mpc-init mpc-transition mpc-accordion--toggle mpc-accordion--indent mpc-accordion--indent \" ><ul class=\"mpc-accordion__content\"><li class=\"mpc-accordion__item \"><div class=\"mpc-accordion-item__heading mpc-transition mpc-typography--mpc_preset_20\"><div data-id=\"mpc_icon-5969dc2d8d1e77c\" class=\"mpc-icon mpc-init mpc-transition mpc-effect-fade mpc-icon-hover \"><div class=\"mpc-icon-wrap\"><i class=\"mpc-icon-part mpc-regular mpc-transition  eti eti_plus_alt2\"><\/i><i class=\"mpc-icon-part mpc-hover mpc-transition  eti eti_minus_alt2\"><\/i><\/div><\/div><h3>Equipos de uso dom\u00e9stico \/ comercial<\/h3><\/div><div class=\"mpc-accordion-item__content mpc-container\" ><div class=\"mpc-accordion-item__indent\"><div data-id=\"mpc_icon-5969dc2d8d1e77c\" class=\"mpc-icon mpc-init mpc-transition mpc-effect-fade mpc-icon-hover \"><div class=\"mpc-icon-wrap\"><i class=\"mpc-icon-part mpc-regular mpc-transition  eti eti_plus_alt2\"><\/i><i class=\"mpc-icon-part mpc-hover mpc-transition  eti eti_minus_alt2\"><\/i><\/div><\/div><\/div><div class=\"mpc-accordion-item__wrapper mpc-typography--mpc_preset_13\">[vc_column_text]Aparato para el suministro individual de una vivienda o comercio. Nuestros contadores cumplen al 100% con todas las normas referentes a productos en contacto con el agua destinada al consumo humano.[\/vc_column_text]<\/div><\/div><\/li><li class=\"mpc-accordion__item \"><div class=\"mpc-accordion-item__heading mpc-transition mpc-typography--mpc_preset_20\"><div data-id=\"mpc_icon-5969dc2d8d1e77c\" class=\"mpc-icon mpc-init mpc-transition mpc-effect-fade mpc-icon-hover \"><div class=\"mpc-icon-wrap\"><i class=\"mpc-icon-part mpc-regular mpc-transition  eti eti_plus_alt2\"><\/i><i class=\"mpc-icon-part mpc-hover mpc-transition  eti eti_minus_alt2\"><\/i><\/div><\/div><h3>Equipos de uso industrial<\/h3><\/div><div class=\"mpc-accordion-item__content mpc-container\" ><div class=\"mpc-accordion-item__indent\"><div data-id=\"mpc_icon-5969dc2d8d1e77c\" class=\"mpc-icon mpc-init mpc-transition mpc-effect-fade mpc-icon-hover \"><div class=\"mpc-icon-wrap\"><i class=\"mpc-icon-part mpc-regular mpc-transition  eti eti_plus_alt2\"><\/i><i class=\"mpc-icon-part mpc-hover mpc-transition  eti eti_minus_alt2\"><\/i><\/div><\/div><\/div><div class=\"mpc-accordion-item__wrapper mpc-typography--mpc_preset_13\">[vc_column_text]Adaptados para aplicaciones industriales donde es necesario llevar un control o monitoreo frecuente, especialmente en condiciones de dif\u00edcil acceso.[\/vc_column_text]<\/div><\/div><\/li><\/ul><\/div>[\/vc_column][\/vc_row][vc_row css_animation=\u00bb\u00bb row_type=\u00bbrow\u00bb use_row_as_full_screen_section=\u00bbno\u00bb type=\u00bbfull_width\u00bb angled_section=\u00bbno\u00bb text_align=\u00bbleft\u00bb background_image_as_pattern=\u00bbwithout_pattern\u00bb z_index=\u00bb\u00bb][vc_column][vc_empty_space height=\u00bbspace_100&#8243; el_class=\u00bbspace_100&#8243;][\/vc_column][\/vc_row][vc_row css_animation=\u00bb\u00bb row_type=\u00bbrow\u00bb use_row_as_full_screen_section=\u00bbno\u00bb type=\u00bbgrid\u00bb angled_section=\u00bbno\u00bb text_align=\u00bbleft\u00bb background_image_as_pattern=\u00bbwithout_pattern\u00bb z_index=\u00bb\u00bb][vc_column][qode_elements_holder number_of_columns=\u00bbtwo_columns\u00bb columns_proportion=\u00bb33_66&#8243;][qode_elements_holder_item advanced_animations=\u00bbno\u00bb custom_class=\u00bbholder_izquierda\u00bb][vc_column_text]<\/p>\n<h2 class=\"h1\">Contacta<br \/>\ncon nosotros<\/h2>\n<p>[\/vc_column_text][vc_raw_html]JTNDZGl2JTIwY2xhc3MlM0QlMjJzZXBhcmFkb3JfNTUlMjIlM0UlM0MlMkZkaXYlM0U=[\/vc_raw_html]<div class=\"q_icon_list\"><i class=\"qode_icon_font_awesome fa fa-users qode-ili-icon-holder transparent\" style=\"font-size: 18px;color: #009bdc;\" ><\/i><p style=\"font-size: 18px;\"><strong>Atenci\u00f3n al cliente:<\/strong><br \/>\nCarrer del Nord, 78 - 08221 Terrassa, Barcelona<\/p><\/div><div class=\"q_icon_list\"><i class=\"qode_icon_font_awesome fa fa-map-marker qode-ili-icon-holder transparent\" style=\"font-size: 18px;color: #009bdc;\" ><\/i><p style=\"font-size: 18px;\"><strong>Almac\u00e9n:<\/strong><br \/>\nCarrer del Mi\u00f1o, 112 \u2013 Nau 3 08223 Terrassa, Barcelona<\/p><\/div>[vc_column_text]<\/p>\n<div class=\"space_20\"><\/div>\n<p style=\"text-align: left;\"><a href=\"tel:937316706\">Tel. 93 731 67 06<\/a><br \/>\nFax 93 731 91 51<\/p>\n<div class=\"space_20\"><\/div>\n<p><a href=\"mailto:servaigua@servaigua.com\">servaigua@servaigua.com<\/a>[\/vc_column_text][\/qode_elements_holder_item][qode_elements_holder_item advanced_animations=\u00bbno\u00bb custom_class=\u00bbholder_derecha border_left_form\u00bb][vc_raw_html]JTVCZm9ybWlkYWJsZSUyMGlkJTNEMiU1RA==[\/vc_raw_html][\/qode_elements_holder_item][\/qode_elements_holder][\/vc_column][\/vc_row][vc_row css_animation=\u00bb\u00bb row_type=\u00bbrow\u00bb use_row_as_full_screen_section=\u00bbno\u00bb type=\u00bbfull_width\u00bb angled_section=\u00bbno\u00bb text_align=\u00bbleft\u00bb background_image_as_pattern=\u00bbwithout_pattern\u00bb z_index=\u00bb\u00bb][vc_column][vc_empty_space height=\u00bbspace_100&#8243; el_class=\u00bbspace_100&#8243;][\/vc_column][\/vc_row][vc_row css_animation=\u00bb\u00bb row_type=\u00bbrow\u00bb use_row_as_full_screen_section=\u00bbno\u00bb type=\u00bbfull_width\u00bb angled_section=\u00bbno\u00bb text_align=\u00bbleft\u00bb background_image_as_pattern=\u00bbwithout_pattern\u00bb][vc_column][vc_single_image image=\u00bb79&#8243; img_size=\u00bbfull\u00bb alignment=\u00bbcenter\u00bb qode_css_animation=\u00bb\u00bb][\/vc_column][\/vc_row]<\/p>\n<\/div>","protected":false},"excerpt":{"rendered":"<p>[vc_row css_animation=\u00bb\u00bb row_type=\u00bbrow\u00bb use_row_as_full_screen_section=\u00bbno\u00bb type=\u00bbfull_width\u00bb angled_section=\u00bbno\u00bb text_align=\u00bbleft\u00bb background_image_as_pattern=\u00bbwithout_pattern\u00bb z_index=\u00bb\u00bb background_color=\u00bb#f3f3f7&#8243; css=\u00bb.vc_custom_1578385424998{background-image: url(https:\/\/www.servaigua.com\/wp-content\/uploads\/2019\/11\/agua.jpg?id=92) !important;}\u00bb el_class=\u00bbdisplay_none\u00bb][vc_column][vc_empty_space height=\u00bbspace_100&#8243; el_class=\u00bbspace_100&#8243;][vc_row_inner row_type=\u00bbrow\u00bb type=\u00bbgrid\u00bb text_align=\u00bbleft\u00bb css_animation=\u00bb\u00bb][vc_column_inner][vc_column_text] Servicios [\/vc_column_text][\/vc_column_inner][\/vc_row_inner][vc_empty_space height=\u00bbspace_100&#8243; el_class=\u00bbspace_100&#8243;][\/vc_column][\/vc_row][vc_row css_animation=\u00bb\u00bb row_type=\u00bbrow\u00bb use_row_as_full_screen_section=\u00bbno\u00bb type=\u00bbgrid\u00bb angled_section=\u00bbno\u00bb text_align=\u00bbleft\u00bb background_image_as_pattern=\u00bbwithout_pattern\u00bb z_index=\u00bb\u00bb el_id=\u00bbcontadores\u00bb][vc_column][vc_empty_space height=\u00bbspace_100&#8243; el_class=\u00bbspace_100&#8243;][\/vc_column][\/vc_row][vc_row css_animation=\u00bb\u00bb row_type=\u00bbrow\u00bb use_row_as_full_screen_section=\u00bbno\u00bb type=\u00bbgrid\u00bb angled_section=\u00bbno\u00bb text_align=\u00bbleft\u00bb background_image_as_pattern=\u00bbwithout_pattern\u00bb z_index=\u00bb\u00bb][vc_column][qode_elements_holder number_of_columns=\u00bbtwo_columns\u00bb][qode_elements_holder_item advanced_animations=\u00bbno\u00bb<\/p>\n","protected":false},"author":1,"featured_media":0,"parent":0,"menu_order":0,"comment_status":"closed","ping_status":"closed","template":"full_width.php","meta":{"footnotes":""},"class_list":["post-264","page","type-page","status-publish","hentry"],"_links":{"self":[{"href":"https:\/\/www.servaigua.com\/es\/wp-json\/wp\/v2\/pages\/264","targetHints":{"allow":["GET"]}}],"collection":[{"href":"https:\/\/www.servaigua.com\/es\/wp-json\/wp\/v2\/pages"}],"about":[{"href":"https:\/\/www.servaigua.com\/es\/wp-json\/wp\/v2\/types\/page"}],"author":[{"embeddable":true,"href":"https:\/\/www.servaigua.com\/es\/wp-json\/wp\/v2\/users\/1"}],"replies":[{"embeddable":true,"href":"https:\/\/www.servaigua.com\/es\/wp-json\/wp\/v2\/comments?post=264"}],"version-history":[{"count":47,"href":"https:\/\/www.servaigua.com\/es\/wp-json\/wp\/v2\/pages\/264\/revisions"}],"predecessor-version":[{"id":1424,"href":"https:\/\/www.servaigua.com\/es\/wp-json\/wp\/v2\/pages\/264\/revisions\/1424"}],"wp:attachment":[{"href":"https:\/\/www.servaigua.com\/es\/wp-json\/wp\/v2\/media?parent=264"}],"curies":[{"name":"wp","href":"https:\/\/api.w.org\/{rel}","templated":true}]}}