{"id":284,"date":"2019-11-14T15:05:52","date_gmt":"2019-11-14T14:05:52","guid":{"rendered":"https:\/\/www.servaigua.com\/?page_id=284"},"modified":"2022-07-19T16:33:39","modified_gmt":"2022-07-19T14:33:39","slug":"fontaneria-industrial","status":"publish","type":"page","link":"https:\/\/www.servaigua.com\/es\/fontaneria-industrial\/","title":{"rendered":"Fontaner\u00eda Industrial"},"content":{"rendered":"<div class=\"wpb-content-wrapper\"><p>[vc_row css_animation=\u00bb\u00bb row_type=\u00bbrow\u00bb use_row_as_full_screen_section=\u00bbno\u00bb type=\u00bbfull_width\u00bb angled_section=\u00bbno\u00bb text_align=\u00bbleft\u00bb background_image_as_pattern=\u00bbwithout_pattern\u00bb z_index=\u00bb\u00bb background_color=\u00bb#f3f3f7&#8243; css=\u00bb.vc_custom_1578385469726{background-image: url(https:\/\/www.servaigua.com\/wp-content\/uploads\/2019\/11\/agua.jpg?id=92) !important;}\u00bb el_class=\u00bbdisplay_none\u00bb][vc_column][vc_empty_space height=\u00bbspace_100&#8243; el_class=\u00bbspace_100&#8243;][vc_row_inner row_type=\u00bbrow\u00bb type=\u00bbgrid\u00bb text_align=\u00bbleft\u00bb css_animation=\u00bb\u00bb][vc_column_inner][vc_column_text]<\/p>\n<h1 class=\"title_titular\" style=\"text-align: center;\">Servicios<\/h1>\n<p>[\/vc_column_text][\/vc_column_inner][\/vc_row_inner][vc_empty_space height=\u00bbspace_100&#8243; el_class=\u00bbspace_100&#8243;][\/vc_column][\/vc_row][vc_row css_animation=\u00bb\u00bb row_type=\u00bbrow\u00bb use_row_as_full_screen_section=\u00bbno\u00bb type=\u00bbgrid\u00bb angled_section=\u00bbno\u00bb text_align=\u00bbleft\u00bb background_image_as_pattern=\u00bbwithout_pattern\u00bb z_index=\u00bb\u00bb el_id=\u00bbindustrial\u00bb][vc_column][vc_empty_space height=\u00bbspace_100&#8243; el_class=\u00bbspace_100&#8243;][\/vc_column][\/vc_row][vc_row css_animation=\u00bb\u00bb row_type=\u00bbrow\u00bb use_row_as_full_screen_section=\u00bbno\u00bb type=\u00bbgrid\u00bb angled_section=\u00bbno\u00bb text_align=\u00bbleft\u00bb background_image_as_pattern=\u00bbwithout_pattern\u00bb z_index=\u00bb\u00bb][vc_column][qode_elements_holder number_of_columns=\u00bbtwo_columns\u00bb][qode_elements_holder_item advanced_animations=\u00bbno\u00bb custom_class=\u00bbholder_izquierda\u00bb][vc_column_text]<\/p>\n<h1 class=\"titular_servicio\">Fontaner\u00eda Industrial<\/h1>\n<p>[\/vc_column_text][vc_raw_html]JTNDZGl2JTIwY2xhc3MlM0QlMjJzZXBhcmFkb3JfNTUlMjIlM0UlM0MlMkZkaXYlM0U=[\/vc_raw_html][vc_column_text]<\/p>\n<p class=\"big\">Somos especialistas en instalaciones de fontaner\u00eda en edificios industriales, grandes establecimientos de venta, superficies comerciales, oficinas centrales, etc.<br \/>\nTambi\u00e9n hacemos proyectos en edificios de viviendas de obra nueva o ya construidos.<\/p>\n<p>[\/vc_column_text][\/qode_elements_holder_item][qode_elements_holder_item advanced_animations=\u00bbno\u00bb][vc_single_image image=\u00bb1061&#8243; img_size=\u00bbfull\u00bb alignment=\u00bbcenter\u00bb qode_css_animation=\u00bb\u00bb][\/qode_elements_holder_item][\/qode_elements_holder][\/vc_column][\/vc_row][vc_row css_animation=\u00bb\u00bb row_type=\u00bbrow\u00bb use_row_as_full_screen_section=\u00bbno\u00bb type=\u00bbgrid\u00bb angled_section=\u00bbno\u00bb text_align=\u00bbleft\u00bb background_image_as_pattern=\u00bbwithout_pattern\u00bb z_index=\u00bb\u00bb][vc_column][vc_empty_space height=\u00bbspace_100&#8243; el_class=\u00bbspace_100&#8243;][\/vc_column][\/vc_row][vc_row css_animation=\u00bb\u00bb row_type=\u00bbrow\u00bb use_row_as_full_screen_section=\u00bbno\u00bb type=\u00bbgrid\u00bb angled_section=\u00bbno\u00bb text_align=\u00bbleft\u00bb background_image_as_pattern=\u00bbwithout_pattern\u00bb z_index=\u00bb\u00bb css=\u00bb.vc_custom_1573740763746{background-color: #f3f3f7 !important;}\u00bb][vc_column][vc_empty_space height=\u00bbspace_100&#8243; el_class=\u00bbspace_100&#8243;][\/vc_column][\/vc_row][vc_row css_animation=\u00bb\u00bb row_type=\u00bbrow\u00bb use_row_as_full_screen_section=\u00bbno\u00bb type=\u00bbgrid\u00bb angled_section=\u00bbno\u00bb text_align=\u00bbleft\u00bb background_image_as_pattern=\u00bbwithout_pattern\u00bb z_index=\u00bb\u00bb css=\u00bb.vc_custom_1573554607232{background-color: #f3f3f7 !important;}\u00bb][vc_column][qode_elements_holder number_of_columns=\u00bbtwo_columns\u00bb][qode_elements_holder_item advanced_animations=\u00bbno\u00bb]<div class=\"mpc-carousel__wrapper mpc-waypoint\"><div id=\"mpc_carousel_anything-8769dc3e66d8213\" class=\"mpc-carousel-anything mpc-init \"  data-mpcslick='{\"infinite\":true,\"autoplay\":true,\"slidesToShow\":1,\"slidesToScroll\":1,\"centerMode\":false,\"initialSlide\":0,\"autoplaySpeed\":4000}' data-slick-cols=\"1\">[vc_single_image image=\u00bb1063&#8243; img_size=\u00bbfull\u00bb alignment=\u00bbcenter\u00bb qode_css_animation=\u00bb\u00bb][vc_single_image image=\u00bb1065&#8243; img_size=\u00bbfull\u00bb alignment=\u00bbcenter\u00bb qode_css_animation=\u00bb\u00bb][vc_single_image image=\u00bb1067&#8243; img_size=\u00bbfull\u00bb alignment=\u00bbcenter\u00bb qode_css_animation=\u00bb\u00bb][vc_single_image image=\u00bb496&#8243; img_size=\u00bbfull\u00bb alignment=\u00bbcenter\u00bb qode_css_animation=\u00bb\u00bb]<\/div><div class=\"mpc-navigation mpc-init mpc-align--left mpc-navigation--style_4  mpc-nav-preset--mpc_preset_24\" data-mpcslider=\"mpc_carousel_anything-8769dc3e66d8213\"><div class=\"mpc-nav__arrow mpcslick-prev\"><div class=\"mpc-nav__icon mpc-transition\"><i class=\" eti eti_arrow_carrot-left\"><div class=\"mpc-nav__background mpc-transition mpc-effect-type--slide mpc-effect-side--right\"><\/div><\/i><\/div><\/div><\/div><div class=\"mpc-navigation mpc-init mpc-align--left mpc-navigation--style_4  mpc-nav-preset--mpc_preset_24\" data-mpcslider=\"mpc_carousel_anything-8769dc3e66d8213\"><div class=\"mpc-nav__arrow mpcslick-next\"><div class=\"mpc-nav__icon mpc-transition\"><i class=\" eti eti_arrow_carrot-right\"><div class=\"mpc-nav__background mpc-transition mpc-effect-type--slide mpc-effect-side--right\"><\/div><\/i><\/div><\/div><\/div><\/div>[\/qode_elements_holder_item][qode_elements_holder_item advanced_animations=\u00bbno\u00bb custom_class=\u00bbholder_derecha\u00bb][vc_column_text]Desde hace a\u00f1os realizamos las instalaciones interiores de los supermercados Mercadona donde, adem\u00e1s de la instalaci\u00f3n contraincendios, hacemos la instalaci\u00f3n interior completa, tuber\u00edas, instalaci\u00f3n en c\u00e1maras frigor\u00edficas, departamentos de venta de producto fresco\u00a0 y un servicio de asistencia permanente.<\/p>\n<p>Instalamos agua corriente, agua caliente, bajantes, grifer\u00eda, sanitarios, calderas, etc. y realizamos cambios del antiguo sistema de aforo (dep\u00f3sitos) y suministro directo (contadores).<\/p>\n<p>Instalamos todo tipo de tuber\u00edas y material de conducci\u00f3n: cobre, polietileno reticulado, polipropileno, acero inoxidable, hierro galvanizado, tubos multicapa y PVC.[\/vc_column_text][\/qode_elements_holder_item][\/qode_elements_holder][\/vc_column][\/vc_row][vc_row css_animation=\u00bb\u00bb row_type=\u00bbrow\u00bb use_row_as_full_screen_section=\u00bbno\u00bb type=\u00bbfull_width\u00bb angled_section=\u00bbno\u00bb text_align=\u00bbleft\u00bb background_image_as_pattern=\u00bbwithout_pattern\u00bb z_index=\u00bb\u00bb css=\u00bb.vc_custom_1573740789563{background-color: #f3f3f7 !important;}\u00bb][vc_column][vc_empty_space height=\u00bbspace_100&#8243; el_class=\u00bbspace_100&#8243;][\/vc_column][\/vc_row][vc_row css_animation=\u00bb\u00bb row_type=\u00bbrow\u00bb use_row_as_full_screen_section=\u00bbno\u00bb type=\u00bbfull_width\u00bb angled_section=\u00bbno\u00bb text_align=\u00bbleft\u00bb background_image_as_pattern=\u00bbwithout_pattern\u00bb z_index=\u00bb\u00bb][vc_column][vc_empty_space height=\u00bbspace_100&#8243; el_class=\u00bbspace_100&#8243;][\/vc_column][\/vc_row][vc_row css_animation=\u00bb\u00bb row_type=\u00bbrow\u00bb use_row_as_full_screen_section=\u00bbno\u00bb type=\u00bbgrid\u00bb angled_section=\u00bbno\u00bb text_align=\u00bbleft\u00bb background_image_as_pattern=\u00bbwithout_pattern\u00bb z_index=\u00bb\u00bb][vc_column][vc_column_text]<\/p>\n<h2 class=\"h1\">\u00bfQu\u00e9 ofrecemos?<\/h2>\n<p>[\/vc_column_text][vc_raw_html]JTNDZGl2JTIwY2xhc3MlM0QlMjJzZXBhcmFkb3JfNTUlMjIlM0UlM0MlMkZkaXYlM0U=[\/vc_raw_html]<div id=\"mpc_accordion-5669dc3e66d9a0d\" class=\"mpc-accordion mpc-init mpc-transition mpc-accordion--toggle mpc-accordion--indent mpc-accordion--indent \" ><ul class=\"mpc-accordion__content\"><li class=\"mpc-accordion__item \"><div class=\"mpc-accordion-item__heading mpc-transition mpc-typography--mpc_preset_20\"><div data-id=\"mpc_icon-1169dc3e66d99e4\" class=\"mpc-icon mpc-init mpc-transition mpc-effect-fade mpc-icon-hover \"><div class=\"mpc-icon-wrap\"><i class=\"mpc-icon-part mpc-regular mpc-transition  eti eti_plus_alt2\"><\/i><i class=\"mpc-icon-part mpc-hover mpc-transition  eti eti_minus_alt2\"><\/i><\/div><\/div><h3>Asesoramiento t\u00e9cnico<\/h3><\/div><div class=\"mpc-accordion-item__content mpc-container\" ><div class=\"mpc-accordion-item__indent\"><div data-id=\"mpc_icon-1169dc3e66d99e4\" class=\"mpc-icon mpc-init mpc-transition mpc-effect-fade mpc-icon-hover \"><div class=\"mpc-icon-wrap\"><i class=\"mpc-icon-part mpc-regular mpc-transition  eti eti_plus_alt2\"><\/i><i class=\"mpc-icon-part mpc-hover mpc-transition  eti eti_minus_alt2\"><\/i><\/div><\/div><\/div><div class=\"mpc-accordion-item__wrapper mpc-typography--mpc_preset_13\">[vc_column_text]Asesoramiento para obtener el mejor rendimiento y la mejor instalaci\u00f3n.<\/p>\n<p>[\/vc_column_text]<\/div><\/div><\/li><li class=\"mpc-accordion__item \"><div class=\"mpc-accordion-item__heading mpc-transition mpc-typography--mpc_preset_20\"><div data-id=\"mpc_icon-1169dc3e66d99e4\" class=\"mpc-icon mpc-init mpc-transition mpc-effect-fade mpc-icon-hover \"><div class=\"mpc-icon-wrap\"><i class=\"mpc-icon-part mpc-regular mpc-transition  eti eti_plus_alt2\"><\/i><i class=\"mpc-icon-part mpc-hover mpc-transition  eti eti_minus_alt2\"><\/i><\/div><\/div><h3>Realizaci\u00f3n del Proyecto Ejecutivo<\/h3><\/div><div class=\"mpc-accordion-item__content mpc-container\" ><div class=\"mpc-accordion-item__indent\"><div data-id=\"mpc_icon-1169dc3e66d99e4\" class=\"mpc-icon mpc-init mpc-transition mpc-effect-fade mpc-icon-hover \"><div class=\"mpc-icon-wrap\"><i class=\"mpc-icon-part mpc-regular mpc-transition  eti eti_plus_alt2\"><\/i><i class=\"mpc-icon-part mpc-hover mpc-transition  eti eti_minus_alt2\"><\/i><\/div><\/div><\/div><div class=\"mpc-accordion-item__wrapper mpc-typography--mpc_preset_13\">[vc_column_text]Valoramos las especificaciones del cliente y las consideraciones est\u00e9ticas del edificio para dise\u00f1ar el sistema y desarrollar el proyecto ejecutivo m\u00e1s adecuado.[\/vc_column_text]<\/div><\/div><\/li><li class=\"mpc-accordion__item \"><div class=\"mpc-accordion-item__heading mpc-transition mpc-typography--mpc_preset_20\"><div data-id=\"mpc_icon-1169dc3e66d99e4\" class=\"mpc-icon mpc-init mpc-transition mpc-effect-fade mpc-icon-hover \"><div class=\"mpc-icon-wrap\"><i class=\"mpc-icon-part mpc-regular mpc-transition  eti eti_plus_alt2\"><\/i><i class=\"mpc-icon-part mpc-hover mpc-transition  eti eti_minus_alt2\"><\/i><\/div><\/div><h3>Ayudas y Subvenciones<\/h3><\/div><div class=\"mpc-accordion-item__content mpc-container\" ><div class=\"mpc-accordion-item__indent\"><div data-id=\"mpc_icon-1169dc3e66d99e4\" class=\"mpc-icon mpc-init mpc-transition mpc-effect-fade mpc-icon-hover \"><div class=\"mpc-icon-wrap\"><i class=\"mpc-icon-part mpc-regular mpc-transition  eti eti_plus_alt2\"><\/i><i class=\"mpc-icon-part mpc-hover mpc-transition  eti eti_minus_alt2\"><\/i><\/div><\/div><\/div><div class=\"mpc-accordion-item__wrapper mpc-typography--mpc_preset_13\">[vc_column_text]Asesoramiento en la tramitaci\u00f3n y la obtenci\u00f3n de ayudas y subvenciones.[\/vc_column_text]<\/div><\/div><\/li><li class=\"mpc-accordion__item \"><div class=\"mpc-accordion-item__heading mpc-transition mpc-typography--mpc_preset_20\"><div data-id=\"mpc_icon-1169dc3e66d99e4\" class=\"mpc-icon mpc-init mpc-transition mpc-effect-fade mpc-icon-hover \"><div class=\"mpc-icon-wrap\"><i class=\"mpc-icon-part mpc-regular mpc-transition  eti eti_plus_alt2\"><\/i><i class=\"mpc-icon-part mpc-hover mpc-transition  eti eti_minus_alt2\"><\/i><\/div><\/div><h3>Direcci\u00f3n de obra<\/h3><\/div><div class=\"mpc-accordion-item__content mpc-container\" ><div class=\"mpc-accordion-item__indent\"><div data-id=\"mpc_icon-1169dc3e66d99e4\" class=\"mpc-icon mpc-init mpc-transition mpc-effect-fade mpc-icon-hover \"><div class=\"mpc-icon-wrap\"><i class=\"mpc-icon-part mpc-regular mpc-transition  eti eti_plus_alt2\"><\/i><i class=\"mpc-icon-part mpc-hover mpc-transition  eti eti_minus_alt2\"><\/i><\/div><\/div><\/div><div class=\"mpc-accordion-item__wrapper mpc-typography--mpc_preset_13\">[vc_column_text]Nuestros ingenieros y t\u00e9cnicos cualificados se implican en todas las fases del proceso, desde la direcci\u00f3n y coordinaci\u00f3n de los trabajos a realizar hasta la puesta en marcha de la instalaci\u00f3n.[\/vc_column_text]<\/div><\/div><\/li><li class=\"mpc-accordion__item \"><div class=\"mpc-accordion-item__heading mpc-transition mpc-typography--mpc_preset_20\"><div data-id=\"mpc_icon-1169dc3e66d99e4\" class=\"mpc-icon mpc-init mpc-transition mpc-effect-fade mpc-icon-hover \"><div class=\"mpc-icon-wrap\"><i class=\"mpc-icon-part mpc-regular mpc-transition  eti eti_plus_alt2\"><\/i><i class=\"mpc-icon-part mpc-hover mpc-transition  eti eti_minus_alt2\"><\/i><\/div><\/div><h3>Mantenimiento de instalaciones<\/h3><\/div><div class=\"mpc-accordion-item__content mpc-container\" ><div class=\"mpc-accordion-item__indent\"><div data-id=\"mpc_icon-1169dc3e66d99e4\" class=\"mpc-icon mpc-init mpc-transition mpc-effect-fade mpc-icon-hover \"><div class=\"mpc-icon-wrap\"><i class=\"mpc-icon-part mpc-regular mpc-transition  eti eti_plus_alt2\"><\/i><i class=\"mpc-icon-part mpc-hover mpc-transition  eti eti_minus_alt2\"><\/i><\/div><\/div><\/div><div class=\"mpc-accordion-item__wrapper mpc-typography--mpc_preset_13\">[vc_column_text]Ofrecemos los recursos humanos y t\u00e9cnicos necesarios para asegurar el correcto funcionamiento de la instalaci\u00f3n a lo largo de su vida \u00fatil.[\/vc_column_text]<\/div><\/div><\/li><li class=\"mpc-accordion__item \"><div class=\"mpc-accordion-item__heading mpc-transition mpc-typography--mpc_preset_20\"><div data-id=\"mpc_icon-1169dc3e66d99e4\" class=\"mpc-icon mpc-init mpc-transition mpc-effect-fade mpc-icon-hover \"><div class=\"mpc-icon-wrap\"><i class=\"mpc-icon-part mpc-regular mpc-transition  eti eti_plus_alt2\"><\/i><i class=\"mpc-icon-part mpc-hover mpc-transition  eti eti_minus_alt2\"><\/i><\/div><\/div><h3>Venta directa<\/h3><\/div><div class=\"mpc-accordion-item__content mpc-container\" ><div class=\"mpc-accordion-item__indent\"><div data-id=\"mpc_icon-1169dc3e66d99e4\" class=\"mpc-icon mpc-init mpc-transition mpc-effect-fade mpc-icon-hover \"><div class=\"mpc-icon-wrap\"><i class=\"mpc-icon-part mpc-regular mpc-transition  eti eti_plus_alt2\"><\/i><i class=\"mpc-icon-part mpc-hover mpc-transition  eti eti_minus_alt2\"><\/i><\/div><\/div><\/div><div class=\"mpc-accordion-item__wrapper mpc-typography--mpc_preset_13\">[vc_column_text]Puede adquirir el material necesario para el mantenimiento de los aparatos en nuestras instalaciones. Disponible tambi\u00e9n el env\u00edo a domicilio.[\/vc_column_text]<\/div><\/div><\/li><\/ul><\/div>[\/vc_column][\/vc_row][vc_row css_animation=\u00bb\u00bb row_type=\u00bbrow\u00bb use_row_as_full_screen_section=\u00bbno\u00bb type=\u00bbfull_width\u00bb angled_section=\u00bbno\u00bb text_align=\u00bbleft\u00bb background_image_as_pattern=\u00bbwithout_pattern\u00bb z_index=\u00bb\u00bb][vc_column][vc_empty_space height=\u00bbspace_100&#8243; el_class=\u00bbspace_100&#8243;][\/vc_column][\/vc_row][vc_row css_animation=\u00bb\u00bb row_type=\u00bbrow\u00bb use_row_as_full_screen_section=\u00bbno\u00bb type=\u00bbgrid\u00bb angled_section=\u00bbno\u00bb text_align=\u00bbleft\u00bb background_image_as_pattern=\u00bbwithout_pattern\u00bb z_index=\u00bb\u00bb][vc_column][qode_elements_holder number_of_columns=\u00bbtwo_columns\u00bb columns_proportion=\u00bb33_66&#8243;][qode_elements_holder_item advanced_animations=\u00bbno\u00bb custom_class=\u00bbholder_izquierda\u00bb][vc_column_text]<\/p>\n<h2 class=\"h1\">Contacta<br \/>\ncon nosotros<\/h2>\n<p>[\/vc_column_text][vc_raw_html]JTNDZGl2JTIwY2xhc3MlM0QlMjJzZXBhcmFkb3JfNTUlMjIlM0UlM0MlMkZkaXYlM0U=[\/vc_raw_html][vc_column_text]<\/p>\n<p class=\"big\" style=\"text-align: left;\"><a href=\"https:\/\/goo.gl\/maps\/YBuSLYXnyr34tz8D8\" target=\"_blank\" rel=\"noopener noreferrer\">C. del Mi\u00f1o, 112 nau 3<br \/>\n08223 Terrassa<\/a><\/p>\n<div class=\"space_20\"><\/div>\n<p style=\"text-align: left;\"><a href=\"tel:937316706\">Tel. 93 731 67 06<\/a><br \/>\nFax 93 731 91 51<\/p>\n<div class=\"space_20\"><\/div>\n<p><a href=\"mailto:servaigua@servaigua.com\">servaigua@servaigua.com<\/a>[\/vc_column_text][\/qode_elements_holder_item][qode_elements_holder_item advanced_animations=\u00bbno\u00bb custom_class=\u00bbholder_derecha border_left_form\u00bb][vc_raw_html]JTVCZm9ybWlkYWJsZSUyMGlkJTNEMiU1RA==[\/vc_raw_html][\/qode_elements_holder_item][\/qode_elements_holder][\/vc_column][\/vc_row][vc_row css_animation=\u00bb\u00bb row_type=\u00bbrow\u00bb use_row_as_full_screen_section=\u00bbno\u00bb type=\u00bbfull_width\u00bb angled_section=\u00bbno\u00bb text_align=\u00bbleft\u00bb background_image_as_pattern=\u00bbwithout_pattern\u00bb z_index=\u00bb\u00bb][vc_column][vc_empty_space height=\u00bbspace_100&#8243; el_class=\u00bbspace_100&#8243;][\/vc_column][\/vc_row][vc_row css_animation=\u00bb\u00bb row_type=\u00bbrow\u00bb use_row_as_full_screen_section=\u00bbno\u00bb type=\u00bbfull_width\u00bb angled_section=\u00bbno\u00bb text_align=\u00bbleft\u00bb background_image_as_pattern=\u00bbwithout_pattern\u00bb][vc_column][vc_single_image image=\u00bb79&#8243; img_size=\u00bbfull\u00bb alignment=\u00bbcenter\u00bb qode_css_animation=\u00bb\u00bb][\/vc_column][\/vc_row]<\/p>\n<\/div>","protected":false},"excerpt":{"rendered":"<p>[vc_row css_animation=\u00bb\u00bb row_type=\u00bbrow\u00bb use_row_as_full_screen_section=\u00bbno\u00bb type=\u00bbfull_width\u00bb angled_section=\u00bbno\u00bb text_align=\u00bbleft\u00bb background_image_as_pattern=\u00bbwithout_pattern\u00bb z_index=\u00bb\u00bb background_color=\u00bb#f3f3f7&#8243; css=\u00bb.vc_custom_1578385469726{background-image: url(https:\/\/www.servaigua.com\/wp-content\/uploads\/2019\/11\/agua.jpg?id=92) !important;}\u00bb el_class=\u00bbdisplay_none\u00bb][vc_column][vc_empty_space height=\u00bbspace_100&#8243; el_class=\u00bbspace_100&#8243;][vc_row_inner row_type=\u00bbrow\u00bb type=\u00bbgrid\u00bb text_align=\u00bbleft\u00bb css_animation=\u00bb\u00bb][vc_column_inner][vc_column_text] Servicios [\/vc_column_text][\/vc_column_inner][\/vc_row_inner][vc_empty_space height=\u00bbspace_100&#8243; el_class=\u00bbspace_100&#8243;][\/vc_column][\/vc_row][vc_row css_animation=\u00bb\u00bb row_type=\u00bbrow\u00bb use_row_as_full_screen_section=\u00bbno\u00bb type=\u00bbgrid\u00bb angled_section=\u00bbno\u00bb text_align=\u00bbleft\u00bb background_image_as_pattern=\u00bbwithout_pattern\u00bb z_index=\u00bb\u00bb el_id=\u00bbindustrial\u00bb][vc_column][vc_empty_space height=\u00bbspace_100&#8243; el_class=\u00bbspace_100&#8243;][\/vc_column][\/vc_row][vc_row css_animation=\u00bb\u00bb row_type=\u00bbrow\u00bb use_row_as_full_screen_section=\u00bbno\u00bb type=\u00bbgrid\u00bb angled_section=\u00bbno\u00bb text_align=\u00bbleft\u00bb background_image_as_pattern=\u00bbwithout_pattern\u00bb z_index=\u00bb\u00bb][vc_column][qode_elements_holder number_of_columns=\u00bbtwo_columns\u00bb][qode_elements_holder_item advanced_animations=\u00bbno\u00bb<\/p>\n","protected":false},"author":1,"featured_media":0,"parent":0,"menu_order":0,"comment_status":"closed","ping_status":"closed","template":"full_width.php","meta":{"footnotes":""},"class_list":["post-284","page","type-page","status-publish","hentry"],"_links":{"self":[{"href":"https:\/\/www.servaigua.com\/es\/wp-json\/wp\/v2\/pages\/284","targetHints":{"allow":["GET"]}}],"collection":[{"href":"https:\/\/www.servaigua.com\/es\/wp-json\/wp\/v2\/pages"}],"about":[{"href":"https:\/\/www.servaigua.com\/es\/wp-json\/wp\/v2\/types\/page"}],"author":[{"embeddable":true,"href":"https:\/\/www.servaigua.com\/es\/wp-json\/wp\/v2\/users\/1"}],"replies":[{"embeddable":true,"href":"https:\/\/www.servaigua.com\/es\/wp-json\/wp\/v2\/comments?post=284"}],"version-history":[{"count":22,"href":"https:\/\/www.servaigua.com\/es\/wp-json\/wp\/v2\/pages\/284\/revisions"}],"predecessor-version":[{"id":1047,"href":"https:\/\/www.servaigua.com\/es\/wp-json\/wp\/v2\/pages\/284\/revisions\/1047"}],"wp:attachment":[{"href":"https:\/\/www.servaigua.com\/es\/wp-json\/wp\/v2\/media?parent=284"}],"curies":[{"name":"wp","href":"https:\/\/api.w.org\/{rel}","templated":true}]}}