{"id":301,"date":"2019-11-19T11:16:56","date_gmt":"2019-11-19T10:16:56","guid":{"rendered":"https:\/\/www.servaigua.com\/?page_id=301"},"modified":"2024-03-18T20:22:13","modified_gmt":"2024-03-18T19:22:13","slug":"aviso-legal","status":"publish","type":"page","link":"https:\/\/www.servaigua.com\/es\/aviso-legal\/","title":{"rendered":"Aviso legal"},"content":{"rendered":"<div class=\"wpb-content-wrapper\"><p>[vc_row css_animation=\u00bb\u00bb row_type=\u00bbrow\u00bb use_row_as_full_screen_section=\u00bbno\u00bb type=\u00bbfull_width\u00bb angled_section=\u00bbno\u00bb text_align=\u00bbleft\u00bb background_image_as_pattern=\u00bbwithout_pattern\u00bb css=\u00bb.vc_custom_1574159197692{margin-top: 0px !important;margin-bottom: 25px !important;}\u00bb z_index=\u00bb\u00bb][vc_column][vc_column_text]<\/p>\n<h2 style=\"padding-bottom: 20px;\">Aviso legal y t\u00e9rminos generales de utilizaci\u00f3n del sitio web<\/h2>\n<p>Los datos identificativos del Responsable del sitio Web son los que figuran a continuaci\u00f3n: https:\/\/www.servaigua.com\/contacte\/<\/p>\n<p>El acceso y uso del sitio web de Servaigua atribuye a quien lo realiza la condici\u00f3n de \u201cUsuario\u201d que acepta plenamente y sin reservas las presentes condiciones generales, as\u00ed como las condiciones particulares que, en su caso, complementen, modifiquen o sustituyan las condiciones generales en relaci\u00f3n con determinados servicios y condiciones del sitio web.<\/p>\n<h3 style=\"padding-top: 25px;\">Acceso a la web<\/h3>\n<p>El sitio web es accesible 24\/7, excepto durante los per\u00edodos de mantenimiento. Servaigua no puede garantizar que el sitio web siempre estar\u00e1 operativo. Del mismo modo, no se puede responsabilizar de los resultados de eventos de fuerza mayor, aver\u00edas o problemas t\u00e9cnicos que afecten al hardware, los programas y el software o a Internet, lo que puede provocar la suspensi\u00f3n o la interrupci\u00f3n del servicio. Servaigua no se responsabiliza por demoras, dificultades de uso o incompatibilidad entre el sitio web actual y los archivos del usuario, el navegador o cualquier otro programa utilizado para acceder al sitio web.<\/p>\n<p>El sitio web est\u00e1 disponible de forma gratuita (excluyendo los costos de conexi\u00f3n al sitio web que permanecen a cargo del usuario).<\/p>\n<h3 style=\"padding-top: 25px;\">Condiciones Generales de Utilizaci\u00f3n del Sitio Web<\/h3>\n<h5><strong>Objeto<\/strong><\/h5>\n<p>Las presentes Condiciones Generales regulan el uso (incluyendo acceso, creaci\u00f3n, edici\u00f3n, modificaci\u00f3n y supresi\u00f3n) al presente sitio web de Servaigua, incluidos los contenidos y servicios puestos a disposici\u00f3n en el mismo. Cualquier persona que acceda al presente sitio se considera \u201cUsuario\u201d y acepta de forma, plena, autom\u00e1tica y voluntaria someterse a las Condiciones Generales vigentes en cada momento que acceda al presente sitio web, as\u00ed como a las condiciones particulares que, en su caso, le sean aplicables.<\/p>\n<p>Servaigua se reserva el derecho de modificar unilateralmente, en cualquier momento y sin necesidad de previo aviso, la estructura y dise\u00f1o del sitio web; modificar o eliminar servicios o contenidos as\u00ed como las condiciones de acceso y\/o uso del sitio web.<\/p>\n<h5 style=\"padding-top: 25px;\"><strong>Uso<\/strong><\/h5>\n<p>El Usuario es consciente y acepta que el uso del sitio web se realiza en todo caso bajo su \u00fanica responsabilidad, quedando prohibido el uso del sitio web con fines il\u00edcitos o lesivos para Servaigua o cualquier tercero. En la utilizaci\u00f3n del sitio web, el Usuario se compromete a no llevar a cabo ninguna conducta que pudiera da\u00f1ar la imagen, los intereses y\/o los derechos de Servaigua y\/o de terceros o que pudiera da\u00f1ar, inutilizar o sobrecargar el sitio web, o que impidiera de cualquier forma la normal utilizaci\u00f3n del sitio web.<\/p>\n<p>Servaigua adopta medidas de seguridad razonablemente adecuadas para detectar la existencia de virus, no obstante, el Usuario deber ser consciente que las medidas de seguridad de los sistemas inform\u00e1ticos en Internet no son enteramente fiables y que, por tanto, Servaigua no puede garantizar la inexistencia de virus u otros elementos que puedan producir alteraciones en los sistemas inform\u00e1ticos del Usuario o en sus documentos electr\u00f3nicos y ficheros contenidos en los mismos.<\/p>\n<h3 style=\"padding-top: 25px;\">Derechos de propiedad Industrial e Intelectual<\/h3>\n<p>Toda la informaci\u00f3n contenida en el sitio Web (im\u00e1genes, dise\u00f1os gr\u00e1ficos, c\u00f3digo fuente, dise\u00f1o, estructura de navegaci\u00f3n, bases de datos) es propiedad de Servaigua.<\/p>\n<p>Los derechos de explotaci\u00f3n sobre el presente sitio web y cualesquiera de sus contenidos, elementos y, en particular, los derechos de uso, explotaci\u00f3n, distribuci\u00f3n, transformaci\u00f3n y comunicaci\u00f3n p\u00fablica pertenecer\u00e1n en todo momento con car\u00e1cter exclusivo, durante la vigencia prevista legalmente respecto a tales derechos de propiedad industrial e intelectual y para todo el mundo a Servaigua, incluyendo cualquier mejora, adaptaci\u00f3n, traducci\u00f3n, perfeccionamiento de cualquiera de sus contenidos, elementos y dem\u00e1s materiales creados, editados y\/o modificados por el Usuario. El Usuario no podr\u00e1 utilizar, las marcas registradas por Servaigua, nombres comerciales, dise\u00f1os, know-how as\u00ed como cualquier otro signo distintivo de Servaigua, sin el previo y expreso consentimiento de la misma.<\/p>\n<p>El usuario no podr\u00e1 modificar ni reproducir, ni en parte ni en su totalidad, esta informaci\u00f3n, sin el consentimiento previo y expreso de Servaigua. Con car\u00e1cter enunciativo pero no limitativo:<\/p>\n<p><strong>1)<\/strong> El usuario no se encuentra autorizado a suprimir, eludir, manipular el \u00abcopyright\u00bb y dem\u00e1s datos identificativos de los derechos de Servaigua, as\u00ed como cualesquiera mecanismos de protecci\u00f3n.<\/p>\n<p><strong>2)<\/strong> El usuario no se encuentra autorizado para desmontar, descompilar o invertir las bases de datos en la que se almacena la informaci\u00f3n de la Web. Toda la informaci\u00f3n del sitio Web est\u00e1 protegida bajo los derechos de autor. La utilizaci\u00f3n no autorizada de la informaci\u00f3n contenida en esta Web, su reventa, as\u00ed como la lesi\u00f3n de los derechos de Propiedad Intelectual o Industrial de Servaigua, dar\u00e1 lugar a las responsabilidades legalmente establecidas. Las marcas (signos distintivos y logos) que aparecen en el sitio Web son titularidad exclusiva de Servaigua y est\u00e1n debidamente registrados o en proceso de registro. Las denominaciones de otros Productos, Servicios y Compa\u00f1\u00edas que aparezcan en este documento o en el sitio Web pueden ser marcas u otros signos distintivos registrados por sus respectivos y leg\u00edtimos propietarios.<\/p>\n<h3 style=\"padding-top: 25px;\">Exclusi\u00f3n de garant\u00edas y responsabilidades<\/h3>\n<p>Servaigua no es responsable de los da\u00f1os o perjuicios derivados del uso de los contenidos de su web. En especial, Servaigua no responde ni de los contenidos ni del estado de los enlaces o links que contiene este sitio web y que pueden conducir al usuario a otros sitios y p\u00e1ginas web gestionadas por terceros. Servaigua no responde ni de los contenidos ni del estado de dichos sitios y p\u00e1ginas web. El acceso a las mismas a trav\u00e9s de este sitio web tampoco implica que Servaigua recomiende o apruebe sus contenidos. Servaigua no se hace responsable de las deficiencias del servicio de su centro servidor, ni de las redes de comunicaci\u00f3n, ni de los problemas resultantes de mal funcionamiento o uso de versiones no optimizadas de los navegadores. Tanto el acceso al sitio web como el uso que pueda hacerse de la informaci\u00f3n contenida en el mismo es de exclusiva responsabilidad de quien lo realiza. Servaigua no responder\u00e1 de ninguna consecuencia, da\u00f1o o perjuicio que pudiera derivarse de dicho acceso o uso de la informaci\u00f3n. Servaigua no se hace responsable de los posibles errores de seguridad que se puedan producir ni de los posibles da\u00f1os que pudieran causarse al sistema inform\u00e1tico del usuario, los ficheros o documentos almacenados en el mismo, como consecuencia de la presencia de virus en el ordenador del usuario utilizado para conexi\u00f3n a los servicios y contenidos de la web, de un mal funcionamiento del navegador o del uso de versiones no actualizadas del mismo.<\/p>\n<h3 style=\"padding-top: 25px;\">Hiperenlaces y sitios enlazados<\/h3>\n<p>El establecimiento de Hiperenlaces no implica en ning\u00fan caso la existencia de relaciones entre Servaigua y el propietario del sitio o de la p\u00e1gina web en la que se establezca el Hiperenlace, ni la aceptaci\u00f3n o aprobaci\u00f3n por parte de Servaigua de sus contenidos o servicios. En todo caso, Servaigua se reserva el derecho a prohibir o inutilizar en cualquier momento cualquier hiperenlace a su sitio web, especialmente en los supuestos de ilicitud de la actividad o contenidos del sitio web en que se incluye el hiperenlace.<\/p>\n<p>En el sitio Web de Servaigua se pone a disposici\u00f3n del Usuario, \u00fanicamente para la b\u00fasqueda de, y acceso a, la informaci\u00f3n, contenidos y servicios disponibles en Internet, Hiperenlaces o dispositivos t\u00e9cnicos de enlace (e.g. links o botones), que permiten al Usuario el acceso a sitios o portales de Internet pertenecientes o gestionados por terceros (Sitios Enlazados). Servaigua no ofrece ni comercializa por s\u00ed y\/o por medio de terceros la informaci\u00f3n, contenidos y servicios disponibles en los Sitios Enlazados, ni aprueba, supervisa o controla en modo alguno los contenidos y servicios, as\u00ed como cualquier material de cualquier naturaleza existente en los mismos, asumiendo el Usuario de manera exclusiva toda la responsabilidad de la navegaci\u00f3n a trav\u00e9s de los mismos.<\/p>\n<h3 style=\"padding-top: 25px;\">Legislaci\u00f3n aplicable<\/h3>\n<p>Las presentes condiciones generales se regir\u00e1n por la legislaci\u00f3n espa\u00f1ola.[\/vc_column_text][vc_empty_space height=\u00bb62px\u00bb][\/vc_column][\/vc_row]<\/p>\n<\/div>","protected":false},"excerpt":{"rendered":"<p>[vc_row css_animation=\u00bb\u00bb row_type=\u00bbrow\u00bb use_row_as_full_screen_section=\u00bbno\u00bb type=\u00bbfull_width\u00bb angled_section=\u00bbno\u00bb text_align=\u00bbleft\u00bb background_image_as_pattern=\u00bbwithout_pattern\u00bb css=\u00bb.vc_custom_1574159197692{margin-top: 0px !important;margin-bottom: 25px !important;}\u00bb z_index=\u00bb\u00bb][vc_column][vc_column_text] Aviso legal y t\u00e9rminos generales de utilizaci\u00f3n del sitio web Los datos identificativos del Responsable del sitio Web son los que figuran a continuaci\u00f3n: https:\/\/www.servaigua.com\/contacte\/ El acceso y uso del sitio<\/p>\n","protected":false},"author":1,"featured_media":0,"parent":0,"menu_order":0,"comment_status":"closed","ping_status":"closed","template":"","meta":{"footnotes":""},"class_list":["post-301","page","type-page","status-publish","hentry"],"_links":{"self":[{"href":"https:\/\/www.servaigua.com\/es\/wp-json\/wp\/v2\/pages\/301","targetHints":{"allow":["GET"]}}],"collection":[{"href":"https:\/\/www.servaigua.com\/es\/wp-json\/wp\/v2\/pages"}],"about":[{"href":"https:\/\/www.servaigua.com\/es\/wp-json\/wp\/v2\/types\/page"}],"author":[{"embeddable":true,"href":"https:\/\/www.servaigua.com\/es\/wp-json\/wp\/v2\/users\/1"}],"replies":[{"embeddable":true,"href":"https:\/\/www.servaigua.com\/es\/wp-json\/wp\/v2\/comments?post=301"}],"version-history":[{"count":30,"href":"https:\/\/www.servaigua.com\/es\/wp-json\/wp\/v2\/pages\/301\/revisions"}],"predecessor-version":[{"id":1187,"href":"https:\/\/www.servaigua.com\/es\/wp-json\/wp\/v2\/pages\/301\/revisions\/1187"}],"wp:attachment":[{"href":"https:\/\/www.servaigua.com\/es\/wp-json\/wp\/v2\/media?parent=301"}],"curies":[{"name":"wp","href":"https:\/\/api.w.org\/{rel}","templated":true}]}}