{"id":326,"date":"2019-11-19T11:58:09","date_gmt":"2019-11-19T10:58:09","guid":{"rendered":"https:\/\/www.servaigua.com\/?page_id=326"},"modified":"2024-03-21T09:59:06","modified_gmt":"2024-03-21T08:59:06","slug":"politica-de-cookies","status":"publish","type":"page","link":"https:\/\/www.servaigua.com\/es\/politica-de-cookies\/","title":{"rendered":"Pol\u00edtica de cookies"},"content":{"rendered":"<div class=\"wpb-content-wrapper\"><p>[vc_row css_animation=\u00bb\u00bb row_type=\u00bbrow\u00bb use_row_as_full_screen_section=\u00bbno\u00bb type=\u00bbfull_width\u00bb angled_section=\u00bbno\u00bb text_align=\u00bbleft\u00bb background_image_as_pattern=\u00bbwithout_pattern\u00bb][vc_column][vc_column_text]<\/p>\n<h3>1. \u00bfQu\u00e9 son las cookies?<\/h3>\n<p>Las cookies son peque\u00f1os paquetes de datos que se descargan al acceder a la web. En general, estas tecnolog\u00edas pueden servir para finalidades muy diversas, como, por ejemplo, reconocerte como usuario, obtener informaci\u00f3n sobre tus h\u00e1bitos de navegaci\u00f3n, o personalizar la forma en que se muestra el contenido. Los usos concretos que hacemos de estas tecnolog\u00edas se describen en el cuadro que figura al final del apartado siguiente.<\/p>\n<h3 style=\"padding-top: 20px;\">2. Tipos de cookies.<\/h3>\n<p><span style=\"color: #000000;\">Seg\u00fan la entidad, la finalidad o el plazo para la que se traten los datos obtenidos a trav\u00e9s de las cookies, \u00e9stas pueden ser:<\/span><\/p>\n<p><span style=\"color: #000000;\"><strong>a)<\/strong> Seg\u00fan la entidad que las gestione:<\/span><\/p>\n<ul>\n<li><span style=\"color: #000000;\">Cookies propias: Son aquellas que se env\u00edan al equipo terminal del usuario desde un equipo o dominio gestionado por el propio editor y desde el que se presta el servicio solicitado por el usuario.<\/span><\/li>\n<li><span style=\"color: #000000;\">Cookies de terceros: Son aquellas que se env\u00edan al equipo terminal del usuario desde un equipo o dominio que no es gestionado por el editor, sino por otra entidad que trata los datos obtenidos a trav\u00e9s de las cookies.<\/span><\/li>\n<\/ul>\n<p><span style=\"color: #000000;\"><strong>b)<\/strong> Seg\u00fan su finalidad:<\/span><\/p>\n<ul>\n<li><span style=\"color: #000000;\"><strong>Cookies necesarias:<\/strong> Son aquellas que permiten al usuario navegar a trav\u00e9s del sitio web y utilizar las diferentes opciones o servicios que en ella existen como podr\u00eda ser controlar el tr\u00e1fico y comunicaci\u00f3n de datos, realizar el proceso de compra de un pedido o utilizar elementos de seguridad durante la navegaci\u00f3n.<\/span><\/li>\n<li><span style=\"color: #000000;\"><strong>Cookies de preferencias:<\/strong> Son aquellas que permiten recordar informaci\u00f3n para que el usuario acceda al servicio con determinadas caracter\u00edsticas que pueden diferenciar su experiencia de la de otros usuarios, como por ejemplo, las configuraciones del usuario respecto al idioma, el n\u00famero de resultados a mostrar cuando el usuario realiza una b\u00fasqueda, el aspecto o contenido del servicio en funci\u00f3n del tipo de navegador a trav\u00e9s del cual el usuario accede al mismo o la configuraci\u00f3n regional desde donde se accede al servicio.<\/span><\/li>\n<li><span style=\"color: #000000;\"><strong>Cookies de estad\u00edstica:<\/strong> Son aquellas que permiten realizar el seguimiento y an\u00e1lisis del comportamiento de los usuarios en los sitios web. La informaci\u00f3n recogida mediante este tipo de cookies se utiliza para la medici\u00f3n de la actividad de los sitios web, aplicaci\u00f3n o plataforma y para la elaboraci\u00f3n de perfiles de navegaci\u00f3n de los usuarios de dichos sitios, con el fin de introducir mejoras en el servicio en funci\u00f3n de los datos de uso.<\/span><\/li>\n<li><span style=\"color: #000000;\"><strong>Cookies marketing:<\/strong> Son aquellas que permiten la gesti\u00f3n eficaz de los espacios publicitarios que se han incluido en el sitio web desde la que se presta el servicio. Permiten adecuar el contenido de la publicidad para que \u00e9sta sea relevante para el usuario y para evitar mostrar anuncios que el usuario ya haya visto.<\/span><\/li>\n<li><span style=\"color: #000000;\"><strong>Cookies de publicidad comportamental:<\/strong> Son aquellas que permiten la gesti\u00f3n, de la forma m\u00e1s eficaz posible, de los espacios publicitarios que, en su caso, el editor haya incluido en un sitio web, aplicaci\u00f3n o plataforma desde la que presta el servicio solicitado. Estas cookies almacenan informaci\u00f3n del comportamiento de los usuarios obtenida a trav\u00e9s de la observaci\u00f3n continuada de sus h\u00e1bitos de navegaci\u00f3n, lo que permite desarrollar un perfil espec\u00edfico para mostrar publicidad en funci\u00f3n de \u00e9ste.<\/span><\/li>\n<li><span style=\"color: #000000;\"><strong>Cookies de redes sociales externas:<\/strong> Son aquellas que se utilizan para que los usuarios puedan interactuar con el contenido de diferentes plataformas sociales (por ejemplo, Facebook), y se utilizan por estos terceros para realizar publicidad comportamental, el an\u00e1lisis y seguimiento y la investigaci\u00f3n de los mercados por parte del tercero titular de la red social, as\u00ed como para finalidades que aparecen en sus condiciones legales.<\/span><\/li>\n<\/ul>\n<p><span style=\"color: #000000;\"><strong>c)<\/strong> Seg\u00fan el plazo de tiempo que permanecen activadas:<\/span><\/p>\n<ul>\n<li><span style=\"color: #000000;\"><strong>Cookies de sesi\u00f3n:<\/strong> Son aquellas dise\u00f1adas para recabar y almacenar datos mientras el usuario accede al sitio web. Se suelen emplear para almacenar informaci\u00f3n que solo interesa conservar para la prestaci\u00f3n del servicio solicitado por el usuario en una sola ocasi\u00f3n (por ejemplo, una lista de productos adquiridos) y desaparecen al terminar la sesi\u00f3n.<\/span><\/li>\n<li><span style=\"color: #000000;\"><strong>Cookies persistentes:<\/strong> Son aquellas en las que los datos siguen almacenados en el terminal y pueden ser accedidos y tratados durante un periodo definido por el responsable de la cookie, y que puede ir de unos minutos a varios a\u00f1os.<\/span><\/li>\n<\/ul>\n<h3 style=\"padding-top: 20px;\">3. Tipos de cookies que utiliza el sitio web y c\u00f3mo administrarlas<\/h3>\n<p>Esta p\u00e1gina web usa cookies. Utilizamos cookies propias y de terceros para analizar nuestros servicios y mostrarte publicidad relacionada con tus preferencias en base a un perfil elaborado a partir de tus h\u00e1bitos de navegaci\u00f3n. Adicionalmente utilizamos cookies de complemento de redes sociales. Puedes aceptar todas las cookies pulsando \u201c Aceptar cookies\u201d\u00b7 Tambi\u00e9n puedes permitir o rechazar las cookies de forma granular pulsando \u201cConfigurar\u201d. Si pulsas \u201cRechazar cookies\u201d, equivaldr\u00e1 a rechazar la instalaci\u00f3n de todas las cookies salvo las necesarias que son indispensables para que el sitio web funcione y que por tanto no se pueden desactivar. Puedes consultar m\u00e1s informaci\u00f3n en nuestra <a href=\"https:\/\/www.servaigua.com\/es\/politica-de-cookies\/\">Pol\u00edtica de Cookies<\/a>.<\/p>\n<p>Las cookies son peque\u00f1os archivos de texto que las p\u00e1ginas web pueden utilizar para hacer m\u00e1s eficiente la experiencia del usuario.<br \/>\nLa ley afirma que podemos almacenar cookies en su dispositivo si son estrictamente necesarias para el funcionamiento de esta p\u00e1gina. Para todos los dem\u00e1s tipos de cookies necesitamos su permiso.<\/p>\n<p>Esta p\u00e1gina utiliza diferentes tipos de cookies. Algunas cookies son colocadas por servicios de terceros que aparecen en nuestras p\u00e1ginas.<br \/>\nEn cualquier momento puede cambiar o retirar su consentimiento desde la Declaraci\u00f3n de cookies en nuestro sitio web.<\/p>\n<p>Obtenga m\u00e1s informaci\u00f3n sobre qui\u00e9nes somos, c\u00f3mo puede contactarnos y c\u00f3mo procesamos los datos personales en nuestra <a href=\"https:\/\/www.servaigua.com\/politica-privacidad\">Pol\u00edtica de privacidad<\/a>.<\/p>\n<p>Al contactarnos respecto a su consentimiento, por favor, indique el ID y la fecha de su consentimiento. Su consentimiento se aplica a los siguientes dominios: www.servaigua.com<\/p>\n<p>&nbsp;<\/p>\n<table style=\"height: 314px;\" border=\"1\" width=\"880\" cellspacing=\"0\" cellpadding=\"5\">\n<thead>\n<tr>\n<th>Nombre<\/th>\n<th>Finalidad<\/th>\n<th>Descripci\u00f3n<\/th>\n<th>Duraci\u00f3n<\/th>\n<th>Gestor<\/th>\n<\/tr>\n<\/thead>\n<tbody>\n<tr>\n<td style=\"text-align: center;\">CookieLawInfoConsent<\/td>\n<td style=\"text-align: center;\">T\u00e9cnica<\/td>\n<td style=\"text-align: center;\">\n<div class=\"traductor-textarea form-group\">\n<div class=\"textarea-desti col-xs-12 col-sm-6\">\n<div class=\"form-control second-textarea\">Identificar si se aceptan las cookies<\/div>\n<\/div>\n<\/div>\n<\/td>\n<td style=\"text-align: center;\">1 a\u00f1o<\/td>\n<td style=\"text-align: center;\">Propia<\/td>\n<\/tr>\n<tr>\n<td style=\"text-align: center;\">cookielawinfo-checkbox-necessary<\/td>\n<td style=\"text-align: center;\">T\u00e9cnica<\/td>\n<td style=\"text-align: center;\">Identificar si se aceptan las cookies<\/td>\n<td style=\"text-align: center;\">1 a\u00f1o<\/td>\n<td style=\"text-align: center;\">Propia<\/td>\n<\/tr>\n<tr>\n<td style=\"text-align: center;\">cookielawinfo-checkbox-non-necessary<\/td>\n<td style=\"text-align: center;\">T\u00e9cnica<\/td>\n<td style=\"text-align: center;\">Identificar si se aceptan las cookies<\/td>\n<td style=\"text-align: center;\">1 a\u00f1o<\/td>\n<td style=\"text-align: center;\">Propia<\/td>\n<\/tr>\n<tr>\n<td style=\"text-align: center;\">viewed_cookie_policy<\/td>\n<td style=\"text-align: center;\">T\u00e9cnica<\/td>\n<td style=\"text-align: center;\">Identificar si se aceptan las cookies<\/td>\n<td style=\"text-align: center;\">1 a\u00f1o<\/td>\n<td style=\"text-align: center;\">Propia<\/td>\n<\/tr>\n<tr>\n<td style=\"text-align: center;\">AEC<\/td>\n<td style=\"text-align: center;\">T\u00e9cnica<\/td>\n<td>\n<div class=\"traductor-textarea form-group\">\n<div class=\"textarea-desti col-xs-12 col-sm-6\">\n<div class=\"form-control second-textarea\" style=\"text-align: center;\">\n<div class=\"traductor-textarea form-group\">\n<div class=\"textarea-desti col-xs-12 col-sm-6\">\n<div class=\"form-control second-textarea\">Recordar tus preferencias<\/div>\n<\/div>\n<\/div>\n<\/div>\n<\/div>\n<\/div>\n<\/td>\n<td style=\"text-align: center;\">13 meses<\/td>\n<td style=\"text-align: center;\">Google<\/td>\n<\/tr>\n<tr>\n<td style=\"text-align: center;\">SOCS<\/td>\n<td style=\"text-align: center;\">T\u00e9cnica<\/td>\n<td>\n<div class=\"traductor-textarea form-group\">\n<div class=\"textarea-desti col-xs-12 col-sm-6\">\n<div class=\"form-control second-textarea\" style=\"text-align: center;\">Recordar tus preferencias<\/div>\n<\/div>\n<\/div>\n<\/td>\n<td style=\"text-align: center;\">13 meses<\/td>\n<td style=\"text-align: center;\">Google<\/td>\n<\/tr>\n<tr>\n<td style=\"text-align: center;\">__Secure-ENID<\/td>\n<td style=\"text-align: center;\">T\u00e9cnica<\/td>\n<td>\n<div class=\"traductor-textarea form-group\">\n<div class=\"textarea-desti col-xs-12 col-sm-6\">\n<div class=\"form-control second-textarea\" style=\"text-align: center;\">Recordar tus preferencias<\/div>\n<\/div>\n<\/div>\n<\/td>\n<td style=\"text-align: center;\">13 meses<\/td>\n<td style=\"text-align: center;\">Google<\/td>\n<\/tr>\n<tr>\n<td><\/td>\n<td><\/td>\n<td><\/td>\n<td><\/td>\n<td><\/td>\n<\/tr>\n<\/tbody>\n<\/table>\n<h3 style=\"padding-top: 20px;\">4. \u00bfC\u00f3mo administrar las cookies?<\/h3>\n<p><span style=\"color: #000000;\"><strong>4.1.<\/strong> El usuario tiene la opci\u00f3n de permitir, bloquear o eliminar las cookies instaladas en su dispositivo a trav\u00e9s del panel de configuraci\u00f3n.<\/span><br \/>\n<span style=\"color: #000000;\">Cambiar su consentimiento | Retirar su consentimiento.<\/span><\/p>\n<p><span style=\"color: #000000;\"><strong>4.2. <\/strong>Adem\u00e1s, el usuario tiene la opci\u00f3n de permitir, bloquear o eliminar las cookies instaladas en su equipo mediante la configuraci\u00f3n de las opciones del navegador instalado en su terminal. Para obtener m\u00e1s informaci\u00f3n, consulte las instrucciones y manuales de su navegador para ampliar esta informaci\u00f3n:<\/span><\/p>\n<p><span style=\"color: #000000;\">\u2022 Microsoft Internet Explorer<\/span><br \/>\n<span style=\"color: #000000;\">\u2022 Mozilla Firefox<\/span><br \/>\n<span style=\"color: #000000;\">\u2022 Apple Safari<\/span><br \/>\n<span style=\"color: #000000;\">\u2022 Google Chrome<\/span><\/p>\n<p><span style=\"color: #000000;\">No obstante, la inhabilitaci\u00f3n de las cookies podr\u00eda modificar el funcionamiento del sitio web. En caso de bloquear el uso de cookies en su navegador es posible que algunos servicios o funcionalidades del sitio web no est\u00e9n disponibles.<\/span><\/p>\n<h3 style=\"padding-top: 20px;\">5. Actualizaci\u00f3n de la pol\u00edtica de cookies<\/h3>\n<p>En el caso de que las caracter\u00edsticas o fines de uso de las cookies de esta p\u00e1gina web sean modificadas, se le informar\u00e1 acerca de esos cambios con el fin de recabar nuevamente su consentimiento en aquellos casos en que fuese necesario.[\/vc_column_text][vc_empty_space height=\u00bb62px\u00bb][\/vc_column][\/vc_row]<\/p>\n<\/div>","protected":false},"excerpt":{"rendered":"<p>[vc_row css_animation=\u00bb\u00bb row_type=\u00bbrow\u00bb use_row_as_full_screen_section=\u00bbno\u00bb type=\u00bbfull_width\u00bb angled_section=\u00bbno\u00bb text_align=\u00bbleft\u00bb background_image_as_pattern=\u00bbwithout_pattern\u00bb][vc_column][vc_column_text] 1. \u00bfQu\u00e9 son las cookies? Las cookies son peque\u00f1os paquetes de datos que se descargan al acceder a la web. En general, estas tecnolog\u00edas pueden servir para finalidades muy diversas, como, por ejemplo, reconocerte como usuario, obtener<\/p>\n","protected":false},"author":1,"featured_media":0,"parent":0,"menu_order":0,"comment_status":"closed","ping_status":"closed","template":"","meta":{"footnotes":""},"class_list":["post-326","page","type-page","status-publish","hentry"],"_links":{"self":[{"href":"https:\/\/www.servaigua.com\/es\/wp-json\/wp\/v2\/pages\/326","targetHints":{"allow":["GET"]}}],"collection":[{"href":"https:\/\/www.servaigua.com\/es\/wp-json\/wp\/v2\/pages"}],"about":[{"href":"https:\/\/www.servaigua.com\/es\/wp-json\/wp\/v2\/types\/page"}],"author":[{"embeddable":true,"href":"https:\/\/www.servaigua.com\/es\/wp-json\/wp\/v2\/users\/1"}],"replies":[{"embeddable":true,"href":"https:\/\/www.servaigua.com\/es\/wp-json\/wp\/v2\/comments?post=326"}],"version-history":[{"count":16,"href":"https:\/\/www.servaigua.com\/es\/wp-json\/wp\/v2\/pages\/326\/revisions"}],"predecessor-version":[{"id":1257,"href":"https:\/\/www.servaigua.com\/es\/wp-json\/wp\/v2\/pages\/326\/revisions\/1257"}],"wp:attachment":[{"href":"https:\/\/www.servaigua.com\/es\/wp-json\/wp\/v2\/media?parent=326"}],"curies":[{"name":"wp","href":"https:\/\/api.w.org\/{rel}","templated":true}]}}