{"id":95,"date":"2019-11-11T16:11:08","date_gmt":"2019-11-11T15:11:08","guid":{"rendered":"https:\/\/www.servaigua.com\/?page_id=95"},"modified":"2026-02-23T09:54:12","modified_gmt":"2026-02-23T08:54:12","slug":"servicios","status":"publish","type":"page","link":"https:\/\/www.servaigua.com\/es\/servicios\/","title":{"rendered":"Servicios"},"content":{"rendered":"<div class=\"wpb-content-wrapper\"><p>[vc_row css_animation=\u00bb\u00bb row_type=\u00bbrow\u00bb use_row_as_full_screen_section=\u00bbno\u00bb type=\u00bbfull_width\u00bb angled_section=\u00bbno\u00bb text_align=\u00bbleft\u00bb background_image_as_pattern=\u00bbwithout_pattern\u00bb z_index=\u00bb\u00bb background_color=\u00bb#f3f3f7&#8243; css=\u00bb.vc_custom_1573551589126{background-image: url(https:\/\/www.servaigua.com\/wp-content\/uploads\/2019\/11\/agua.jpg?id=92) !important;}\u00bb][vc_column][vc_empty_space height=\u00bbspace_100&#8243; el_class=\u00bbspace_100&#8243;][vc_row_inner row_type=\u00bbrow\u00bb type=\u00bbgrid\u00bb text_align=\u00bbleft\u00bb css_animation=\u00bb\u00bb][vc_column_inner][vc_column_text]<\/p>\n<h1 class=\"title_titular\" style=\"text-align: center;\">Servicios<\/h1>\n<p>[\/vc_column_text][\/vc_column_inner][\/vc_row_inner][vc_empty_space height=\u00bbspace_100&#8243; el_class=\u00bbspace_100&#8243;][\/vc_column][\/vc_row][vc_row css_animation=\u00bb\u00bb row_type=\u00bbrow\u00bb use_row_as_full_screen_section=\u00bbno\u00bb type=\u00bbfull_width\u00bb angled_section=\u00bbno\u00bb text_align=\u00bbleft\u00bb background_image_as_pattern=\u00bbwithout_pattern\u00bb z_index=\u00bb\u00bb][vc_column][vc_empty_space height=\u00bbspace_100&#8243; el_class=\u00bbspace_100&#8243;][\/vc_column][\/vc_row][vc_row css_animation=\u00bb\u00bb row_type=\u00bbrow\u00bb use_row_as_full_screen_section=\u00bbno\u00bb type=\u00bbfull_width\u00bb angled_section=\u00bbno\u00bb text_align=\u00bbleft\u00bb background_image_as_pattern=\u00bbwithout_pattern\u00bb z_index=\u00bb\u00bb][vc_column][vc_column_text]<\/p>\n<p class=\"big\" style=\"text-align: center;\">Somos expertos en prevenci\u00f3n, ingenier\u00eda del agua e instalaciones industriales.<\/p>\n<p>[\/vc_column_text][\/vc_column][\/vc_row][vc_row css_animation=\u00bb\u00bb row_type=\u00bbrow\u00bb use_row_as_full_screen_section=\u00bbno\u00bb type=\u00bbfull_width\u00bb angled_section=\u00bbno\u00bb text_align=\u00bbleft\u00bb background_image_as_pattern=\u00bbwithout_pattern\u00bb z_index=\u00bb\u00bb][vc_column][vc_empty_space height=\u00bbspace_100&#8243; el_class=\u00bbspace_100&#8243;][\/vc_column][\/vc_row][vc_row css_animation=\u00bb\u00bb row_type=\u00bbrow\u00bb use_row_as_full_screen_section=\u00bbno\u00bb type=\u00bbfull_width\u00bb angled_section=\u00bbno\u00bb text_align=\u00bbleft\u00bb background_image_as_pattern=\u00bbwithout_pattern\u00bb z_index=\u00bb\u00bb el_class=\u00bbcustom_container servicios\u00bb][vc_column width=\u00bb1\/3&#8243;][vc_row_inner row_type=\u00bbrow\u00bb type=\u00bbfull_width\u00bb text_align=\u00bbleft\u00bb css_animation=\u00bb\u00bb][vc_column_inner el_class=\u00bbcard_pagina_servicios\u00bb][vc_single_image image=\u00bb510&#8243; img_size=\u00bbfull\u00bb alignment=\u00bbcenter\u00bb onclick=\u00bbcustom_link\u00bb qode_css_animation=\u00bb\u00bb link=\u00bb#\u00bb][vc_column_text]<\/p>\n<div class=\"contenido_card_page_service\">\n<div class=\"bloque_texto\">\n<h3 class=\"titulo_sercicio_home\">Alquiler<br \/>\nde contadores<\/h3>\n<p class=\"small_2\">Servaigua ofrece el servicio de alquiler, instalaci\u00f3n y sustituci\u00f3n de contadores en la ciudad de Terrassa.<\/p>\n<p>&nbsp;<\/p>\n<\/div>\n<div class=\"space_30\">\n<p><a class=\"boton_1\" href=\"\/es\/alquiler-de-contadores#contadores\">+ Info<\/a> <a class=\"boton_area\" href=\"https:\/\/ov.servaigua.com\/\" target=\"_blank\" rel=\"noopener noreferrer\">\u00c1rea clientes<\/a><\/p>\n<div class=\"space_30\"><\/div>\n<p><a class=\"boton_1\" href=\"https:\/\/www.caixabank.es\/particular\/pagos\/impuestosrecibosmatriculas_es.html\" target=\"_blank\" rel=\"noopener noreferrer\">Pagar alquiler contador<\/a><\/p>\n<div class=\"space_30\"><\/div>\n<\/div>\n<p>[\/vc_column_text][vc_column_text]<\/p>\n<div class=\"icono_servicio\"><img decoding=\"async\" src=\"\/wp-content\/uploads\/2019\/11\/contador_blanco.png\" alt=\"\" \/><\/div>\n<p>[\/vc_column_text][\/vc_column_inner][\/vc_row_inner][vc_empty_space height=\u00bbspace_80&#8243; el_class=\u00bbspace_80&#8243;][\/vc_column][vc_column width=\u00bb1\/3&#8243;][vc_row_inner row_type=\u00bbrow\u00bb type=\u00bbfull_width\u00bb text_align=\u00bbleft\u00bb css_animation=\u00bb\u00bb][vc_column_inner el_class=\u00bbcard_pagina_servicios\u00bb][vc_single_image image=\u00bb833&#8243; img_size=\u00bbfull\u00bb alignment=\u00bbcenter\u00bb onclick=\u00bbcustom_link\u00bb qode_css_animation=\u00bb\u00bb link=\u00bb#\u00bb][vc_column_text]<\/p>\n<div class=\"contenido_card_page_service\">\n<div class=\"bloque_texto\">\n<h3 class=\"titulo_sercicio_home\">Sistema sif\u00f3nico<br \/>\nSIAQUA<\/h3>\n<p class=\"small_2\">Somos la \u00fanica distribuidora en Espa\u00f1a del sistema sif\u00f3nico de drenaje de cubiertas Siaqua. Ofrecemos un servicio integral.<\/p>\n<\/div>\n<div class=\"space_30\"><\/div>\n<p><a class=\"boton_1\" href=\"https:\/\/www.servaigua.com\/es\/sistema-sifonico-siaqua\/#sifonico\">+ Info<\/a><\/p>\n<\/div>\n<p>[\/vc_column_text][vc_column_text]<\/p>\n<div class=\"icono_servicio\"><img decoding=\"async\" src=\"\/wp-content\/uploads\/2019\/11\/sifon.png\" alt=\"\" \/><\/div>\n<p>[\/vc_column_text][\/vc_column_inner][\/vc_row_inner][\/vc_column][vc_column width=\u00bb1\/3&#8243;][vc_row_inner row_type=\u00bbrow\u00bb type=\u00bbfull_width\u00bb text_align=\u00bbleft\u00bb css_animation=\u00bb\u00bb][vc_column_inner el_class=\u00bbcard_pagina_servicios\u00bb][vc_single_image image=\u00bb509&#8243; img_size=\u00bbfull\u00bb alignment=\u00bbcenter\u00bb onclick=\u00bbcustom_link\u00bb qode_css_animation=\u00bb\u00bb link=\u00bb#\u00bb][vc_column_text]<\/p>\n<div class=\"contenido_card_page_service\">\n<div class=\"bloque_texto\">\n<h3 class=\"titulo_sercicio_home\">Sistemas de protecci\u00f3n<br \/>\ncontra incendios<\/h3>\n<p class=\"small_2\">Somos especialistas en todo tipo de sistemas contra incendios y tambi\u00e9n de la instalaci\u00f3n y el mantenimiento de los equipos.<\/p>\n<\/div>\n<div class=\"space_30\"><\/div>\n<p><a class=\"boton_1\" href=\"https:\/\/www.servaigua.com\/es\/sistemas-de-proteccion-contra-incendios\/#incendios\">+ Info<\/a><\/p>\n<\/div>\n<p>[\/vc_column_text][vc_column_text]<\/p>\n<div class=\"icono_servicio\"><img decoding=\"async\" src=\"\/wp-content\/uploads\/2019\/11\/incendios.png\" alt=\"\" \/><\/div>\n<p>[\/vc_column_text][\/vc_column_inner][\/vc_row_inner][vc_empty_space height=\u00bbspace_80&#8243; el_class=\u00bbspace_80&#8243;][\/vc_column][\/vc_row][vc_row css_animation=\u00bb\u00bb row_type=\u00bbrow\u00bb use_row_as_full_screen_section=\u00bbno\u00bb type=\u00bbfull_width\u00bb angled_section=\u00bbno\u00bb text_align=\u00bbleft\u00bb background_image_as_pattern=\u00bbwithout_pattern\u00bb z_index=\u00bb\u00bb el_class=\u00bbcustom_container servicios\u00bb][vc_column width=\u00bb1\/3&#8243;][vc_row_inner row_type=\u00bbrow\u00bb type=\u00bbfull_width\u00bb text_align=\u00bbleft\u00bb css_animation=\u00bb\u00bb][vc_column_inner el_class=\u00bbcard_pagina_servicios\u00bb][vc_single_image image=\u00bb702&#8243; img_size=\u00bbfull\u00bb alignment=\u00bbcenter\u00bb onclick=\u00bbcustom_link\u00bb qode_css_animation=\u00bb\u00bb link=\u00bb#\u00bb][vc_column_text]<\/p>\n<div class=\"contenido_card_page_service\">\n<div class=\"bloque_texto\">\n<h3 class=\"titulo_sercicio_home\">Obra Civil<\/h3>\n<p class=\"small_2\">Somos especialistas en obra hidr\u00e1ulica. Nos encargamos de la proyecci\u00f3n, planificaci\u00f3n, direcci\u00f3n y ejecuci\u00f3n de obras de infraestructuras asociadas a la urbanizaci\u00f3n.<\/p>\n<\/div>\n<div class=\"space_30\"><\/div>\n<p><a class=\"boton_1\" href=\"https:\/\/www.servaigua.com\/es\/obra-civil\/#obracivil\">+ Info<\/a><\/p>\n<\/div>\n<p>[\/vc_column_text][vc_column_text]<\/p>\n<div class=\"icono_servicio\"><img decoding=\"async\" src=\"\/wp-content\/uploads\/2019\/11\/obra_.png\" alt=\"\" \/><\/div>\n<p>[\/vc_column_text][\/vc_column_inner][\/vc_row_inner][vc_empty_space height=\u00bbspace_80&#8243; el_class=\u00bbspace_80&#8243;][\/vc_column][vc_column width=\u00bb1\/3&#8243;][vc_row_inner row_type=\u00bbrow\u00bb type=\u00bbfull_width\u00bb text_align=\u00bbleft\u00bb css_animation=\u00bb\u00bb][vc_column_inner el_class=\u00bbcard_pagina_servicios\u00bb][vc_single_image image=\u00bb511&#8243; img_size=\u00bbfull\u00bb alignment=\u00bbcenter\u00bb onclick=\u00bbcustom_link\u00bb qode_css_animation=\u00bb\u00bb link=\u00bb#\u00bb][vc_column_text]<\/p>\n<div class=\"contenido_card_page_service\">\n<div class=\"bloque_texto\">\n<h3 class=\"titulo_sercicio_home\">Fontaner\u00eda<br \/>\nindustrial<\/h3>\n<p class=\"small_2\">Somos especialistas en instalaciones de fontaner\u00eda en edificios industriales, grandes superficies comerciales, oficinas etc.<\/p>\n<\/div>\n<div class=\"space_30\"><\/div>\n<p><a class=\"boton_1\" href=\"https:\/\/www.servaigua.com\/es\/fontaneria-industrial\/#industrial\">+ Info<\/a><\/p>\n<\/div>\n<p>[\/vc_column_text][vc_column_text]<\/p>\n<div class=\"icono_servicio\"><img decoding=\"async\" src=\"\/wp-content\/uploads\/2019\/11\/fontaneria_blanco.png\" alt=\"\" \/><\/div>\n<p>[\/vc_column_text][\/vc_column_inner][\/vc_row_inner][vc_empty_space height=\u00bbspace_80&#8243; el_class=\u00bbspace_80&#8243;][\/vc_column][vc_column width=\u00bb1\/3&#8243;][\/vc_column][\/vc_row][vc_row css_animation=\u00bb\u00bb row_type=\u00bbrow\u00bb use_row_as_full_screen_section=\u00bbno\u00bb type=\u00bbfull_width\u00bb angled_section=\u00bbno\u00bb text_align=\u00bbleft\u00bb background_image_as_pattern=\u00bbwithout_pattern\u00bb z_index=\u00bb\u00bb el_class=\u00bbcustom_container servicios\u00bb][vc_column width=\u00bb1\/3&#8243;][vc_empty_space height=\u00bbspace_50&#8243; el_class=\u00bbspace_50&#8243;][\/vc_column][vc_column width=\u00bb1\/3&#8243;][vc_empty_space height=\u00bbspace_80&#8243; el_class=\u00bbspace_80&#8243;][\/vc_column][vc_column width=\u00bb1\/3&#8243;][vc_empty_space height=\u00bbspace_50&#8243; el_class=\u00bbspace_50&#8243;][\/vc_column][\/vc_row][vc_row css_animation=\u00bb\u00bb row_type=\u00bbrow\u00bb use_row_as_full_screen_section=\u00bbno\u00bb type=\u00bbfull_width\u00bb angled_section=\u00bbno\u00bb text_align=\u00bbleft\u00bb background_image_as_pattern=\u00bbwithout_pattern\u00bb z_index=\u00bb\u00bb][vc_column][vc_empty_space height=\u00bbspace_100&#8243; el_class=\u00bbspace_100&#8243;][\/vc_column][\/vc_row][vc_row css_animation=\u00bb\u00bb row_type=\u00bbrow\u00bb use_row_as_full_screen_section=\u00bbno\u00bb type=\u00bbfull_width\u00bb angled_section=\u00bbno\u00bb text_align=\u00bbleft\u00bb background_image_as_pattern=\u00bbwithout_pattern\u00bb z_index=\u00bb\u00bb background_color=\u00bb#222d80&#8243;][vc_column][vc_empty_space height=\u00bbspace_100&#8243; el_class=\u00bbspace_100&#8243;][vc_column_text]<\/p>\n<h2 class=\" h1 cta_white\" style=\"text-align: center;\">Contacta con nosotros<\/h2>\n<p class=\"big white\" style=\"text-align: center;\">\u00bfEn qu\u00e9 podemos ayudarte?<\/p>\n<p>[\/vc_column_text][vc_empty_space height=\u00bbspace_50&#8243; el_class=\u00bbspace_50&#8243;][vc_column_text]<\/p>\n<p style=\"text-align: center;\"><a class=\"boton_3\" href=\"https:\/\/www.servaigua.com\/contacto\/\">Contactar<\/a><\/p>\n<p>[\/vc_column_text][vc_empty_space height=\u00bbspace_100&#8243; el_class=\u00bbspace_100&#8243;][\/vc_column][\/vc_row][vc_row css_animation=\u00bb\u00bb row_type=\u00bbrow\u00bb use_row_as_full_screen_section=\u00bbno\u00bb type=\u00bbfull_width\u00bb angled_section=\u00bbno\u00bb text_align=\u00bbleft\u00bb background_image_as_pattern=\u00bbwithout_pattern\u00bb][vc_column][vc_single_image image=\u00bb79&#8243; img_size=\u00bbfull\u00bb alignment=\u00bbcenter\u00bb qode_css_animation=\u00bb\u00bb][\/vc_column][\/vc_row]<\/p>\n<\/div>\n<\/div>","protected":false},"excerpt":{"rendered":"<p>[vc_row css_animation=\u00bb\u00bb row_type=\u00bbrow\u00bb use_row_as_full_screen_section=\u00bbno\u00bb type=\u00bbfull_width\u00bb angled_section=\u00bbno\u00bb text_align=\u00bbleft\u00bb background_image_as_pattern=\u00bbwithout_pattern\u00bb z_index=\u00bb\u00bb background_color=\u00bb#f3f3f7&#8243; css=\u00bb.vc_custom_1573551589126{background-image: url(https:\/\/www.servaigua.com\/wp-content\/uploads\/2019\/11\/agua.jpg?id=92) !important;}\u00bb][vc_column][vc_empty_space height=\u00bbspace_100&#8243; el_class=\u00bbspace_100&#8243;][vc_row_inner row_type=\u00bbrow\u00bb type=\u00bbgrid\u00bb text_align=\u00bbleft\u00bb css_animation=\u00bb\u00bb][vc_column_inner][vc_column_text] Servicios [\/vc_column_text][\/vc_column_inner][\/vc_row_inner][vc_empty_space height=\u00bbspace_100&#8243; el_class=\u00bbspace_100&#8243;][\/vc_column][\/vc_row][vc_row css_animation=\u00bb\u00bb row_type=\u00bbrow\u00bb use_row_as_full_screen_section=\u00bbno\u00bb type=\u00bbfull_width\u00bb angled_section=\u00bbno\u00bb text_align=\u00bbleft\u00bb background_image_as_pattern=\u00bbwithout_pattern\u00bb z_index=\u00bb\u00bb][vc_column][vc_empty_space height=\u00bbspace_100&#8243; el_class=\u00bbspace_100&#8243;][\/vc_column][\/vc_row][vc_row css_animation=\u00bb\u00bb row_type=\u00bbrow\u00bb use_row_as_full_screen_section=\u00bbno\u00bb type=\u00bbfull_width\u00bb angled_section=\u00bbno\u00bb text_align=\u00bbleft\u00bb background_image_as_pattern=\u00bbwithout_pattern\u00bb z_index=\u00bb\u00bb][vc_column][vc_column_text] Somos expertos en prevenci\u00f3n,<\/p>\n","protected":false},"author":1,"featured_media":0,"parent":0,"menu_order":0,"comment_status":"closed","ping_status":"closed","template":"full_width.php","meta":{"footnotes":""},"class_list":["post-95","page","type-page","status-publish","hentry"],"_links":{"self":[{"href":"https:\/\/www.servaigua.com\/es\/wp-json\/wp\/v2\/pages\/95","targetHints":{"allow":["GET"]}}],"collection":[{"href":"https:\/\/www.servaigua.com\/es\/wp-json\/wp\/v2\/pages"}],"about":[{"href":"https:\/\/www.servaigua.com\/es\/wp-json\/wp\/v2\/types\/page"}],"author":[{"embeddable":true,"href":"https:\/\/www.servaigua.com\/es\/wp-json\/wp\/v2\/users\/1"}],"replies":[{"embeddable":true,"href":"https:\/\/www.servaigua.com\/es\/wp-json\/wp\/v2\/comments?post=95"}],"version-history":[{"count":57,"href":"https:\/\/www.servaigua.com\/es\/wp-json\/wp\/v2\/pages\/95\/revisions"}],"predecessor-version":[{"id":1431,"href":"https:\/\/www.servaigua.com\/es\/wp-json\/wp\/v2\/pages\/95\/revisions\/1431"}],"wp:attachment":[{"href":"https:\/\/www.servaigua.com\/es\/wp-json\/wp\/v2\/media?parent=95"}],"curies":[{"name":"wp","href":"https:\/\/api.w.org\/{rel}","templated":true}]}}